{"id":18322,"date":"2023-09-08T18:18:49","date_gmt":"2023-09-08T16:18:49","guid":{"rendered":"https:\/\/podologiaeuskadi.com\/areas-de-actividad-de-la-podologia\/"},"modified":"2023-10-30T03:06:03","modified_gmt":"2023-10-30T01:06:03","slug":"areas-de-actividad-de-la-podologia","status":"publish","type":"page","link":"https:\/\/podologiaeuskadi.com\/eu\/areas-de-actividad-de-la-podologia\/","title":{"rendered":"Podologiaren jarduera-arloak"},"content":{"rendered":"<div class=\"wpb-content-wrapper\"><p>[vc_row][vc_column][vc_single_image image=&#8221;18146&#8243; img_size=&#8221;full&#8221; css_animation=&#8221;fadeInUp&#8221;][vc_column_text]<\/p>\n<h2>Podologoaren lanbide-eremua<\/h2>\n<h3>Podologiaren diziplinaren barruko jarduera-eremuak<\/h3>\n<p>Jarraian, podologiaren diziplinaren barruan jarduteko hainbat arlo aurkezten dira, definizio sinpleekin eta adibideekin batera:<\/p>\n<p>&nbsp;<\/p>\n<h4>Kiropodologia<\/h4>\n<p>Oinetako larruazaleko eta azazkaletako afekzioen tratamenduan eta prebentzioan fokatzen da.<br \/>\n<strong>Adibidez:<\/strong> Kailuak, gogortasunak, azazkal haragituak eta oinezko garatxoak tratatzea.<\/p>\n<h4>Ortopodologia<\/h4>\n<p>Alterazio biomekanikoak zuzentzeko eta oinaren funtzioa hobetzeko gailu ortopedikoak aztertzean eta diseinatzean oinarritzen da.<br \/>\n<strong>Adibidez:<\/strong> silikonazko barne-zolak pertsonalizatuak edo ortesiak zapalketa zuzentzeko eta minak arintzeko.<\/p>\n<h4>Biomekanika<\/h4>\n<p>Oinaren eta beheko gorputz-adarren mugimendua eta jarrera aztertzen ditu, arazo muskuloeskeletikoak prebenitzeko eta tratatzeko.<br \/>\n<strong>Adibidez:<\/strong> martxa aztertzea eta oinetako presioen banaketa aztertzea..<\/p>\n<h4>Kirurgia podologikoa<\/h4>\n<p>Oinetan esku-hartze kirurgikoak egiteaz arduratzen da, hala nola, deformazioak zuzentzea, tumoreak kentzea eta ehunak berreraikitzea.<br \/>\n<strong>Adibidez:<\/strong> bunions edo oinetako deformazioak tratatzeko ebakuntza.<\/p>\n<h4>Arrisku-oina<\/h4>\n<p>Oinetan konplikazioak garatzeko arrisku handiagoa duten gaixotasun kronikoak (diabetesa, adibidez) dituzten pazienteak zaintzea eta tratatzea du helburu.<br \/>\n<strong>Adibidez:<\/strong> diabetikoen ultzerak edo zauriak kontrolatzea eta saihestea.<\/p>\n<h4>Podologia pediatrikoa<\/h4>\n<p>Haurren oinetako afekzio espezifikoen diagnostikoan eta tratamenduan berezitzen da, hala nola oin laua, sortzetiko deformazioak eta garapenaren nahasmenduak.<br \/>\n<strong>Adibidez:<\/strong> oin laua zuzentzea haurretan.<\/p>\n<h4>Podologia geriatrikoa<\/h4>\n<p>Adineko pertsonen oinak zaintzen ditu, zahartzearekin lotutako berezitasunak eta arazoak kontuan hartuta, hala nola oin diabetikoa, larruazalaren hauskortasuna eta narriadura.<br \/>\n<strong>Adibidez:<\/strong> azazkalak zaintzea eta adinekoen infekzioak saihestea.<\/p>\n<h4>Kirol-podologia<\/h4>\n<p>Kirol-jarduerarekin lotutako lesioak eta arazoak saihesten, diagnostikatzen eta tratatzen ditu, errendimendua hobetzeko eta sendatzeko.<br \/>\n<strong>Adibidez:<\/strong> oinazpiko faszitisa tratatzea korrikalarietan.<\/p>\n<p>&nbsp;<\/p>\n<p>Podologian jarduteko eremu horiek oinekin lotutako arazoen eta premien aniztasuna islatzen dute, oinarrizko zainketatik tratamendu espezializatuagoetara eta konplexuagoetara. Horietako bakoitzak ezagutza eta trebetasun espezifikoak behar ditu pazienteei arreta integrala emateko.[\/vc_column_text][\/vc_column][\/vc_row]<\/p>\n<\/div>","protected":false},"excerpt":{"rendered":"<p>[vc_row][vc_column][vc_single_image image=&#8221;18146&#8243; img_size=&#8221;full&#8221; css_animation=&#8221;fadeInUp&#8221;][vc_column_text] Podologoaren lanbide-eremua Podologiaren diziplinaren barruko jarduera-eremuak Jarraian, podologiaren diziplinaren barruan jarduteko hainbat arlo aurkezten dira, definizio sinpleekin eta adibideekin batera: &nbsp; Kiropodologia Oinetako larruazaleko eta azazkaletako afekzioen tratamenduan eta prebentzioan fokatzen da. Adibidez: Kailuak, gogortasunak, azazkal haragituak eta oinezko garatxoak tratatzea. Ortopodologia Alterazio biomekanikoak zuzentzeko eta oinaren funtzioa hobetzeko gailu ortopedikoak&hellip;<\/p>\n","protected":false},"author":1,"featured_media":0,"parent":0,"menu_order":0,"comment_status":"closed","ping_status":"closed","template":"","meta":{"footnotes":""},"class_list":["post-18322","page","type-page","status-publish","hentry","description-off"],"yoast_head":"<!-- This site is optimized with the Yoast SEO plugin v27.4 - https:\/\/yoast.com\/product\/yoast-seo-wordpress\/ -->\n<title>Podologiaren jarduera-arloak - Colegio Oficial de Podolog\u00eda de Pa\u00eds Vasco<\/title>\n<meta name=\"robots\" content=\"index, follow, max-snippet:-1, max-image-preview:large, max-video-preview:-1\" \/>\n<link rel=\"canonical\" href=\"https:\/\/podologiaeuskadi.com\/eu\/areas-de-actividad-de-la-podologia\/\" \/>\n<meta property=\"og:locale\" content=\"eu_ES\" \/>\n<meta property=\"og:type\" content=\"article\" \/>\n<meta property=\"og:title\" content=\"Podologiaren jarduera-arloak - Colegio Oficial de Podolog\u00eda de Pa\u00eds Vasco\" \/>\n<meta property=\"og:description\" content=\"[vc_row][vc_column][vc_single_image image=&#8221;18146&#8243; img_size=&#8221;full&#8221; css_animation=&#8221;fadeInUp&#8221;][vc_column_text] Podologoaren lanbide-eremua Podologiaren diziplinaren barruko jarduera-eremuak Jarraian, podologiaren diziplinaren barruan jarduteko hainbat arlo aurkezten dira, definizio sinpleekin eta adibideekin batera: &nbsp; Kiropodologia Oinetako larruazaleko eta azazkaletako afekzioen tratamenduan eta prebentzioan fokatzen da. Adibidez: Kailuak, gogortasunak, azazkal haragituak eta oinezko garatxoak tratatzea. Ortopodologia Alterazio biomekanikoak zuzentzeko eta oinaren funtzioa hobetzeko gailu ortopedikoak&hellip;\" \/>\n<meta property=\"og:url\" content=\"https:\/\/podologiaeuskadi.com\/eu\/areas-de-actividad-de-la-podologia\/\" \/>\n<meta property=\"og:site_name\" content=\"Colegio Oficial de Podolog\u00eda de Pa\u00eds Vasco\" \/>\n<meta property=\"article:publisher\" content=\"https:\/\/www.facebook.com\/ColegioPodologosEuskadi\/\" \/>\n<meta property=\"article:modified_time\" content=\"2023-10-30T01:06:03+00:00\" \/>\n<meta name=\"twitter:card\" content=\"summary_large_image\" \/>\n<meta name=\"twitter:site\" content=\"@CPodologos\" \/>\n<meta name=\"twitter:label1\" content=\"Est. reading time\" \/>\n\t<meta name=\"twitter:data1\" content=\"1 minute\" \/>\n<script type=\"application\/ld+json\" class=\"yoast-schema-graph\">{\"@context\":\"https:\\\/\\\/schema.org\",\"@graph\":[{\"@type\":\"WebPage\",\"@id\":\"https:\\\/\\\/podologiaeuskadi.com\\\/eu\\\/areas-de-actividad-de-la-podologia\\\/\",\"url\":\"https:\\\/\\\/podologiaeuskadi.com\\\/eu\\\/areas-de-actividad-de-la-podologia\\\/\",\"name\":\"Podologiaren jarduera-arloak - Colegio Oficial de Podolog\u00eda de Pa\u00eds Vasco\",\"isPartOf\":{\"@id\":\"https:\\\/\\\/podologiaeuskadi.com\\\/#website\"},\"datePublished\":\"2023-09-08T16:18:49+00:00\",\"dateModified\":\"2023-10-30T01:06:03+00:00\",\"breadcrumb\":{\"@id\":\"https:\\\/\\\/podologiaeuskadi.com\\\/eu\\\/areas-de-actividad-de-la-podologia\\\/#breadcrumb\"},\"inLanguage\":\"eu-ES\",\"potentialAction\":[{\"@type\":\"ReadAction\",\"target\":[\"https:\\\/\\\/podologiaeuskadi.com\\\/eu\\\/areas-de-actividad-de-la-podologia\\\/\"]}]},{\"@type\":\"BreadcrumbList\",\"@id\":\"https:\\\/\\\/podologiaeuskadi.com\\\/eu\\\/areas-de-actividad-de-la-podologia\\\/#breadcrumb\",\"itemListElement\":[{\"@type\":\"ListItem\",\"position\":1,\"name\":\"Portada\",\"item\":\"https:\\\/\\\/podologiaeuskadi.com\\\/eu\\\/\"},{\"@type\":\"ListItem\",\"position\":2,\"name\":\"Podologiaren jarduera-arloak\"}]},{\"@type\":\"WebSite\",\"@id\":\"https:\\\/\\\/podologiaeuskadi.com\\\/#website\",\"url\":\"https:\\\/\\\/podologiaeuskadi.com\\\/\",\"name\":\"Colegio Oficial de Pod\u00f3logos del Pa\u00eds Vasco\",\"description\":\"Colegio Oficial de Podolog\u00eda de Pa\u00eds Vasco\",\"publisher\":{\"@id\":\"https:\\\/\\\/podologiaeuskadi.com\\\/#organization\"},\"potentialAction\":[{\"@type\":\"SearchAction\",\"target\":{\"@type\":\"EntryPoint\",\"urlTemplate\":\"https:\\\/\\\/podologiaeuskadi.com\\\/?s={search_term_string}\"},\"query-input\":{\"@type\":\"PropertyValueSpecification\",\"valueRequired\":true,\"valueName\":\"search_term_string\"}}],\"inLanguage\":\"eu-ES\"},{\"@type\":\"Organization\",\"@id\":\"https:\\\/\\\/podologiaeuskadi.com\\\/#organization\",\"name\":\"Colegio Oficial de Pod\u00f3logos del Pa\u00eds Vasco\",\"url\":\"https:\\\/\\\/podologiaeuskadi.com\\\/\",\"logo\":{\"@type\":\"ImageObject\",\"inLanguage\":\"eu-ES\",\"@id\":\"https:\\\/\\\/podologiaeuskadi.com\\\/#\\\/schema\\\/logo\\\/image\\\/\",\"url\":\"https:\\\/\\\/podologiaeuskadi.com\\\/wp-content\\\/uploads\\\/2024\\\/04\\\/240423-col-podologos-2.jpg\",\"contentUrl\":\"https:\\\/\\\/podologiaeuskadi.com\\\/wp-content\\\/uploads\\\/2024\\\/04\\\/240423-col-podologos-2.jpg\",\"width\":1660,\"height\":822,\"caption\":\"Colegio Oficial de Pod\u00f3logos del Pa\u00eds Vasco\"},\"image\":{\"@id\":\"https:\\\/\\\/podologiaeuskadi.com\\\/#\\\/schema\\\/logo\\\/image\\\/\"},\"sameAs\":[\"https:\\\/\\\/www.facebook.com\\\/ColegioPodologosEuskadi\\\/\",\"https:\\\/\\\/x.com\\\/CPodologos\",\"https:\\\/\\\/www.youtube.com\\\/@colegiopodologosdelpaisvas9357\"]}]}<\/script>\n<!-- \/ Yoast SEO plugin. -->","yoast_head_json":{"title":"Podologiaren jarduera-arloak - Colegio Oficial de Podolog\u00eda de Pa\u00eds Vasco","robots":{"index":"index","follow":"follow","max-snippet":"max-snippet:-1","max-image-preview":"max-image-preview:large","max-video-preview":"max-video-preview:-1"},"canonical":"https:\/\/podologiaeuskadi.com\/eu\/areas-de-actividad-de-la-podologia\/","og_locale":"eu_ES","og_type":"article","og_title":"Podologiaren jarduera-arloak - Colegio Oficial de Podolog\u00eda de Pa\u00eds Vasco","og_description":"[vc_row][vc_column][vc_single_image image=&#8221;18146&#8243; img_size=&#8221;full&#8221; css_animation=&#8221;fadeInUp&#8221;][vc_column_text] Podologoaren lanbide-eremua Podologiaren diziplinaren barruko jarduera-eremuak Jarraian, podologiaren diziplinaren barruan jarduteko hainbat arlo aurkezten dira, definizio sinpleekin eta adibideekin batera: &nbsp; Kiropodologia Oinetako larruazaleko eta azazkaletako afekzioen tratamenduan eta prebentzioan fokatzen da. Adibidez: Kailuak, gogortasunak, azazkal haragituak eta oinezko garatxoak tratatzea. Ortopodologia Alterazio biomekanikoak zuzentzeko eta oinaren funtzioa hobetzeko gailu ortopedikoak&hellip;","og_url":"https:\/\/podologiaeuskadi.com\/eu\/areas-de-actividad-de-la-podologia\/","og_site_name":"Colegio Oficial de Podolog\u00eda de Pa\u00eds Vasco","article_publisher":"https:\/\/www.facebook.com\/ColegioPodologosEuskadi\/","article_modified_time":"2023-10-30T01:06:03+00:00","twitter_card":"summary_large_image","twitter_site":"@CPodologos","twitter_misc":{"Est. reading time":"1 minute"},"schema":{"@context":"https:\/\/schema.org","@graph":[{"@type":"WebPage","@id":"https:\/\/podologiaeuskadi.com\/eu\/areas-de-actividad-de-la-podologia\/","url":"https:\/\/podologiaeuskadi.com\/eu\/areas-de-actividad-de-la-podologia\/","name":"Podologiaren jarduera-arloak - Colegio Oficial de Podolog\u00eda de Pa\u00eds Vasco","isPartOf":{"@id":"https:\/\/podologiaeuskadi.com\/#website"},"datePublished":"2023-09-08T16:18:49+00:00","dateModified":"2023-10-30T01:06:03+00:00","breadcrumb":{"@id":"https:\/\/podologiaeuskadi.com\/eu\/areas-de-actividad-de-la-podologia\/#breadcrumb"},"inLanguage":"eu-ES","potentialAction":[{"@type":"ReadAction","target":["https:\/\/podologiaeuskadi.com\/eu\/areas-de-actividad-de-la-podologia\/"]}]},{"@type":"BreadcrumbList","@id":"https:\/\/podologiaeuskadi.com\/eu\/areas-de-actividad-de-la-podologia\/#breadcrumb","itemListElement":[{"@type":"ListItem","position":1,"name":"Portada","item":"https:\/\/podologiaeuskadi.com\/eu\/"},{"@type":"ListItem","position":2,"name":"Podologiaren jarduera-arloak"}]},{"@type":"WebSite","@id":"https:\/\/podologiaeuskadi.com\/#website","url":"https:\/\/podologiaeuskadi.com\/","name":"Colegio Oficial de Pod\u00f3logos del Pa\u00eds Vasco","description":"Colegio Oficial de Podolog\u00eda de Pa\u00eds Vasco","publisher":{"@id":"https:\/\/podologiaeuskadi.com\/#organization"},"potentialAction":[{"@type":"SearchAction","target":{"@type":"EntryPoint","urlTemplate":"https:\/\/podologiaeuskadi.com\/?s={search_term_string}"},"query-input":{"@type":"PropertyValueSpecification","valueRequired":true,"valueName":"search_term_string"}}],"inLanguage":"eu-ES"},{"@type":"Organization","@id":"https:\/\/podologiaeuskadi.com\/#organization","name":"Colegio Oficial de Pod\u00f3logos del Pa\u00eds Vasco","url":"https:\/\/podologiaeuskadi.com\/","logo":{"@type":"ImageObject","inLanguage":"eu-ES","@id":"https:\/\/podologiaeuskadi.com\/#\/schema\/logo\/image\/","url":"https:\/\/podologiaeuskadi.com\/wp-content\/uploads\/2024\/04\/240423-col-podologos-2.jpg","contentUrl":"https:\/\/podologiaeuskadi.com\/wp-content\/uploads\/2024\/04\/240423-col-podologos-2.jpg","width":1660,"height":822,"caption":"Colegio Oficial de Pod\u00f3logos del Pa\u00eds Vasco"},"image":{"@id":"https:\/\/podologiaeuskadi.com\/#\/schema\/logo\/image\/"},"sameAs":["https:\/\/www.facebook.com\/ColegioPodologosEuskadi\/","https:\/\/x.com\/CPodologos","https:\/\/www.youtube.com\/@colegiopodologosdelpaisvas9357"]}]}},"_links":{"self":[{"href":"https:\/\/podologiaeuskadi.com\/eu\/wp-json\/wp\/v2\/pages\/18322","targetHints":{"allow":["GET"]}}],"collection":[{"href":"https:\/\/podologiaeuskadi.com\/eu\/wp-json\/wp\/v2\/pages"}],"about":[{"href":"https:\/\/podologiaeuskadi.com\/eu\/wp-json\/wp\/v2\/types\/page"}],"author":[{"embeddable":true,"href":"https:\/\/podologiaeuskadi.com\/eu\/wp-json\/wp\/v2\/users\/1"}],"replies":[{"embeddable":true,"href":"https:\/\/podologiaeuskadi.com\/eu\/wp-json\/wp\/v2\/comments?post=18322"}],"version-history":[{"count":5,"href":"https:\/\/podologiaeuskadi.com\/eu\/wp-json\/wp\/v2\/pages\/18322\/revisions"}],"predecessor-version":[{"id":18559,"href":"https:\/\/podologiaeuskadi.com\/eu\/wp-json\/wp\/v2\/pages\/18322\/revisions\/18559"}],"wp:attachment":[{"href":"https:\/\/podologiaeuskadi.com\/eu\/wp-json\/wp\/v2\/media?parent=18322"}],"curies":[{"name":"wp","href":"https:\/\/api.w.org\/{rel}","templated":true}]}}