{"id":18338,"date":"2023-09-08T18:21:49","date_gmt":"2023-09-08T16:21:49","guid":{"rendered":"https:\/\/podologiaeuskadi.com\/colegiacion\/"},"modified":"2024-10-25T12:10:31","modified_gmt":"2024-10-25T10:10:31","slug":"colegiacion","status":"publish","type":"page","link":"https:\/\/podologiaeuskadi.com\/eu\/colegiacion\/","title":{"rendered":"Elargokide egitea"},"content":{"rendered":"<div class=\"wpb-content-wrapper\"><p>[vc_row][vc_column][vc_single_image image=&#8221;18173&#8243; img_size=&#8221;full&#8221;][\/vc_column][\/vc_row][vc_row][vc_column][vc_custom_heading text=&#8221;Elargokide egitea&#8221; use_theme_fonts=&#8221;yes&#8221;][vc_column_text]<\/p>\n<h4>Deskargatu pdf formatuan beharrezko dokumentazioa<\/h4>\n<p>\u2022 <a href=\"https:\/\/podologiaeuskadi.com\/wp-content\/uploads\/2024\/10\/Documentacion-Requerida.pdf\" target=\"_blank\" rel=\"noopener\">Eskatutako dokumentazioa<\/a><br \/>\n\u2022 <a href=\"https:\/\/podologiaeuskadi.com\/wp-content\/uploads\/2024\/09\/1.-Solicitud-de-ALTA-ok.pdf\" target=\"_blank\" rel=\"noopener\">Elkargoaren alta eskatzeko inprimakia<\/a><br \/>\n\u2022 <a href=\"https:\/\/podologiaeuskadi.com\/wp-content\/uploads\/2024\/09\/3.-Formulario-Recogida-Datos-AS-1.pdf\" target=\"_blank\" rel=\"noopener\">Datuen bilketaren inprimakia<\/a><br \/>\n\u2022 <a href=\"https:\/\/podologiaeuskadi.com\/wp-content\/uploads\/2024\/10\/4.-Consentimiento-Colegiad@s.pdf\" target=\"_blank\" rel=\"noopener\">Datuen babeserako baimenen inprimakia<\/a><br \/>\n\u2022 <a href=\"https:\/\/podologiaeuskadi.com\/wp-content\/uploads\/2024\/10\/2.-Autorizacion-Certif-Via-e-mail.pdf\" target=\"_blank\" rel=\"noopener\">Ziurtagiriak bide telematikoz bidaltzeko baimenaren inprimakia<\/a><br \/>\n\u2022 <a href=\"https:\/\/podologiaeuskadi.com\/wp-content\/uploads\/2024\/09\/5.-SEPA-COPPV-EPE.pdf\" target=\"_blank\" rel=\"noopener\">SEPA Imprimakia<\/a><\/p>\n<p><strong>Informazioa deskargatu eta bete ondoren, jar zaitez harremanetan idazkaritzarekin, informazioa bidaltzeko eta EPEko kide egiteko.<\/strong><\/p>\n<h4>Colegio Oficial de Podolog\u00eda del Pa\u00eds Vasco<br \/>\nEuskadiko Podologiako Elkargo Ofiziala<\/h4>\n<p>Plaza Biribila 4, 3, 7. saila<br \/>\n48001 Bilbo (Bizkaia)<br \/>\nTel.: 944 257 869 \/ 626 70 53 67<\/p>\n<p><strong>Idazkaritza:<\/strong> astelehenetik ostiralera, 09: 00etatik 15: 00etara[\/vc_column_text][\/vc_column][\/vc_row]<\/p>\n<\/div>","protected":false},"excerpt":{"rendered":"<p>[vc_row][vc_column][vc_single_image image=&#8221;18173&#8243; img_size=&#8221;full&#8221;][\/vc_column][\/vc_row][vc_row][vc_column][vc_custom_heading text=&#8221;Elargokide egitea&#8221; use_theme_fonts=&#8221;yes&#8221;][vc_column_text] Deskargatu pdf formatuan beharrezko dokumentazioa \u2022 Eskatutako dokumentazioa \u2022 Elkargoaren alta eskatzeko inprimakia \u2022 Datuen bilketaren inprimakia \u2022 Datuen babeserako baimenen inprimakia \u2022 Ziurtagiriak bide telematikoz bidaltzeko baimenaren inprimakia \u2022 SEPA Imprimakia Informazioa deskargatu eta bete ondoren, jar zaitez harremanetan idazkaritzarekin, informazioa bidaltzeko eta EPEko kide egiteko. Colegio Oficial&hellip;<\/p>\n","protected":false},"author":1,"featured_media":0,"parent":0,"menu_order":0,"comment_status":"closed","ping_status":"closed","template":"","meta":{"footnotes":""},"class_list":["post-18338","page","type-page","status-publish","hentry","description-off"],"yoast_head":"<!-- This site is optimized with the Yoast SEO plugin v27.4 - https:\/\/yoast.com\/product\/yoast-seo-wordpress\/ -->\n<title>Elargokide egitea - Colegio Oficial de Podolog\u00eda de Pa\u00eds Vasco<\/title>\n<meta name=\"robots\" content=\"index, follow, max-snippet:-1, max-image-preview:large, max-video-preview:-1\" \/>\n<link rel=\"canonical\" href=\"https:\/\/podologiaeuskadi.com\/eu\/colegiacion\/\" \/>\n<meta property=\"og:locale\" content=\"eu_ES\" \/>\n<meta property=\"og:type\" content=\"article\" \/>\n<meta property=\"og:title\" content=\"Elargokide egitea - Colegio Oficial de Podolog\u00eda de Pa\u00eds Vasco\" \/>\n<meta property=\"og:description\" content=\"[vc_row][vc_column][vc_single_image image=&#8221;18173&#8243; img_size=&#8221;full&#8221;][\/vc_column][\/vc_row][vc_row][vc_column][vc_custom_heading text=&#8221;Elargokide egitea&#8221; use_theme_fonts=&#8221;yes&#8221;][vc_column_text] Deskargatu pdf formatuan beharrezko dokumentazioa \u2022 Eskatutako dokumentazioa \u2022 Elkargoaren alta eskatzeko inprimakia \u2022 Datuen bilketaren inprimakia \u2022 Datuen babeserako baimenen inprimakia \u2022 Ziurtagiriak bide telematikoz bidaltzeko baimenaren inprimakia \u2022 SEPA Imprimakia Informazioa deskargatu eta bete ondoren, jar zaitez harremanetan idazkaritzarekin, informazioa bidaltzeko eta EPEko kide egiteko. Colegio Oficial&hellip;\" \/>\n<meta property=\"og:url\" content=\"https:\/\/podologiaeuskadi.com\/eu\/colegiacion\/\" \/>\n<meta property=\"og:site_name\" content=\"Colegio Oficial de Podolog\u00eda de Pa\u00eds Vasco\" \/>\n<meta property=\"article:publisher\" content=\"https:\/\/www.facebook.com\/ColegioPodologosEuskadi\/\" \/>\n<meta property=\"article:modified_time\" content=\"2024-10-25T10:10:31+00:00\" \/>\n<meta name=\"twitter:card\" content=\"summary_large_image\" \/>\n<meta name=\"twitter:site\" content=\"@CPodologos\" \/>\n<meta name=\"twitter:label1\" content=\"Est. reading time\" \/>\n\t<meta name=\"twitter:data1\" content=\"1 minute\" \/>\n<script type=\"application\/ld+json\" class=\"yoast-schema-graph\">{\"@context\":\"https:\\\/\\\/schema.org\",\"@graph\":[{\"@type\":\"WebPage\",\"@id\":\"https:\\\/\\\/podologiaeuskadi.com\\\/eu\\\/colegiacion\\\/\",\"url\":\"https:\\\/\\\/podologiaeuskadi.com\\\/eu\\\/colegiacion\\\/\",\"name\":\"Elargokide egitea - Colegio Oficial de Podolog\u00eda de Pa\u00eds Vasco\",\"isPartOf\":{\"@id\":\"https:\\\/\\\/podologiaeuskadi.com\\\/#website\"},\"datePublished\":\"2023-09-08T16:21:49+00:00\",\"dateModified\":\"2024-10-25T10:10:31+00:00\",\"breadcrumb\":{\"@id\":\"https:\\\/\\\/podologiaeuskadi.com\\\/eu\\\/colegiacion\\\/#breadcrumb\"},\"inLanguage\":\"eu-ES\",\"potentialAction\":[{\"@type\":\"ReadAction\",\"target\":[\"https:\\\/\\\/podologiaeuskadi.com\\\/eu\\\/colegiacion\\\/\"]}]},{\"@type\":\"BreadcrumbList\",\"@id\":\"https:\\\/\\\/podologiaeuskadi.com\\\/eu\\\/colegiacion\\\/#breadcrumb\",\"itemListElement\":[{\"@type\":\"ListItem\",\"position\":1,\"name\":\"Portada\",\"item\":\"https:\\\/\\\/podologiaeuskadi.com\\\/eu\\\/\"},{\"@type\":\"ListItem\",\"position\":2,\"name\":\"Elargokide egitea\"}]},{\"@type\":\"WebSite\",\"@id\":\"https:\\\/\\\/podologiaeuskadi.com\\\/#website\",\"url\":\"https:\\\/\\\/podologiaeuskadi.com\\\/\",\"name\":\"Colegio Oficial de Pod\u00f3logos del Pa\u00eds Vasco\",\"description\":\"Colegio Oficial de Podolog\u00eda de Pa\u00eds Vasco\",\"publisher\":{\"@id\":\"https:\\\/\\\/podologiaeuskadi.com\\\/#organization\"},\"potentialAction\":[{\"@type\":\"SearchAction\",\"target\":{\"@type\":\"EntryPoint\",\"urlTemplate\":\"https:\\\/\\\/podologiaeuskadi.com\\\/?s={search_term_string}\"},\"query-input\":{\"@type\":\"PropertyValueSpecification\",\"valueRequired\":true,\"valueName\":\"search_term_string\"}}],\"inLanguage\":\"eu-ES\"},{\"@type\":\"Organization\",\"@id\":\"https:\\\/\\\/podologiaeuskadi.com\\\/#organization\",\"name\":\"Colegio Oficial de Pod\u00f3logos del Pa\u00eds Vasco\",\"url\":\"https:\\\/\\\/podologiaeuskadi.com\\\/\",\"logo\":{\"@type\":\"ImageObject\",\"inLanguage\":\"eu-ES\",\"@id\":\"https:\\\/\\\/podologiaeuskadi.com\\\/#\\\/schema\\\/logo\\\/image\\\/\",\"url\":\"https:\\\/\\\/podologiaeuskadi.com\\\/wp-content\\\/uploads\\\/2024\\\/04\\\/240423-col-podologos-2.jpg\",\"contentUrl\":\"https:\\\/\\\/podologiaeuskadi.com\\\/wp-content\\\/uploads\\\/2024\\\/04\\\/240423-col-podologos-2.jpg\",\"width\":1660,\"height\":822,\"caption\":\"Colegio Oficial de Pod\u00f3logos del Pa\u00eds Vasco\"},\"image\":{\"@id\":\"https:\\\/\\\/podologiaeuskadi.com\\\/#\\\/schema\\\/logo\\\/image\\\/\"},\"sameAs\":[\"https:\\\/\\\/www.facebook.com\\\/ColegioPodologosEuskadi\\\/\",\"https:\\\/\\\/x.com\\\/CPodologos\",\"https:\\\/\\\/www.youtube.com\\\/@colegiopodologosdelpaisvas9357\"]}]}<\/script>\n<!-- \/ Yoast SEO plugin. -->","yoast_head_json":{"title":"Elargokide egitea - Colegio Oficial de Podolog\u00eda de Pa\u00eds Vasco","robots":{"index":"index","follow":"follow","max-snippet":"max-snippet:-1","max-image-preview":"max-image-preview:large","max-video-preview":"max-video-preview:-1"},"canonical":"https:\/\/podologiaeuskadi.com\/eu\/colegiacion\/","og_locale":"eu_ES","og_type":"article","og_title":"Elargokide egitea - Colegio Oficial de Podolog\u00eda de Pa\u00eds Vasco","og_description":"[vc_row][vc_column][vc_single_image image=&#8221;18173&#8243; img_size=&#8221;full&#8221;][\/vc_column][\/vc_row][vc_row][vc_column][vc_custom_heading text=&#8221;Elargokide egitea&#8221; use_theme_fonts=&#8221;yes&#8221;][vc_column_text] Deskargatu pdf formatuan beharrezko dokumentazioa \u2022 Eskatutako dokumentazioa \u2022 Elkargoaren alta eskatzeko inprimakia \u2022 Datuen bilketaren inprimakia \u2022 Datuen babeserako baimenen inprimakia \u2022 Ziurtagiriak bide telematikoz bidaltzeko baimenaren inprimakia \u2022 SEPA Imprimakia Informazioa deskargatu eta bete ondoren, jar zaitez harremanetan idazkaritzarekin, informazioa bidaltzeko eta EPEko kide egiteko. Colegio Oficial&hellip;","og_url":"https:\/\/podologiaeuskadi.com\/eu\/colegiacion\/","og_site_name":"Colegio Oficial de Podolog\u00eda de Pa\u00eds Vasco","article_publisher":"https:\/\/www.facebook.com\/ColegioPodologosEuskadi\/","article_modified_time":"2024-10-25T10:10:31+00:00","twitter_card":"summary_large_image","twitter_site":"@CPodologos","twitter_misc":{"Est. reading time":"1 minute"},"schema":{"@context":"https:\/\/schema.org","@graph":[{"@type":"WebPage","@id":"https:\/\/podologiaeuskadi.com\/eu\/colegiacion\/","url":"https:\/\/podologiaeuskadi.com\/eu\/colegiacion\/","name":"Elargokide egitea - Colegio Oficial de Podolog\u00eda de Pa\u00eds Vasco","isPartOf":{"@id":"https:\/\/podologiaeuskadi.com\/#website"},"datePublished":"2023-09-08T16:21:49+00:00","dateModified":"2024-10-25T10:10:31+00:00","breadcrumb":{"@id":"https:\/\/podologiaeuskadi.com\/eu\/colegiacion\/#breadcrumb"},"inLanguage":"eu-ES","potentialAction":[{"@type":"ReadAction","target":["https:\/\/podologiaeuskadi.com\/eu\/colegiacion\/"]}]},{"@type":"BreadcrumbList","@id":"https:\/\/podologiaeuskadi.com\/eu\/colegiacion\/#breadcrumb","itemListElement":[{"@type":"ListItem","position":1,"name":"Portada","item":"https:\/\/podologiaeuskadi.com\/eu\/"},{"@type":"ListItem","position":2,"name":"Elargokide egitea"}]},{"@type":"WebSite","@id":"https:\/\/podologiaeuskadi.com\/#website","url":"https:\/\/podologiaeuskadi.com\/","name":"Colegio Oficial de Pod\u00f3logos del Pa\u00eds Vasco","description":"Colegio Oficial de Podolog\u00eda de Pa\u00eds Vasco","publisher":{"@id":"https:\/\/podologiaeuskadi.com\/#organization"},"potentialAction":[{"@type":"SearchAction","target":{"@type":"EntryPoint","urlTemplate":"https:\/\/podologiaeuskadi.com\/?s={search_term_string}"},"query-input":{"@type":"PropertyValueSpecification","valueRequired":true,"valueName":"search_term_string"}}],"inLanguage":"eu-ES"},{"@type":"Organization","@id":"https:\/\/podologiaeuskadi.com\/#organization","name":"Colegio Oficial de Pod\u00f3logos del Pa\u00eds Vasco","url":"https:\/\/podologiaeuskadi.com\/","logo":{"@type":"ImageObject","inLanguage":"eu-ES","@id":"https:\/\/podologiaeuskadi.com\/#\/schema\/logo\/image\/","url":"https:\/\/podologiaeuskadi.com\/wp-content\/uploads\/2024\/04\/240423-col-podologos-2.jpg","contentUrl":"https:\/\/podologiaeuskadi.com\/wp-content\/uploads\/2024\/04\/240423-col-podologos-2.jpg","width":1660,"height":822,"caption":"Colegio Oficial de Pod\u00f3logos del Pa\u00eds Vasco"},"image":{"@id":"https:\/\/podologiaeuskadi.com\/#\/schema\/logo\/image\/"},"sameAs":["https:\/\/www.facebook.com\/ColegioPodologosEuskadi\/","https:\/\/x.com\/CPodologos","https:\/\/www.youtube.com\/@colegiopodologosdelpaisvas9357"]}]}},"_links":{"self":[{"href":"https:\/\/podologiaeuskadi.com\/eu\/wp-json\/wp\/v2\/pages\/18338","targetHints":{"allow":["GET"]}}],"collection":[{"href":"https:\/\/podologiaeuskadi.com\/eu\/wp-json\/wp\/v2\/pages"}],"about":[{"href":"https:\/\/podologiaeuskadi.com\/eu\/wp-json\/wp\/v2\/types\/page"}],"author":[{"embeddable":true,"href":"https:\/\/podologiaeuskadi.com\/eu\/wp-json\/wp\/v2\/users\/1"}],"replies":[{"embeddable":true,"href":"https:\/\/podologiaeuskadi.com\/eu\/wp-json\/wp\/v2\/comments?post=18338"}],"version-history":[{"count":5,"href":"https:\/\/podologiaeuskadi.com\/eu\/wp-json\/wp\/v2\/pages\/18338\/revisions"}],"predecessor-version":[{"id":21113,"href":"https:\/\/podologiaeuskadi.com\/eu\/wp-json\/wp\/v2\/pages\/18338\/revisions\/21113"}],"wp:attachment":[{"href":"https:\/\/podologiaeuskadi.com\/eu\/wp-json\/wp\/v2\/media?parent=18338"}],"curies":[{"name":"wp","href":"https:\/\/api.w.org\/{rel}","templated":true}]}}