{"id":18340,"date":"2023-09-08T18:22:01","date_gmt":"2023-09-08T16:22:01","guid":{"rendered":"https:\/\/podologiaeuskadi.com\/colegios-profesionales\/"},"modified":"2024-05-06T14:43:44","modified_gmt":"2024-05-06T12:43:44","slug":"colegios-profesionales","status":"publish","type":"page","link":"https:\/\/podologiaeuskadi.com\/eu\/colegios-profesionales\/","title":{"rendered":"Elkargo Profesionalak"},"content":{"rendered":"<div class=\"wpb-content-wrapper\"><p>[vc_row][vc_column][vc_single_image image=&#8221;18152&#8243; img_size=&#8221;full&#8221; css_animation=&#8221;fadeInUp&#8221;][vc_column_text]<\/p>\n<h4>PODOLOGOEN ELKARGO OFIZIALEN KONTSEILU NAGUSIA<\/h4>\n<p>Juli\u00e1n Camarillo 47. C Blokea, Bulego 203. 28037 Madril<br \/>\nTel. 91 531 50 44 \u2013 Fax: 91 523 31 49<br \/>\n<a href=\"mailto:administracion@cgcop.es\" target=\"_blank\" rel=\"noopener\">administracion@cgcop.es<\/a> &#8211; <a href=\"https:\/\/cgcop.es\/\" target=\"_blank\" rel=\"noopener\">https:\/\/cgcop.es\/<\/a><\/p>\n<h4>ANDALUZIAKO PODOLOGOEN ELKARGO OFIZIALA<\/h4>\n<p>Albuera, 15 \u2013 nagusia. 41001 Sevilla<br \/>\nTel. 954 226 123<br \/>\n<a href=\"mailto:informacion@copoan.es\" target=\"_blank\" rel=\"noopener\">informacion@copoan.es<\/a> &#8211; <a href=\"https:\/\/copoan.es\/web\/\" target=\"_blank\" rel=\"noopener\">https:\/\/copoan.es\/web\/<\/a><\/p>\n<h4>ARAGOIKO PODOLOGOEN ELKARGO OFIZIALA<\/h4>\n<p>Corso kalea, 35. Puerta Cinegia negozio-zentroa, 2. solairua-18 bulegoa.<br \/>\n50003 Zaragoza<br \/>\nTel y Fax: 976 320 201<br \/>\n<a href=\"mailto:info@podologosaragon.es\" target=\"_blank\" rel=\"noopener\">info@podologosaragon.es<\/a> &#8211; <a href=\"https:\/\/podologosaragon.es\/\" target=\"_blank\" rel=\"noopener\">https:\/\/podologosaragon.es\/<\/a><\/p>\n<h4>ASTURIASKO PODOLOGOEN ELKARGO PROFESIONALA<\/h4>\n<p>Caveda, 21-1. 33002 Oviedo<br \/>\nTel. 985 229 892 \u2013 Fax: 984 051 292<br \/>\n<a href=\"mailto:info@podologosasturias.com\" target=\"_blank\" rel=\"noopener\">info@podologosasturias.com<\/a> &#8211; <a href=\"https:\/\/www.podologosasturias.com\/\" target=\"_blank\" rel=\"noopener\">https:\/\/www.podologosasturias.com\/<\/a><\/p>\n<h4>BALEAR UHARTEETAKO PODOLOGOEN ELKARGO OFIZIALA<\/h4>\n<p>Guillem Galm\u00e9s, 50 \u2013 Beheak. 07004 Palma Mallorcakoa<br \/>\nTel. 971 198 211 \u2013 Fax: 971 295 161<br \/>\n<a href=\"mailto:copoib2@gmail.com\" target=\"_blank\" rel=\"noopener\">copoib2@gmail.com<\/a> &#8211; <a href=\"https:\/\/www.copoib.com\/\" target=\"_blank\" rel=\"noopener\">https:\/\/www.copoib.com\/<\/a><\/p>\n<h4>KANARIETAKO PODOLOGOEN ELKARGO OFIZIALA<\/h4>\n<p>Perez Zamora, 9, 1.solairua, 2. lokala. 38400 Gurutzeko Portua &#8211; Tenerife<br \/>\nTel.: 922 376 046<br \/>\n<a href=\"mailto:info@copoca.org\" target=\"_blank\" rel=\"noopener\">info@copoca.org<\/a> &#8211; <a href=\"http:\/\/www.podologosdecanarias.com\/\" target=\"_blank\" rel=\"noopener\">http:\/\/www.podologosdecanarias.com\/<\/a><\/p>\n<h4>KANTABRIAKO PODOLOGOEN ELKARGO OFIZIALA<\/h4>\n<p>Francisco de Quevedo, 2- nagusia. C. 39001 Santander<br \/>\nTel.: 942 311 267<br \/>\n<a href=\"mailto:cop@colegiopodologoscantabria.com\" target=\"_blank\" rel=\"noopener\">cop@colegiopodologoscantabria.com<\/a> &#8211; <a href=\"https:\/\/colegiopodologoscantabria.com\/\" target=\"_blank\" rel=\"noopener\">https:\/\/colegiopodologoscantabria.com\/<\/a><\/p>\n<h4>GAZTELA-MANTXAKO PODOLOGIAKO ELKARGO OFIZIALA<\/h4>\n<p>San Antonio, 7-5. ezk. 02001 Albacete<br \/>\nTel. 967 241 119 \u2013 Fax: 967 521 255<br \/>\n<a href=\"mailto:administracion@copclm.es\" target=\"_blank\" rel=\"noopener\">administracion@copclm.es<\/a> &#8211; <a href=\"https:\/\/www.copclm.es\/\" target=\"_blank\" rel=\"noopener\">https:\/\/www.copclm.es\/<\/a><\/p>\n<h4>GAZTELA ETA LEONGO PODOLOGOEN ELKARGO OFIZIALA<\/h4>\n<p>Postas, 14 \u2013 1. A. 09400 Aranda de Duero -Burgos<br \/>\nTel. 947 501 267<br \/>\n<a href=\"mailto:colegio@copcyl.org\" target=\"_blank\" rel=\"noopener\">colegio@copcyl.org<\/a> &#8211; <a href=\"http:\/\/www.copcyl.org\/\" target=\"_blank\" rel=\"noopener\">http:\/\/www.copcyl.org\/<\/a><\/p>\n<h4>KATALUNIAKO PODOLOGOEN ELKARGO OFIZIALA<\/h4>\n<p>Valentzia, 494-498 beheak. 08013 Bartzelona<br \/>\nTel. 93 245 66 87 \u2013 Fax: 93 245 65 06<br \/>\n<a href=\"mailto:podocat@podocat.com\" target=\"_blank\" rel=\"noopener\">podocat@podocat.com<\/a> &#8211; <a href=\"https:\/\/www.podocat.com\/\" target=\"_blank\" rel=\"noopener\">https:\/\/www.podocat.com\/<\/a><\/p>\n<h4>EXTREMADURAKO PODOLOGOEN ELKARGO OFIZIALA<\/h4>\n<p>Guardia Zibila, 5 \u2013 1. D. 06001 Badajoz<br \/>\nTel. 924 260 823<br \/>\n<a href=\"mailto:copoex@copoex.com\" target=\"_blank\" rel=\"noopener\">copoex@copoex.com<\/a> &#8211; <a href=\"http:\/\/www.copoex.com\/\" target=\"_blank\" rel=\"noopener\">http:\/\/www.copoex.com\/<\/a><\/p>\n<h4>GALIZIAKO PODOLOGOEN ELKARGO OFIZIALA<\/h4>\n<p>Manuel V\u00e1zquez Cacharr\u00f3n kalea, 8. 15702 Santiago de Compostela -A Coru\u00f1a<br \/>\nTel. 981 554 110 \u2013 Fax: 981 554 720<br \/>\n<a href=\"mailto:info@copoga.com\" target=\"_blank\" rel=\"noopener\">info@copoga.com<\/a> &#8211; <a href=\"https:\/\/www.copoga.com\/\" target=\"_blank\" rel=\"noopener\">https:\/\/www.copoga.com\/<\/a><\/p>\n<h4>MADRILGO PODOLOGIAKO ELKARGO OFIZIALA<\/h4>\n<p>San Bernardo, 74 \u2013 behea, ezk. 28015 Madril<br \/>\nTel. 91 532 60 06 \u2013 Fax: 91 522 87 63<br \/>\n<a href=\"mailto:icopoma@icopoma.es\">icopoma@icopoma.es<\/a> &#8211; <a href=\"https:\/\/www.icopoma.es\/\" target=\"_blank\" rel=\"noopener\">https:\/\/www.icopoma.es\/<\/a><\/p>\n<h4>MURTZIAKO PODOLOGOEN ELKARGO OFIZIALA<\/h4>\n<p>Jos\u00e9 Casta\u00f1o, 1-1. E. 30002 Murcia<br \/>\nTel. 968 259 936<br \/>\n<a href=\"mailto:secretaria@copomur.es\" target=\"_blank\" rel=\"noopener\">secretaria@copomur.es<\/a> &#8211; <a href=\"https:\/\/copomur.es\/\" target=\"_blank\" rel=\"noopener\">https:\/\/copomur.es\/<\/a><\/p>\n<h4>NAFARROAKO PODOLOGOEN ELKARGO OFIZIALA<\/h4>\n<p>Arcadio Mar\u00eda Larraona 1, 2. solairua. 31008 Iru\u00f1a<br \/>\nTel. 948 198 569<br \/>\n<a href=\"mailto:cop@copnavarra.com\" target=\"_blank\" rel=\"noopener\">cop@copnavarra.com<\/a> &#8211; <a href=\"https:\/\/copnavarra.com\/\" target=\"_blank\" rel=\"noopener\">https:\/\/copnavarra.com\/<\/a><\/p>\n<h4>ERRIOXAKO PODOLOGOEN ELKARGO OFIZIALA<\/h4>\n<p>Gran V\u00eda Negozio Zentroa &#8211; Kale Nagusia, 65-2.a A. 26005 Logro\u00f1o \u2013 Errioxa<br \/>\nTel. 941242569<br \/>\n<a href=\"mailto:info@podologosrioja.org\">info@podologosrioja.org<\/a> &#8211; <a href=\"https:\/\/www.podologosrioja.org\/\" target=\"_blank\" rel=\"noopener\">https:\/\/www.podologosrioja.org\/<\/a><\/p>\n<h4>VALENTZIAKO ERKIDEGOKO PODOLOGOEN ELKARGO OFIZIALA<\/h4>\n<p>Zamenhof Dr., 41 behea ezk. 48008 Valentzia<br \/>\nTel. 963 55 88 79<br \/>\n<a href=\"mailto:correo@icopcv.org\">correo@icopcv.org<\/a> &#8211; <a href=\"https:\/\/www.icopcv.org\/\" target=\"_blank\" rel=\"noopener\">https:\/\/www.icopcv.org\/<\/a>[\/vc_column_text][\/vc_column][\/vc_row]<\/p>\n<\/div>","protected":false},"excerpt":{"rendered":"<p>[vc_row][vc_column][vc_single_image image=&#8221;18152&#8243; img_size=&#8221;full&#8221; css_animation=&#8221;fadeInUp&#8221;][vc_column_text] PODOLOGOEN ELKARGO OFIZIALEN KONTSEILU NAGUSIA Juli\u00e1n Camarillo 47. C Blokea, Bulego 203. 28037 Madril Tel. 91 531 50 44 \u2013 Fax: 91 523 31 49 administracion@cgcop.es &#8211; https:\/\/cgcop.es\/ ANDALUZIAKO PODOLOGOEN ELKARGO OFIZIALA Albuera, 15 \u2013 nagusia. 41001 Sevilla Tel. 954 226 123 informacion@copoan.es &#8211; https:\/\/copoan.es\/web\/ ARAGOIKO PODOLOGOEN ELKARGO OFIZIALA Corso kalea,&hellip;<\/p>\n","protected":false},"author":1,"featured_media":0,"parent":0,"menu_order":0,"comment_status":"closed","ping_status":"closed","template":"","meta":{"footnotes":""},"class_list":["post-18340","page","type-page","status-publish","hentry","description-off"],"yoast_head":"<!-- This site is optimized with the Yoast SEO plugin v27.4 - https:\/\/yoast.com\/product\/yoast-seo-wordpress\/ -->\n<title>Elkargo Profesionalak - Colegio Oficial de Podolog\u00eda de Pa\u00eds Vasco<\/title>\n<meta name=\"robots\" content=\"index, follow, max-snippet:-1, max-image-preview:large, max-video-preview:-1\" \/>\n<link rel=\"canonical\" href=\"https:\/\/podologiaeuskadi.com\/eu\/colegios-profesionales\/\" \/>\n<meta property=\"og:locale\" content=\"eu_ES\" \/>\n<meta property=\"og:type\" content=\"article\" \/>\n<meta property=\"og:title\" content=\"Elkargo Profesionalak - Colegio Oficial de Podolog\u00eda de Pa\u00eds Vasco\" \/>\n<meta property=\"og:description\" content=\"[vc_row][vc_column][vc_single_image image=&#8221;18152&#8243; img_size=&#8221;full&#8221; css_animation=&#8221;fadeInUp&#8221;][vc_column_text] PODOLOGOEN ELKARGO OFIZIALEN KONTSEILU NAGUSIA Juli\u00e1n Camarillo 47. C Blokea, Bulego 203. 28037 Madril Tel. 91 531 50 44 \u2013 Fax: 91 523 31 49 administracion@cgcop.es &#8211; https:\/\/cgcop.es\/ ANDALUZIAKO PODOLOGOEN ELKARGO OFIZIALA Albuera, 15 \u2013 nagusia. 41001 Sevilla Tel. 954 226 123 informacion@copoan.es &#8211; https:\/\/copoan.es\/web\/ ARAGOIKO PODOLOGOEN ELKARGO OFIZIALA Corso kalea,&hellip;\" \/>\n<meta property=\"og:url\" content=\"https:\/\/podologiaeuskadi.com\/eu\/colegios-profesionales\/\" \/>\n<meta property=\"og:site_name\" content=\"Colegio Oficial de Podolog\u00eda de Pa\u00eds Vasco\" \/>\n<meta property=\"article:publisher\" content=\"https:\/\/www.facebook.com\/ColegioPodologosEuskadi\/\" \/>\n<meta property=\"article:modified_time\" content=\"2024-05-06T12:43:44+00:00\" \/>\n<meta name=\"twitter:card\" content=\"summary_large_image\" \/>\n<meta name=\"twitter:site\" content=\"@CPodologos\" \/>\n<meta name=\"twitter:label1\" content=\"Est. reading time\" \/>\n\t<meta name=\"twitter:data1\" content=\"2 minutes\" \/>\n<script type=\"application\/ld+json\" class=\"yoast-schema-graph\">{\"@context\":\"https:\\\/\\\/schema.org\",\"@graph\":[{\"@type\":\"WebPage\",\"@id\":\"https:\\\/\\\/podologiaeuskadi.com\\\/eu\\\/colegios-profesionales\\\/\",\"url\":\"https:\\\/\\\/podologiaeuskadi.com\\\/eu\\\/colegios-profesionales\\\/\",\"name\":\"Elkargo Profesionalak - Colegio Oficial de Podolog\u00eda de Pa\u00eds Vasco\",\"isPartOf\":{\"@id\":\"https:\\\/\\\/podologiaeuskadi.com\\\/#website\"},\"datePublished\":\"2023-09-08T16:22:01+00:00\",\"dateModified\":\"2024-05-06T12:43:44+00:00\",\"breadcrumb\":{\"@id\":\"https:\\\/\\\/podologiaeuskadi.com\\\/eu\\\/colegios-profesionales\\\/#breadcrumb\"},\"inLanguage\":\"eu-ES\",\"potentialAction\":[{\"@type\":\"ReadAction\",\"target\":[\"https:\\\/\\\/podologiaeuskadi.com\\\/eu\\\/colegios-profesionales\\\/\"]}]},{\"@type\":\"BreadcrumbList\",\"@id\":\"https:\\\/\\\/podologiaeuskadi.com\\\/eu\\\/colegios-profesionales\\\/#breadcrumb\",\"itemListElement\":[{\"@type\":\"ListItem\",\"position\":1,\"name\":\"Portada\",\"item\":\"https:\\\/\\\/podologiaeuskadi.com\\\/eu\\\/\"},{\"@type\":\"ListItem\",\"position\":2,\"name\":\"Elkargo Profesionalak\"}]},{\"@type\":\"WebSite\",\"@id\":\"https:\\\/\\\/podologiaeuskadi.com\\\/#website\",\"url\":\"https:\\\/\\\/podologiaeuskadi.com\\\/\",\"name\":\"Colegio Oficial de Pod\u00f3logos del Pa\u00eds Vasco\",\"description\":\"Colegio Oficial de Podolog\u00eda de Pa\u00eds Vasco\",\"publisher\":{\"@id\":\"https:\\\/\\\/podologiaeuskadi.com\\\/#organization\"},\"potentialAction\":[{\"@type\":\"SearchAction\",\"target\":{\"@type\":\"EntryPoint\",\"urlTemplate\":\"https:\\\/\\\/podologiaeuskadi.com\\\/?s={search_term_string}\"},\"query-input\":{\"@type\":\"PropertyValueSpecification\",\"valueRequired\":true,\"valueName\":\"search_term_string\"}}],\"inLanguage\":\"eu-ES\"},{\"@type\":\"Organization\",\"@id\":\"https:\\\/\\\/podologiaeuskadi.com\\\/#organization\",\"name\":\"Colegio Oficial de Pod\u00f3logos del Pa\u00eds Vasco\",\"url\":\"https:\\\/\\\/podologiaeuskadi.com\\\/\",\"logo\":{\"@type\":\"ImageObject\",\"inLanguage\":\"eu-ES\",\"@id\":\"https:\\\/\\\/podologiaeuskadi.com\\\/#\\\/schema\\\/logo\\\/image\\\/\",\"url\":\"https:\\\/\\\/podologiaeuskadi.com\\\/wp-content\\\/uploads\\\/2024\\\/04\\\/240423-col-podologos-2.jpg\",\"contentUrl\":\"https:\\\/\\\/podologiaeuskadi.com\\\/wp-content\\\/uploads\\\/2024\\\/04\\\/240423-col-podologos-2.jpg\",\"width\":1660,\"height\":822,\"caption\":\"Colegio Oficial de Pod\u00f3logos del Pa\u00eds Vasco\"},\"image\":{\"@id\":\"https:\\\/\\\/podologiaeuskadi.com\\\/#\\\/schema\\\/logo\\\/image\\\/\"},\"sameAs\":[\"https:\\\/\\\/www.facebook.com\\\/ColegioPodologosEuskadi\\\/\",\"https:\\\/\\\/x.com\\\/CPodologos\",\"https:\\\/\\\/www.youtube.com\\\/@colegiopodologosdelpaisvas9357\"]}]}<\/script>\n<!-- \/ Yoast SEO plugin. -->","yoast_head_json":{"title":"Elkargo Profesionalak - Colegio Oficial de Podolog\u00eda de Pa\u00eds Vasco","robots":{"index":"index","follow":"follow","max-snippet":"max-snippet:-1","max-image-preview":"max-image-preview:large","max-video-preview":"max-video-preview:-1"},"canonical":"https:\/\/podologiaeuskadi.com\/eu\/colegios-profesionales\/","og_locale":"eu_ES","og_type":"article","og_title":"Elkargo Profesionalak - Colegio Oficial de Podolog\u00eda de Pa\u00eds Vasco","og_description":"[vc_row][vc_column][vc_single_image image=&#8221;18152&#8243; img_size=&#8221;full&#8221; css_animation=&#8221;fadeInUp&#8221;][vc_column_text] PODOLOGOEN ELKARGO OFIZIALEN KONTSEILU NAGUSIA Juli\u00e1n Camarillo 47. C Blokea, Bulego 203. 28037 Madril Tel. 91 531 50 44 \u2013 Fax: 91 523 31 49 administracion@cgcop.es &#8211; https:\/\/cgcop.es\/ ANDALUZIAKO PODOLOGOEN ELKARGO OFIZIALA Albuera, 15 \u2013 nagusia. 41001 Sevilla Tel. 954 226 123 informacion@copoan.es &#8211; https:\/\/copoan.es\/web\/ ARAGOIKO PODOLOGOEN ELKARGO OFIZIALA Corso kalea,&hellip;","og_url":"https:\/\/podologiaeuskadi.com\/eu\/colegios-profesionales\/","og_site_name":"Colegio Oficial de Podolog\u00eda de Pa\u00eds Vasco","article_publisher":"https:\/\/www.facebook.com\/ColegioPodologosEuskadi\/","article_modified_time":"2024-05-06T12:43:44+00:00","twitter_card":"summary_large_image","twitter_site":"@CPodologos","twitter_misc":{"Est. reading time":"2 minutes"},"schema":{"@context":"https:\/\/schema.org","@graph":[{"@type":"WebPage","@id":"https:\/\/podologiaeuskadi.com\/eu\/colegios-profesionales\/","url":"https:\/\/podologiaeuskadi.com\/eu\/colegios-profesionales\/","name":"Elkargo Profesionalak - Colegio Oficial de Podolog\u00eda de Pa\u00eds Vasco","isPartOf":{"@id":"https:\/\/podologiaeuskadi.com\/#website"},"datePublished":"2023-09-08T16:22:01+00:00","dateModified":"2024-05-06T12:43:44+00:00","breadcrumb":{"@id":"https:\/\/podologiaeuskadi.com\/eu\/colegios-profesionales\/#breadcrumb"},"inLanguage":"eu-ES","potentialAction":[{"@type":"ReadAction","target":["https:\/\/podologiaeuskadi.com\/eu\/colegios-profesionales\/"]}]},{"@type":"BreadcrumbList","@id":"https:\/\/podologiaeuskadi.com\/eu\/colegios-profesionales\/#breadcrumb","itemListElement":[{"@type":"ListItem","position":1,"name":"Portada","item":"https:\/\/podologiaeuskadi.com\/eu\/"},{"@type":"ListItem","position":2,"name":"Elkargo Profesionalak"}]},{"@type":"WebSite","@id":"https:\/\/podologiaeuskadi.com\/#website","url":"https:\/\/podologiaeuskadi.com\/","name":"Colegio Oficial de Pod\u00f3logos del Pa\u00eds Vasco","description":"Colegio Oficial de Podolog\u00eda de Pa\u00eds Vasco","publisher":{"@id":"https:\/\/podologiaeuskadi.com\/#organization"},"potentialAction":[{"@type":"SearchAction","target":{"@type":"EntryPoint","urlTemplate":"https:\/\/podologiaeuskadi.com\/?s={search_term_string}"},"query-input":{"@type":"PropertyValueSpecification","valueRequired":true,"valueName":"search_term_string"}}],"inLanguage":"eu-ES"},{"@type":"Organization","@id":"https:\/\/podologiaeuskadi.com\/#organization","name":"Colegio Oficial de Pod\u00f3logos del Pa\u00eds Vasco","url":"https:\/\/podologiaeuskadi.com\/","logo":{"@type":"ImageObject","inLanguage":"eu-ES","@id":"https:\/\/podologiaeuskadi.com\/#\/schema\/logo\/image\/","url":"https:\/\/podologiaeuskadi.com\/wp-content\/uploads\/2024\/04\/240423-col-podologos-2.jpg","contentUrl":"https:\/\/podologiaeuskadi.com\/wp-content\/uploads\/2024\/04\/240423-col-podologos-2.jpg","width":1660,"height":822,"caption":"Colegio Oficial de Pod\u00f3logos del Pa\u00eds Vasco"},"image":{"@id":"https:\/\/podologiaeuskadi.com\/#\/schema\/logo\/image\/"},"sameAs":["https:\/\/www.facebook.com\/ColegioPodologosEuskadi\/","https:\/\/x.com\/CPodologos","https:\/\/www.youtube.com\/@colegiopodologosdelpaisvas9357"]}]}},"_links":{"self":[{"href":"https:\/\/podologiaeuskadi.com\/eu\/wp-json\/wp\/v2\/pages\/18340","targetHints":{"allow":["GET"]}}],"collection":[{"href":"https:\/\/podologiaeuskadi.com\/eu\/wp-json\/wp\/v2\/pages"}],"about":[{"href":"https:\/\/podologiaeuskadi.com\/eu\/wp-json\/wp\/v2\/types\/page"}],"author":[{"embeddable":true,"href":"https:\/\/podologiaeuskadi.com\/eu\/wp-json\/wp\/v2\/users\/1"}],"replies":[{"embeddable":true,"href":"https:\/\/podologiaeuskadi.com\/eu\/wp-json\/wp\/v2\/comments?post=18340"}],"version-history":[{"count":5,"href":"https:\/\/podologiaeuskadi.com\/eu\/wp-json\/wp\/v2\/pages\/18340\/revisions"}],"predecessor-version":[{"id":20452,"href":"https:\/\/podologiaeuskadi.com\/eu\/wp-json\/wp\/v2\/pages\/18340\/revisions\/20452"}],"wp:attachment":[{"href":"https:\/\/podologiaeuskadi.com\/eu\/wp-json\/wp\/v2\/media?parent=18340"}],"curies":[{"name":"wp","href":"https:\/\/api.w.org\/{rel}","templated":true}]}}