{"id":18353,"date":"2023-09-08T18:24:30","date_gmt":"2023-09-08T16:24:30","guid":{"rendered":"https:\/\/podologiaeuskadi.com\/convenios-de-colaboracion\/"},"modified":"2023-10-30T03:06:30","modified_gmt":"2023-10-30T01:06:30","slug":"convenios-de-colaboracion","status":"publish","type":"page","link":"https:\/\/podologiaeuskadi.com\/eu\/convenios-de-colaboracion\/","title":{"rendered":"Convenios de colaboraci\u00f3n"},"content":{"rendered":"<div class=\"wpb-content-wrapper\"><p>[vc_row][vc_column][vc_column_text]El Colegio Oficial de Trabajo Social tiene firmado convenio con las siguientes entidades:<\/p>\n<h2>Facultad de Ciencias Sociales. Universidad de Valencia<\/h2>\n<p>El 25 de octubre de 2016, se renov\u00f3 el convenio que mantiene el Colegio con la Universidad de Valencia, concretamente con el Departamento de Trabajo Social y Servicios Sociales para seguir colaborando con temas de formaci\u00f3n, investigaci\u00f3n, pr\u00e1cticas profesionales y organizaci\u00f3n de actividades.[\/vc_column_text][vc_single_image image=&#8221;15683&#8243; img_size=&#8221;395\u00d7281&#8243;][vc_column_text]<em>Dr. Esteban Morcillo S\u00e1nchez, Rector de la Universidad de Valencia y Sra. Elena Puig Reig, Presidenta del COTSV<\/em><\/p>\n<h3>Consultar convenio<\/h3>\n<p>[\/vc_column_text][vc_column_text]<span style=\"color: #ff0000;\"><strong>Contenido disponible solo para colegiados<br \/>\n<\/strong><\/span><\/p>\n<p><a href=\"https:\/\/podologiaeuskadi.com\/wp-login.php?redirect_to=%2Feu%2Fwp-json%2Fwp%2Fv2%2Fpages%2F18353\" class=\"custom-class\">Acceder con mi cuenta<\/a>[\/vc_column_text]<style type=\"text\/css\" data-type=\"the7_shortcodes-inline-css\">#default-btn-837c40d3ab3afc11a38a705ea6745fa5.ico-right-side > i {\n  margin-right: 0px;\n  margin-left: 8px;\n}\n#default-btn-837c40d3ab3afc11a38a705ea6745fa5 > i {\n  margin-right: 8px;\n}\n<\/style><div class=\"btn-align-left\"><a href=\"http:\/\/cotsvalencia.com\/wp-content\/uploads\/2017\/08\/Convenio-UV.pdf\" class=\"default-btn-shortcode dt-btn dt-btn-l link-hover-off \" target=\"_blank\" id=\"default-btn-837c40d3ab3afc11a38a705ea6745fa5\" rel=\"nofollow\"><span>Consultar<\/span><\/a><\/div><div class=\"ult-spacer spacer-69e49d1a406d3\" data-id=\"69e49d1a406d3\" data-height=\"40\" data-height-mobile=\"20\" data-height-tab=\"40\" data-height-tab-portrait=\"20\" data-height-mobile-landscape=\"20\" style=\"clear:both;display:block;\"><\/div>[vc_column_text]<\/p>\n<h2>Universitat Oberta de Catalunya (UOC)<\/h2>\n<p>El 23 de enero de 2017 el Colegio firma un convenio con la UOC con el objeto de establecer un marco de actuaci\u00f3n para la colaboraci\u00f3n entre el COTSV y la UOC en el desarrollo de actividades de inter\u00e9s mutuo para las dos partes.[\/vc_column_text][vc_single_image image=&#8221;15684&#8243; img_size=&#8221;395\u00d7281&#8243;][vc_column_text]<\/p>\n<h3>Consultar convenio<\/h3>\n<p>[\/vc_column_text][vc_column_text]<span style=\"color: #ff0000;\"><strong>Contenido disponible solo para colegiados<br \/>\n<\/strong><\/span><\/p>\n<p><a href=\"https:\/\/podologiaeuskadi.com\/wp-login.php?redirect_to=%2Feu%2Fwp-json%2Fwp%2Fv2%2Fpages%2F18353\" class=\"custom-class\">Acceder con mi cuenta<\/a>[\/vc_column_text]<style type=\"text\/css\" data-type=\"the7_shortcodes-inline-css\">#default-btn-837c40d3ab3afc11a38a705ea6745fa5.ico-right-side > i {\n  margin-right: 0px;\n  margin-left: 8px;\n}\n#default-btn-837c40d3ab3afc11a38a705ea6745fa5 > i {\n  margin-right: 8px;\n}\n<\/style><div class=\"btn-align-left\"><a href=\"http:\/\/cotsvalencia.com\/wp-content\/uploads\/2017\/08\/Convenio-UV.pdf\" class=\"default-btn-shortcode dt-btn dt-btn-l link-hover-off \" target=\"_blank\" id=\"default-btn-837c40d3ab3afc11a38a705ea6745fa5\" rel=\"nofollow\"><span>Consultar<\/span><\/a><\/div><div class=\"ult-spacer spacer-69e49d1a4079c\" data-id=\"69e49d1a4079c\" data-height=\"40\" data-height-mobile=\"20\" data-height-tab=\"40\" data-height-tab-portrait=\"20\" data-height-mobile-landscape=\"20\" style=\"clear:both;display:block;\"><\/div>[vc_column_text]<\/p>\n<h2>UNICEF<\/h2>\n<p>El 21 de octubre de 2016 el Colegio firmo un convenio de colaboraci\u00f3n con UNICEF Espa\u00f1a. El presente acuerdo tiene como objeto establecer un marco de cooperaci\u00f3n y colaboraci\u00f3n entre el COTSV y Unicef Comit\u00e9 Espa\u00f1ol para, en el \u00e1mbito de competencias que a cada instituci\u00f3n le correspondan, desarrollar actuaciones dirigidas a la protecci\u00f3n de los Derechos de la Infancia.[\/vc_column_text][vc_single_image image=&#8221;15688&#8243; img_size=&#8221;395\u00d7281&#8243;][vc_column_text]<em>Jorge Cardona Llorens, Presidente Unicef Comit\u00e9 de la Comunidad Valenciana\u00a0 y Elena Puig Reig, Presidenta del COTSV<\/em><\/p>\n<h3>Consultar convenio<\/h3>\n<p>[\/vc_column_text][vc_column_text]<span style=\"color: #ff0000;\"><strong>Contenido disponible solo para colegiados<br \/>\n<\/strong><\/span><\/p>\n<p><a href=\"https:\/\/podologiaeuskadi.com\/wp-login.php?redirect_to=%2Feu%2Fwp-json%2Fwp%2Fv2%2Fpages%2F18353\" class=\"custom-class\">Acceder con mi cuenta<\/a>[\/vc_column_text]<style type=\"text\/css\" data-type=\"the7_shortcodes-inline-css\">#default-btn-51f4af780662e1309153c41524eac339.ico-right-side > i {\n  margin-right: 0px;\n  margin-left: 8px;\n}\n#default-btn-51f4af780662e1309153c41524eac339 > i {\n  margin-right: 8px;\n}\n<\/style><div class=\"btn-align-left\"><a href=\"http:\/\/cotsvalencia.com\/wp-content\/uploads\/2017\/08\/Convenio-UNICEF.pdf\" class=\"default-btn-shortcode dt-btn dt-btn-l link-hover-off \" target=\"_blank\" id=\"default-btn-51f4af780662e1309153c41524eac339\" rel=\"nofollow\"><span>Consultar<\/span><\/a><\/div>[\/vc_column][\/vc_row]<\/p>\n<\/div>","protected":false},"excerpt":{"rendered":"<p>[vc_row][vc_column][vc_column_text]El Colegio Oficial de Trabajo Social tiene firmado convenio con las siguientes entidades: Facultad de Ciencias Sociales. Universidad de Valencia El 25 de octubre de 2016, se renov\u00f3 el convenio que mantiene el Colegio con la Universidad de Valencia, concretamente con el Departamento de Trabajo Social y Servicios Sociales para seguir colaborando con temas de&hellip;<\/p>\n","protected":false},"author":1,"featured_media":0,"parent":0,"menu_order":0,"comment_status":"closed","ping_status":"closed","template":"","meta":{"footnotes":""},"class_list":["post-18353","page","type-page","status-publish","hentry","description-off"],"yoast_head":"<!-- This site is optimized with the Yoast SEO plugin v27.4 - https:\/\/yoast.com\/product\/yoast-seo-wordpress\/ -->\n<title>Convenios de colaboraci\u00f3n - Colegio Oficial de Podolog\u00eda de Pa\u00eds Vasco<\/title>\n<meta name=\"robots\" content=\"index, follow, max-snippet:-1, max-image-preview:large, max-video-preview:-1\" \/>\n<link rel=\"canonical\" href=\"https:\/\/podologiaeuskadi.com\/eu\/convenios-de-colaboracion\/\" \/>\n<meta property=\"og:locale\" content=\"eu_ES\" \/>\n<meta property=\"og:type\" content=\"article\" \/>\n<meta property=\"og:title\" content=\"Convenios de colaboraci\u00f3n - Colegio Oficial de Podolog\u00eda de Pa\u00eds Vasco\" \/>\n<meta property=\"og:description\" content=\"[vc_row][vc_column][vc_column_text]El Colegio Oficial de Trabajo Social tiene firmado convenio con las siguientes entidades: Facultad de Ciencias Sociales. Universidad de Valencia El 25 de octubre de 2016, se renov\u00f3 el convenio que mantiene el Colegio con la Universidad de Valencia, concretamente con el Departamento de Trabajo Social y Servicios Sociales para seguir colaborando con temas de&hellip;\" \/>\n<meta property=\"og:url\" content=\"https:\/\/podologiaeuskadi.com\/eu\/convenios-de-colaboracion\/\" \/>\n<meta property=\"og:site_name\" content=\"Colegio Oficial de Podolog\u00eda de Pa\u00eds Vasco\" \/>\n<meta property=\"article:publisher\" content=\"https:\/\/www.facebook.com\/ColegioPodologosEuskadi\/\" \/>\n<meta property=\"article:modified_time\" content=\"2023-10-30T01:06:30+00:00\" \/>\n<meta name=\"twitter:card\" content=\"summary_large_image\" \/>\n<meta name=\"twitter:site\" content=\"@CPodologos\" \/>\n<meta name=\"twitter:label1\" content=\"Est. reading time\" \/>\n\t<meta name=\"twitter:data1\" content=\"3 minutes\" \/>\n<script type=\"application\/ld+json\" class=\"yoast-schema-graph\">{\"@context\":\"https:\\\/\\\/schema.org\",\"@graph\":[{\"@type\":\"WebPage\",\"@id\":\"https:\\\/\\\/podologiaeuskadi.com\\\/eu\\\/convenios-de-colaboracion\\\/\",\"url\":\"https:\\\/\\\/podologiaeuskadi.com\\\/eu\\\/convenios-de-colaboracion\\\/\",\"name\":\"Convenios de colaboraci\u00f3n - Colegio Oficial de Podolog\u00eda de Pa\u00eds Vasco\",\"isPartOf\":{\"@id\":\"https:\\\/\\\/podologiaeuskadi.com\\\/#website\"},\"datePublished\":\"2023-09-08T16:24:30+00:00\",\"dateModified\":\"2023-10-30T01:06:30+00:00\",\"breadcrumb\":{\"@id\":\"https:\\\/\\\/podologiaeuskadi.com\\\/eu\\\/convenios-de-colaboracion\\\/#breadcrumb\"},\"inLanguage\":\"eu-ES\",\"potentialAction\":[{\"@type\":\"ReadAction\",\"target\":[\"https:\\\/\\\/podologiaeuskadi.com\\\/eu\\\/convenios-de-colaboracion\\\/\"]}]},{\"@type\":\"BreadcrumbList\",\"@id\":\"https:\\\/\\\/podologiaeuskadi.com\\\/eu\\\/convenios-de-colaboracion\\\/#breadcrumb\",\"itemListElement\":[{\"@type\":\"ListItem\",\"position\":1,\"name\":\"Portada\",\"item\":\"https:\\\/\\\/podologiaeuskadi.com\\\/eu\\\/\"},{\"@type\":\"ListItem\",\"position\":2,\"name\":\"Convenios de colaboraci\u00f3n\"}]},{\"@type\":\"WebSite\",\"@id\":\"https:\\\/\\\/podologiaeuskadi.com\\\/#website\",\"url\":\"https:\\\/\\\/podologiaeuskadi.com\\\/\",\"name\":\"Colegio Oficial de Pod\u00f3logos del Pa\u00eds Vasco\",\"description\":\"Colegio Oficial de Podolog\u00eda de Pa\u00eds Vasco\",\"publisher\":{\"@id\":\"https:\\\/\\\/podologiaeuskadi.com\\\/#organization\"},\"potentialAction\":[{\"@type\":\"SearchAction\",\"target\":{\"@type\":\"EntryPoint\",\"urlTemplate\":\"https:\\\/\\\/podologiaeuskadi.com\\\/?s={search_term_string}\"},\"query-input\":{\"@type\":\"PropertyValueSpecification\",\"valueRequired\":true,\"valueName\":\"search_term_string\"}}],\"inLanguage\":\"eu-ES\"},{\"@type\":\"Organization\",\"@id\":\"https:\\\/\\\/podologiaeuskadi.com\\\/#organization\",\"name\":\"Colegio Oficial de Pod\u00f3logos del Pa\u00eds Vasco\",\"url\":\"https:\\\/\\\/podologiaeuskadi.com\\\/\",\"logo\":{\"@type\":\"ImageObject\",\"inLanguage\":\"eu-ES\",\"@id\":\"https:\\\/\\\/podologiaeuskadi.com\\\/#\\\/schema\\\/logo\\\/image\\\/\",\"url\":\"https:\\\/\\\/podologiaeuskadi.com\\\/wp-content\\\/uploads\\\/2024\\\/04\\\/240423-col-podologos-2.jpg\",\"contentUrl\":\"https:\\\/\\\/podologiaeuskadi.com\\\/wp-content\\\/uploads\\\/2024\\\/04\\\/240423-col-podologos-2.jpg\",\"width\":1660,\"height\":822,\"caption\":\"Colegio Oficial de Pod\u00f3logos del Pa\u00eds Vasco\"},\"image\":{\"@id\":\"https:\\\/\\\/podologiaeuskadi.com\\\/#\\\/schema\\\/logo\\\/image\\\/\"},\"sameAs\":[\"https:\\\/\\\/www.facebook.com\\\/ColegioPodologosEuskadi\\\/\",\"https:\\\/\\\/x.com\\\/CPodologos\",\"https:\\\/\\\/www.youtube.com\\\/@colegiopodologosdelpaisvas9357\"]}]}<\/script>\n<!-- \/ Yoast SEO plugin. -->","yoast_head_json":{"title":"Convenios de colaboraci\u00f3n - Colegio Oficial de Podolog\u00eda de Pa\u00eds Vasco","robots":{"index":"index","follow":"follow","max-snippet":"max-snippet:-1","max-image-preview":"max-image-preview:large","max-video-preview":"max-video-preview:-1"},"canonical":"https:\/\/podologiaeuskadi.com\/eu\/convenios-de-colaboracion\/","og_locale":"eu_ES","og_type":"article","og_title":"Convenios de colaboraci\u00f3n - Colegio Oficial de Podolog\u00eda de Pa\u00eds Vasco","og_description":"[vc_row][vc_column][vc_column_text]El Colegio Oficial de Trabajo Social tiene firmado convenio con las siguientes entidades: Facultad de Ciencias Sociales. Universidad de Valencia El 25 de octubre de 2016, se renov\u00f3 el convenio que mantiene el Colegio con la Universidad de Valencia, concretamente con el Departamento de Trabajo Social y Servicios Sociales para seguir colaborando con temas de&hellip;","og_url":"https:\/\/podologiaeuskadi.com\/eu\/convenios-de-colaboracion\/","og_site_name":"Colegio Oficial de Podolog\u00eda de Pa\u00eds Vasco","article_publisher":"https:\/\/www.facebook.com\/ColegioPodologosEuskadi\/","article_modified_time":"2023-10-30T01:06:30+00:00","twitter_card":"summary_large_image","twitter_site":"@CPodologos","twitter_misc":{"Est. reading time":"3 minutes"},"schema":{"@context":"https:\/\/schema.org","@graph":[{"@type":"WebPage","@id":"https:\/\/podologiaeuskadi.com\/eu\/convenios-de-colaboracion\/","url":"https:\/\/podologiaeuskadi.com\/eu\/convenios-de-colaboracion\/","name":"Convenios de colaboraci\u00f3n - Colegio Oficial de Podolog\u00eda de Pa\u00eds Vasco","isPartOf":{"@id":"https:\/\/podologiaeuskadi.com\/#website"},"datePublished":"2023-09-08T16:24:30+00:00","dateModified":"2023-10-30T01:06:30+00:00","breadcrumb":{"@id":"https:\/\/podologiaeuskadi.com\/eu\/convenios-de-colaboracion\/#breadcrumb"},"inLanguage":"eu-ES","potentialAction":[{"@type":"ReadAction","target":["https:\/\/podologiaeuskadi.com\/eu\/convenios-de-colaboracion\/"]}]},{"@type":"BreadcrumbList","@id":"https:\/\/podologiaeuskadi.com\/eu\/convenios-de-colaboracion\/#breadcrumb","itemListElement":[{"@type":"ListItem","position":1,"name":"Portada","item":"https:\/\/podologiaeuskadi.com\/eu\/"},{"@type":"ListItem","position":2,"name":"Convenios de colaboraci\u00f3n"}]},{"@type":"WebSite","@id":"https:\/\/podologiaeuskadi.com\/#website","url":"https:\/\/podologiaeuskadi.com\/","name":"Colegio Oficial de Pod\u00f3logos del Pa\u00eds Vasco","description":"Colegio Oficial de Podolog\u00eda de Pa\u00eds Vasco","publisher":{"@id":"https:\/\/podologiaeuskadi.com\/#organization"},"potentialAction":[{"@type":"SearchAction","target":{"@type":"EntryPoint","urlTemplate":"https:\/\/podologiaeuskadi.com\/?s={search_term_string}"},"query-input":{"@type":"PropertyValueSpecification","valueRequired":true,"valueName":"search_term_string"}}],"inLanguage":"eu-ES"},{"@type":"Organization","@id":"https:\/\/podologiaeuskadi.com\/#organization","name":"Colegio Oficial de Pod\u00f3logos del Pa\u00eds Vasco","url":"https:\/\/podologiaeuskadi.com\/","logo":{"@type":"ImageObject","inLanguage":"eu-ES","@id":"https:\/\/podologiaeuskadi.com\/#\/schema\/logo\/image\/","url":"https:\/\/podologiaeuskadi.com\/wp-content\/uploads\/2024\/04\/240423-col-podologos-2.jpg","contentUrl":"https:\/\/podologiaeuskadi.com\/wp-content\/uploads\/2024\/04\/240423-col-podologos-2.jpg","width":1660,"height":822,"caption":"Colegio Oficial de Pod\u00f3logos del Pa\u00eds Vasco"},"image":{"@id":"https:\/\/podologiaeuskadi.com\/#\/schema\/logo\/image\/"},"sameAs":["https:\/\/www.facebook.com\/ColegioPodologosEuskadi\/","https:\/\/x.com\/CPodologos","https:\/\/www.youtube.com\/@colegiopodologosdelpaisvas9357"]}]}},"_links":{"self":[{"href":"https:\/\/podologiaeuskadi.com\/eu\/wp-json\/wp\/v2\/pages\/18353","targetHints":{"allow":["GET"]}}],"collection":[{"href":"https:\/\/podologiaeuskadi.com\/eu\/wp-json\/wp\/v2\/pages"}],"about":[{"href":"https:\/\/podologiaeuskadi.com\/eu\/wp-json\/wp\/v2\/types\/page"}],"author":[{"embeddable":true,"href":"https:\/\/podologiaeuskadi.com\/eu\/wp-json\/wp\/v2\/users\/1"}],"replies":[{"embeddable":true,"href":"https:\/\/podologiaeuskadi.com\/eu\/wp-json\/wp\/v2\/comments?post=18353"}],"version-history":[{"count":1,"href":"https:\/\/podologiaeuskadi.com\/eu\/wp-json\/wp\/v2\/pages\/18353\/revisions"}],"predecessor-version":[{"id":18354,"href":"https:\/\/podologiaeuskadi.com\/eu\/wp-json\/wp\/v2\/pages\/18353\/revisions\/18354"}],"wp:attachment":[{"href":"https:\/\/podologiaeuskadi.com\/eu\/wp-json\/wp\/v2\/media?parent=18353"}],"curies":[{"name":"wp","href":"https:\/\/api.w.org\/{rel}","templated":true}]}}