{"id":18359,"date":"2023-09-08T18:25:47","date_gmt":"2023-09-08T16:25:47","guid":{"rendered":"https:\/\/podologiaeuskadi.com\/donde-estudiar\/"},"modified":"2024-02-26T11:56:56","modified_gmt":"2024-02-26T09:56:56","slug":"donde-estudiar","status":"publish","type":"page","link":"https:\/\/podologiaeuskadi.com\/eu\/donde-estudiar\/","title":{"rendered":"Non Ikasi"},"content":{"rendered":"<div class=\"wpb-content-wrapper\"><p>[vc_row][vc_column][vc_single_image image=&#8221;18149&#8243; img_size=&#8221;full&#8221; css_animation=&#8221;fadeInUp&#8221;][vc_column_text]<\/p>\n<h2>Non ikasi Podologia<\/h2>\n<p>Lanbide sanitarioek joan den mendean zehar izan duten bilakaeraren ondoren, zehazki podologiak, historikoki erizaintzari lotuta egon denak (erizaintza denboran zehar araututa egon zen praktikanteetan, ondoren laguntzaile tekniko sanitarioak eta, azkenik, erizaintzako unibertsitate-diplomatuak) espezialitate gisa, lanbide independente bihurtu da, ekainaren 24ko 649\/1988 Errege Dekretua argitaratu ondoren (1988ko ekainaren 27ko EAO).<\/p>\n<h3>Podologiako gradua ematen den unibertsitateak<\/h3>\n<p>\u2022 <a href=\"https:\/\/www.ucm.es\/estudios\/grado-podologia2020\" target=\"_blank\" rel=\"noopener\">Madrilgo Unibertsitate Konplutentsea<\/a><br \/>\n\u2022 <a href=\"https:\/\/web.ub.edu\/es\/web\/estudis\/w\/grau-G1049\" target=\"_blank\" rel=\"noopener\">Bartzelonako Unibertsitatea<\/a><br \/>\n\u2022 <a href=\"https:\/\/www.us.es\/estudiar\/que-estudiar\/oferta-de-grados\/grado-en-podologia\" target=\"_blank\" rel=\"noopener\">USevillako Unibertsitatea<\/a><br \/>\n\u2022 <a href=\"https:\/\/estudos.udc.es\/es\/study\/start\/750G02V02\" target=\"_blank\" rel=\"noopener\">A Coru\u00f1ako Unibertsitatea<\/a><br \/>\n\u2022 <a href=\"https:\/\/www.uab.cat\/web\/estudiar\/listado-de-grados\/informacion-general-1216708258897.html?param1=1229932502838\" target=\"_blank\" rel=\"noopener\"> Bartzelonako Unibertsitate Autonomoa (Manresa)<\/a><br \/>\n\u2022 <a href=\"https:\/\/www.uv.es\/uvweb\/grado-podologia\/es\/grado-podologia-1285932754041.html\" target=\"_blank\" rel=\"noopener\">Valentziako Unibertsitatea<\/a><br \/>\n\u2022 <a href=\"https:\/\/www.unileon.es\/estudiantes\/oferta-academica\/grados\/grado-en-podologia\" target=\"_blank\" rel=\"noopener\">Leongo Unibertsitatea<\/a><br \/>\n\u2022 <a href=\"https:\/\/www.umh.es\/contenido\/Estudios\/:tit_g_130_M1\/datos_es.html\" target=\"_blank\" rel=\"noopener\">Alacanteko Miguel Hern\u00e1ndez Unibertsitatea<\/a><br \/>\n\u2022 <a href=\"https:\/\/www.unex.es\/conoce-la-uex\/centros\/plasencia\/titulaciones\/info\/presentacion?id=1212\" target=\"_blank\" rel=\"noopener\">Extremadurako Unibertsitatea (Plasencia)<\/a><br \/>\n\u2022 <a href=\"https:\/\/www.lasallecentrouniversitario.es\/grado-en-podologia\/\" target=\"_blank\" rel=\"noopener\">La Salle Unibertsitate Zentroa<\/a>[\/vc_column_text][\/vc_column][\/vc_row]<\/p>\n<\/div>","protected":false},"excerpt":{"rendered":"<p>[vc_row][vc_column][vc_single_image image=&#8221;18149&#8243; img_size=&#8221;full&#8221; css_animation=&#8221;fadeInUp&#8221;][vc_column_text] Non ikasi Podologia Lanbide sanitarioek joan den mendean zehar izan duten bilakaeraren ondoren, zehazki podologiak, historikoki erizaintzari lotuta egon denak (erizaintza denboran zehar araututa egon zen praktikanteetan, ondoren laguntzaile tekniko sanitarioak eta, azkenik, erizaintzako unibertsitate-diplomatuak) espezialitate gisa, lanbide independente bihurtu da, ekainaren 24ko 649\/1988 Errege Dekretua argitaratu ondoren (1988ko ekainaren 27ko&hellip;<\/p>\n","protected":false},"author":1,"featured_media":0,"parent":0,"menu_order":0,"comment_status":"closed","ping_status":"closed","template":"","meta":{"footnotes":""},"class_list":["post-18359","page","type-page","status-publish","hentry","description-off"],"yoast_head":"<!-- This site is optimized with the Yoast SEO plugin v27.4 - https:\/\/yoast.com\/product\/yoast-seo-wordpress\/ -->\n<title>Non Ikasi - Colegio Oficial de Podolog\u00eda de Pa\u00eds Vasco<\/title>\n<meta name=\"robots\" content=\"index, follow, max-snippet:-1, max-image-preview:large, max-video-preview:-1\" \/>\n<link rel=\"canonical\" href=\"https:\/\/podologiaeuskadi.com\/eu\/donde-estudiar\/\" \/>\n<meta property=\"og:locale\" content=\"eu_ES\" \/>\n<meta property=\"og:type\" content=\"article\" \/>\n<meta property=\"og:title\" content=\"Non Ikasi - Colegio Oficial de Podolog\u00eda de Pa\u00eds Vasco\" \/>\n<meta property=\"og:description\" content=\"[vc_row][vc_column][vc_single_image image=&#8221;18149&#8243; img_size=&#8221;full&#8221; css_animation=&#8221;fadeInUp&#8221;][vc_column_text] Non ikasi Podologia Lanbide sanitarioek joan den mendean zehar izan duten bilakaeraren ondoren, zehazki podologiak, historikoki erizaintzari lotuta egon denak (erizaintza denboran zehar araututa egon zen praktikanteetan, ondoren laguntzaile tekniko sanitarioak eta, azkenik, erizaintzako unibertsitate-diplomatuak) espezialitate gisa, lanbide independente bihurtu da, ekainaren 24ko 649\/1988 Errege Dekretua argitaratu ondoren (1988ko ekainaren 27ko&hellip;\" \/>\n<meta property=\"og:url\" content=\"https:\/\/podologiaeuskadi.com\/eu\/donde-estudiar\/\" \/>\n<meta property=\"og:site_name\" content=\"Colegio Oficial de Podolog\u00eda de Pa\u00eds Vasco\" \/>\n<meta property=\"article:publisher\" content=\"https:\/\/www.facebook.com\/ColegioPodologosEuskadi\/\" \/>\n<meta property=\"article:modified_time\" content=\"2024-02-26T09:56:56+00:00\" \/>\n<meta name=\"twitter:card\" content=\"summary_large_image\" \/>\n<meta name=\"twitter:site\" content=\"@CPodologos\" \/>\n<meta name=\"twitter:label1\" content=\"Est. reading time\" \/>\n\t<meta name=\"twitter:data1\" content=\"1 minute\" \/>\n<script type=\"application\/ld+json\" class=\"yoast-schema-graph\">{\"@context\":\"https:\\\/\\\/schema.org\",\"@graph\":[{\"@type\":\"WebPage\",\"@id\":\"https:\\\/\\\/podologiaeuskadi.com\\\/eu\\\/donde-estudiar\\\/\",\"url\":\"https:\\\/\\\/podologiaeuskadi.com\\\/eu\\\/donde-estudiar\\\/\",\"name\":\"Non Ikasi - Colegio Oficial de Podolog\u00eda de Pa\u00eds Vasco\",\"isPartOf\":{\"@id\":\"https:\\\/\\\/podologiaeuskadi.com\\\/#website\"},\"datePublished\":\"2023-09-08T16:25:47+00:00\",\"dateModified\":\"2024-02-26T09:56:56+00:00\",\"breadcrumb\":{\"@id\":\"https:\\\/\\\/podologiaeuskadi.com\\\/eu\\\/donde-estudiar\\\/#breadcrumb\"},\"inLanguage\":\"eu-ES\",\"potentialAction\":[{\"@type\":\"ReadAction\",\"target\":[\"https:\\\/\\\/podologiaeuskadi.com\\\/eu\\\/donde-estudiar\\\/\"]}]},{\"@type\":\"BreadcrumbList\",\"@id\":\"https:\\\/\\\/podologiaeuskadi.com\\\/eu\\\/donde-estudiar\\\/#breadcrumb\",\"itemListElement\":[{\"@type\":\"ListItem\",\"position\":1,\"name\":\"Portada\",\"item\":\"https:\\\/\\\/podologiaeuskadi.com\\\/eu\\\/\"},{\"@type\":\"ListItem\",\"position\":2,\"name\":\"Non Ikasi\"}]},{\"@type\":\"WebSite\",\"@id\":\"https:\\\/\\\/podologiaeuskadi.com\\\/#website\",\"url\":\"https:\\\/\\\/podologiaeuskadi.com\\\/\",\"name\":\"Colegio Oficial de Pod\u00f3logos del Pa\u00eds Vasco\",\"description\":\"Colegio Oficial de Podolog\u00eda de Pa\u00eds Vasco\",\"publisher\":{\"@id\":\"https:\\\/\\\/podologiaeuskadi.com\\\/#organization\"},\"potentialAction\":[{\"@type\":\"SearchAction\",\"target\":{\"@type\":\"EntryPoint\",\"urlTemplate\":\"https:\\\/\\\/podologiaeuskadi.com\\\/?s={search_term_string}\"},\"query-input\":{\"@type\":\"PropertyValueSpecification\",\"valueRequired\":true,\"valueName\":\"search_term_string\"}}],\"inLanguage\":\"eu-ES\"},{\"@type\":\"Organization\",\"@id\":\"https:\\\/\\\/podologiaeuskadi.com\\\/#organization\",\"name\":\"Colegio Oficial de Pod\u00f3logos del Pa\u00eds Vasco\",\"url\":\"https:\\\/\\\/podologiaeuskadi.com\\\/\",\"logo\":{\"@type\":\"ImageObject\",\"inLanguage\":\"eu-ES\",\"@id\":\"https:\\\/\\\/podologiaeuskadi.com\\\/#\\\/schema\\\/logo\\\/image\\\/\",\"url\":\"https:\\\/\\\/podologiaeuskadi.com\\\/wp-content\\\/uploads\\\/2024\\\/04\\\/240423-col-podologos-2.jpg\",\"contentUrl\":\"https:\\\/\\\/podologiaeuskadi.com\\\/wp-content\\\/uploads\\\/2024\\\/04\\\/240423-col-podologos-2.jpg\",\"width\":1660,\"height\":822,\"caption\":\"Colegio Oficial de Pod\u00f3logos del Pa\u00eds Vasco\"},\"image\":{\"@id\":\"https:\\\/\\\/podologiaeuskadi.com\\\/#\\\/schema\\\/logo\\\/image\\\/\"},\"sameAs\":[\"https:\\\/\\\/www.facebook.com\\\/ColegioPodologosEuskadi\\\/\",\"https:\\\/\\\/x.com\\\/CPodologos\",\"https:\\\/\\\/www.youtube.com\\\/@colegiopodologosdelpaisvas9357\"]}]}<\/script>\n<!-- \/ Yoast SEO plugin. -->","yoast_head_json":{"title":"Non Ikasi - Colegio Oficial de Podolog\u00eda de Pa\u00eds Vasco","robots":{"index":"index","follow":"follow","max-snippet":"max-snippet:-1","max-image-preview":"max-image-preview:large","max-video-preview":"max-video-preview:-1"},"canonical":"https:\/\/podologiaeuskadi.com\/eu\/donde-estudiar\/","og_locale":"eu_ES","og_type":"article","og_title":"Non Ikasi - Colegio Oficial de Podolog\u00eda de Pa\u00eds Vasco","og_description":"[vc_row][vc_column][vc_single_image image=&#8221;18149&#8243; img_size=&#8221;full&#8221; css_animation=&#8221;fadeInUp&#8221;][vc_column_text] Non ikasi Podologia Lanbide sanitarioek joan den mendean zehar izan duten bilakaeraren ondoren, zehazki podologiak, historikoki erizaintzari lotuta egon denak (erizaintza denboran zehar araututa egon zen praktikanteetan, ondoren laguntzaile tekniko sanitarioak eta, azkenik, erizaintzako unibertsitate-diplomatuak) espezialitate gisa, lanbide independente bihurtu da, ekainaren 24ko 649\/1988 Errege Dekretua argitaratu ondoren (1988ko ekainaren 27ko&hellip;","og_url":"https:\/\/podologiaeuskadi.com\/eu\/donde-estudiar\/","og_site_name":"Colegio Oficial de Podolog\u00eda de Pa\u00eds Vasco","article_publisher":"https:\/\/www.facebook.com\/ColegioPodologosEuskadi\/","article_modified_time":"2024-02-26T09:56:56+00:00","twitter_card":"summary_large_image","twitter_site":"@CPodologos","twitter_misc":{"Est. reading time":"1 minute"},"schema":{"@context":"https:\/\/schema.org","@graph":[{"@type":"WebPage","@id":"https:\/\/podologiaeuskadi.com\/eu\/donde-estudiar\/","url":"https:\/\/podologiaeuskadi.com\/eu\/donde-estudiar\/","name":"Non Ikasi - Colegio Oficial de Podolog\u00eda de Pa\u00eds Vasco","isPartOf":{"@id":"https:\/\/podologiaeuskadi.com\/#website"},"datePublished":"2023-09-08T16:25:47+00:00","dateModified":"2024-02-26T09:56:56+00:00","breadcrumb":{"@id":"https:\/\/podologiaeuskadi.com\/eu\/donde-estudiar\/#breadcrumb"},"inLanguage":"eu-ES","potentialAction":[{"@type":"ReadAction","target":["https:\/\/podologiaeuskadi.com\/eu\/donde-estudiar\/"]}]},{"@type":"BreadcrumbList","@id":"https:\/\/podologiaeuskadi.com\/eu\/donde-estudiar\/#breadcrumb","itemListElement":[{"@type":"ListItem","position":1,"name":"Portada","item":"https:\/\/podologiaeuskadi.com\/eu\/"},{"@type":"ListItem","position":2,"name":"Non Ikasi"}]},{"@type":"WebSite","@id":"https:\/\/podologiaeuskadi.com\/#website","url":"https:\/\/podologiaeuskadi.com\/","name":"Colegio Oficial de Pod\u00f3logos del Pa\u00eds Vasco","description":"Colegio Oficial de Podolog\u00eda de Pa\u00eds Vasco","publisher":{"@id":"https:\/\/podologiaeuskadi.com\/#organization"},"potentialAction":[{"@type":"SearchAction","target":{"@type":"EntryPoint","urlTemplate":"https:\/\/podologiaeuskadi.com\/?s={search_term_string}"},"query-input":{"@type":"PropertyValueSpecification","valueRequired":true,"valueName":"search_term_string"}}],"inLanguage":"eu-ES"},{"@type":"Organization","@id":"https:\/\/podologiaeuskadi.com\/#organization","name":"Colegio Oficial de Pod\u00f3logos del Pa\u00eds Vasco","url":"https:\/\/podologiaeuskadi.com\/","logo":{"@type":"ImageObject","inLanguage":"eu-ES","@id":"https:\/\/podologiaeuskadi.com\/#\/schema\/logo\/image\/","url":"https:\/\/podologiaeuskadi.com\/wp-content\/uploads\/2024\/04\/240423-col-podologos-2.jpg","contentUrl":"https:\/\/podologiaeuskadi.com\/wp-content\/uploads\/2024\/04\/240423-col-podologos-2.jpg","width":1660,"height":822,"caption":"Colegio Oficial de Pod\u00f3logos del Pa\u00eds Vasco"},"image":{"@id":"https:\/\/podologiaeuskadi.com\/#\/schema\/logo\/image\/"},"sameAs":["https:\/\/www.facebook.com\/ColegioPodologosEuskadi\/","https:\/\/x.com\/CPodologos","https:\/\/www.youtube.com\/@colegiopodologosdelpaisvas9357"]}]}},"_links":{"self":[{"href":"https:\/\/podologiaeuskadi.com\/eu\/wp-json\/wp\/v2\/pages\/18359","targetHints":{"allow":["GET"]}}],"collection":[{"href":"https:\/\/podologiaeuskadi.com\/eu\/wp-json\/wp\/v2\/pages"}],"about":[{"href":"https:\/\/podologiaeuskadi.com\/eu\/wp-json\/wp\/v2\/types\/page"}],"author":[{"embeddable":true,"href":"https:\/\/podologiaeuskadi.com\/eu\/wp-json\/wp\/v2\/users\/1"}],"replies":[{"embeddable":true,"href":"https:\/\/podologiaeuskadi.com\/eu\/wp-json\/wp\/v2\/comments?post=18359"}],"version-history":[{"count":5,"href":"https:\/\/podologiaeuskadi.com\/eu\/wp-json\/wp\/v2\/pages\/18359\/revisions"}],"predecessor-version":[{"id":20162,"href":"https:\/\/podologiaeuskadi.com\/eu\/wp-json\/wp\/v2\/pages\/18359\/revisions\/20162"}],"wp:attachment":[{"href":"https:\/\/podologiaeuskadi.com\/eu\/wp-json\/wp\/v2\/media?parent=18359"}],"curies":[{"name":"wp","href":"https:\/\/api.w.org\/{rel}","templated":true}]}}