{"id":18377,"date":"2023-09-08T18:28:13","date_gmt":"2023-09-08T16:28:13","guid":{"rendered":"https:\/\/podologiaeuskadi.com\/junta-de-gobierno\/"},"modified":"2025-09-11T13:11:20","modified_gmt":"2025-09-11T11:11:20","slug":"junta-de-gobierno","status":"publish","type":"page","link":"https:\/\/podologiaeuskadi.com\/eu\/junta-de-gobierno\/","title":{"rendered":"Gobernu Batzordea"},"content":{"rendered":"<div class=\"wpb-content-wrapper\"><p>[vc_row][vc_column width=&#8221;1\/2&#8243;][vc_custom_heading text=&#8221;Gobernu Batzordea&#8221; use_theme_fonts=&#8221;yes&#8221;][vc_column_text]<strong>Gobernu Batzordea<\/strong> da organo betearazlea. Gaur egun, honako hauek osatzen dute Batzordea:<\/p>\n<ul>\n<li>\u00c1lvaro D\u00edaz Suarez\u00a0\u00a0 <strong>Predidentea<\/strong><\/li>\n<li>Mar\u00eda Arberas Lauzurica\u00a0 \u00a0<strong>Presidenteordea<\/strong><\/li>\n<li>Rebeca Barras\u00fas Esteban \u00a0 <strong>Diruzaina<\/strong><\/li>\n<li>Leire Unanue G\u00f3mez\u00a0\u00a0 <strong>Idazkaria<\/strong><\/li>\n<li>Santiago Nieto Farr\u00e1n \u00a0 <strong>Batzordekidea<\/strong><\/li>\n<\/ul>\n<p>[\/vc_column_text]<div class=\"ult-spacer spacer-69e49d1d8a7c5\" data-id=\"69e49d1d8a7c5\" data-height=\"50\" data-height-mobile=\"50\" data-height-tab=\"50\" data-height-tab-portrait=\"\" data-height-mobile-landscape=\"\" style=\"clear:both;display:block;\"><\/div>[\/vc_column][vc_column width=&#8221;1\/2&#8243;][vc_single_image image=&#8221;16486&#8243; img_size=&#8221;460&#215;465&#8243; alignment=&#8221;center&#8221;][\/vc_column][\/vc_row][vc_row][vc_column][vc_row_inner gap=&#8221;20&#8243; css=&#8221;.vc_custom_1501496172846{margin-top: 20px !important;margin-bottom: 20px !important;}&#8221;][vc_column_inner width=&#8221;1\/5&#8243;][vc_single_image image=&#8221;17028&#8243; img_size=&#8221;330&#215;413&#8243; alignment=&#8221;center&#8221; css=&#8221;.vc_custom_1685978172540{margin-bottom: 20px !important;}&#8221;]<div id=\"ultimate-heading-645669e49d1d8a813\" class=\"uvc-heading ult-adjust-bottom-margin ultimate-heading-645669e49d1d8a813 uvc-8571 \" data-hspacer=\"no_spacer\"  data-halign=\"center\" style=\"text-align:center\"><div class=\"uvc-heading-spacer no_spacer\" style=\"top\"><\/div><div class=\"uvc-sub-heading ult-responsive\"  data-ultimate-target='.uvc-heading.ultimate-heading-645669e49d1d8a813 .uvc-sub-heading '  data-responsive-json-new='{\"font-size\":\"\",\"line-height\":\"\"}'  style=\"font-weight:normal;\"><\/p>\n<h5>Alvaro D\u00edaz Suarez<\/h5>\n<p>Presidentea<\/div><\/div><div class=\"ult-spacer spacer-69e49d1d8a84a\" data-id=\"69e49d1d8a84a\" data-height=\"0\" data-height-mobile=\"20\" data-height-tab=\"0\" data-height-tab-portrait=\"0\" data-height-mobile-landscape=\"20\" style=\"clear:both;display:block;\"><\/div>[\/vc_column_inner][vc_column_inner width=&#8221;1\/5&#8243;][vc_single_image image=&#8221;17226&#8243; img_size=&#8221;330&#215;413&#8243; alignment=&#8221;center&#8221; css=&#8221;.vc_custom_1687800227250{margin-bottom: 20px !important;}&#8221;]<div id=\"ultimate-heading-144869e49d1d8a86d\" class=\"uvc-heading ult-adjust-bottom-margin ultimate-heading-144869e49d1d8a86d uvc-508 \" data-hspacer=\"no_spacer\"  data-halign=\"center\" style=\"text-align:center\"><div class=\"uvc-heading-spacer no_spacer\" style=\"top\"><\/div><div class=\"uvc-sub-heading ult-responsive\"  data-ultimate-target='.uvc-heading.ultimate-heading-144869e49d1d8a86d .uvc-sub-heading '  data-responsive-json-new='{\"font-size\":\"\",\"line-height\":\"\"}'  style=\"font-weight:normal;\"><\/p>\n<h5>Maria Arberas Lauzurica<\/h5>\n<p>Presidenteordea<\/div><\/div><div class=\"ult-spacer spacer-69e49d1d8a896\" data-id=\"69e49d1d8a896\" data-height=\"0\" data-height-mobile=\"20\" data-height-tab=\"0\" data-height-tab-portrait=\"0\" data-height-mobile-landscape=\"20\" style=\"clear:both;display:block;\"><\/div>[\/vc_column_inner][vc_column_inner width=&#8221;1\/5&#8243;][vc_single_image image=&#8221;18224&#8243; img_size=&#8221;330&#215;413&#8243; alignment=&#8221;center&#8221; css=&#8221;.vc_custom_1690224236289{margin-bottom: 20px !important;}&#8221;]<div id=\"ultimate-heading-213369e49d1d8a8c4\" class=\"uvc-heading ult-adjust-bottom-margin ultimate-heading-213369e49d1d8a8c4 uvc-3063 \" data-hspacer=\"no_spacer\"  data-halign=\"center\" style=\"text-align:center\"><div class=\"uvc-heading-spacer no_spacer\" style=\"top\"><\/div><div class=\"uvc-sub-heading ult-responsive\"  data-ultimate-target='.uvc-heading.ultimate-heading-213369e49d1d8a8c4 .uvc-sub-heading '  data-responsive-json-new='{\"font-size\":\"\",\"line-height\":\"\"}'  style=\"font-weight:normal;\"><\/p>\n<h5>Rebeca Barras\u00fas Esteban<\/h5>\n<p>Diruzaina<\/div><\/div><div class=\"ult-spacer spacer-69e49d1d8a8e8\" data-id=\"69e49d1d8a8e8\" data-height=\"0\" data-height-mobile=\"20\" data-height-tab=\"0\" data-height-tab-portrait=\"0\" data-height-mobile-landscape=\"20\" style=\"clear:both;display:block;\"><\/div>[\/vc_column_inner][vc_column_inner width=&#8221;1\/5&#8243;][vc_single_image image=&#8221;18113&#8243; img_size=&#8221;330&#215;413&#8243; alignment=&#8221;center&#8221; css=&#8221;.vc_custom_1690197679666{margin-bottom: 20px !important;}&#8221;]<div id=\"ultimate-heading-454769e49d1d8a904\" class=\"uvc-heading ult-adjust-bottom-margin ultimate-heading-454769e49d1d8a904 uvc-3938 \" data-hspacer=\"no_spacer\"  data-halign=\"center\" style=\"text-align:center\"><div class=\"uvc-heading-spacer no_spacer\" style=\"top\"><\/div><div class=\"uvc-sub-heading ult-responsive\"  data-ultimate-target='.uvc-heading.ultimate-heading-454769e49d1d8a904 .uvc-sub-heading '  data-responsive-json-new='{\"font-size\":\"\",\"line-height\":\"\"}'  style=\"font-weight:normal;\"><\/p>\n<h5>Leire Unanue G\u00f3mez<\/h5>\n<p>Idazkaria<\/div><\/div><div class=\"ult-spacer spacer-69e49d1d8a923\" data-id=\"69e49d1d8a923\" data-height=\"0\" data-height-mobile=\"20\" data-height-tab=\"0\" data-height-tab-portrait=\"0\" data-height-mobile-landscape=\"20\" style=\"clear:both;display:block;\"><\/div>[\/vc_column_inner][vc_column_inner width=&#8221;1\/5&#8243;][vc_single_image image=&#8221;17224&#8243; img_size=&#8221;330&#215;413&#8243; alignment=&#8221;center&#8221; css=&#8221;.vc_custom_1687800267748{margin-bottom: 20px !important;}&#8221;]<div id=\"ultimate-heading-564869e49d1d8a93e\" class=\"uvc-heading ult-adjust-bottom-margin ultimate-heading-564869e49d1d8a93e uvc-6196 \" data-hspacer=\"no_spacer\"  data-halign=\"center\" style=\"text-align:center\"><div class=\"uvc-heading-spacer no_spacer\" style=\"top\"><\/div><div class=\"uvc-sub-heading ult-responsive\"  data-ultimate-target='.uvc-heading.ultimate-heading-564869e49d1d8a93e .uvc-sub-heading '  data-responsive-json-new='{\"font-size\":\"\",\"line-height\":\"\"}'  style=\"font-weight:normal;\"><\/p>\n<h5>Santiago Nieto Farr\u00e1n<\/h5>\n<p>Batzordekidea<\/div><\/div><div class=\"ult-spacer spacer-69e49d1d8a968\" data-id=\"69e49d1d8a968\" data-height=\"0\" data-height-mobile=\"20\" data-height-tab=\"0\" data-height-tab-portrait=\"0\" data-height-mobile-landscape=\"20\" style=\"clear:both;display:block;\"><\/div>[\/vc_column_inner][\/vc_row_inner][\/vc_column][\/vc_row]<\/p>\n<\/div>","protected":false},"excerpt":{"rendered":"<p>[vc_row][vc_column width=&#8221;1\/2&#8243;][vc_custom_heading text=&#8221;Gobernu Batzordea&#8221; use_theme_fonts=&#8221;yes&#8221;][vc_column_text]Gobernu Batzordea da organo betearazlea. Gaur egun, honako hauek osatzen dute Batzordea: \u00c1lvaro D\u00edaz Suarez\u00a0\u00a0 Predidentea Mar\u00eda Arberas Lauzurica\u00a0 \u00a0Presidenteordea Rebeca Barras\u00fas Esteban \u00a0 Diruzaina Leire Unanue G\u00f3mez\u00a0\u00a0 Idazkaria Santiago Nieto Farr\u00e1n \u00a0 Batzordekidea [\/vc_column_text][\/vc_column][vc_column width=&#8221;1\/2&#8243;][vc_single_image image=&#8221;16486&#8243; img_size=&#8221;460&#215;465&#8243; alignment=&#8221;center&#8221;][\/vc_column][\/vc_row][vc_row][vc_column][vc_row_inner gap=&#8221;20&#8243; css=&#8221;.vc_custom_1501496172846{margin-top: 20px !important;margin-bottom: 20px !important;}&#8221;][vc_column_inner width=&#8221;1\/5&#8243;][vc_single_image image=&#8221;17028&#8243; img_size=&#8221;330&#215;413&#8243; alignment=&#8221;center&#8221; css=&#8221;.vc_custom_1685978172540{margin-bottom: 20px&hellip;<\/p>\n","protected":false},"author":1,"featured_media":0,"parent":0,"menu_order":0,"comment_status":"closed","ping_status":"closed","template":"","meta":{"footnotes":""},"class_list":["post-18377","page","type-page","status-publish","hentry","description-off"],"yoast_head":"<!-- This site is optimized with the Yoast SEO plugin v27.4 - https:\/\/yoast.com\/product\/yoast-seo-wordpress\/ -->\n<title>Gobernu Batzordea - Colegio Oficial de Podolog\u00eda de Pa\u00eds Vasco<\/title>\n<meta name=\"robots\" content=\"index, follow, max-snippet:-1, max-image-preview:large, max-video-preview:-1\" \/>\n<link rel=\"canonical\" href=\"https:\/\/podologiaeuskadi.com\/eu\/junta-de-gobierno\/\" \/>\n<meta property=\"og:locale\" content=\"eu_ES\" \/>\n<meta property=\"og:type\" content=\"article\" \/>\n<meta property=\"og:title\" content=\"Gobernu Batzordea - Colegio Oficial de Podolog\u00eda de Pa\u00eds Vasco\" \/>\n<meta property=\"og:description\" content=\"[vc_row][vc_column width=&#8221;1\/2&#8243;][vc_custom_heading text=&#8221;Gobernu Batzordea&#8221; use_theme_fonts=&#8221;yes&#8221;][vc_column_text]Gobernu Batzordea da organo betearazlea. Gaur egun, honako hauek osatzen dute Batzordea: \u00c1lvaro D\u00edaz Suarez\u00a0\u00a0 Predidentea Mar\u00eda Arberas Lauzurica\u00a0 \u00a0Presidenteordea Rebeca Barras\u00fas Esteban \u00a0 Diruzaina Leire Unanue G\u00f3mez\u00a0\u00a0 Idazkaria Santiago Nieto Farr\u00e1n \u00a0 Batzordekidea [\/vc_column_text][\/vc_column][vc_column width=&#8221;1\/2&#8243;][vc_single_image image=&#8221;16486&#8243; img_size=&#8221;460&#215;465&#8243; alignment=&#8221;center&#8221;][\/vc_column][\/vc_row][vc_row][vc_column][vc_row_inner gap=&#8221;20&#8243; css=&#8221;.vc_custom_1501496172846{margin-top: 20px !important;margin-bottom: 20px !important;}&#8221;][vc_column_inner width=&#8221;1\/5&#8243;][vc_single_image image=&#8221;17028&#8243; img_size=&#8221;330&#215;413&#8243; alignment=&#8221;center&#8221; css=&#8221;.vc_custom_1685978172540{margin-bottom: 20px&hellip;\" \/>\n<meta property=\"og:url\" content=\"https:\/\/podologiaeuskadi.com\/eu\/junta-de-gobierno\/\" \/>\n<meta property=\"og:site_name\" content=\"Colegio Oficial de Podolog\u00eda de Pa\u00eds Vasco\" \/>\n<meta property=\"article:publisher\" content=\"https:\/\/www.facebook.com\/ColegioPodologosEuskadi\/\" \/>\n<meta property=\"article:modified_time\" content=\"2025-09-11T11:11:20+00:00\" \/>\n<meta name=\"twitter:card\" content=\"summary_large_image\" \/>\n<meta name=\"twitter:site\" content=\"@CPodologos\" \/>\n<meta name=\"twitter:label1\" content=\"Est. reading time\" \/>\n\t<meta name=\"twitter:data1\" content=\"1 minute\" \/>\n<script type=\"application\/ld+json\" class=\"yoast-schema-graph\">{\"@context\":\"https:\\\/\\\/schema.org\",\"@graph\":[{\"@type\":\"WebPage\",\"@id\":\"https:\\\/\\\/podologiaeuskadi.com\\\/eu\\\/junta-de-gobierno\\\/\",\"url\":\"https:\\\/\\\/podologiaeuskadi.com\\\/eu\\\/junta-de-gobierno\\\/\",\"name\":\"Gobernu Batzordea - Colegio Oficial de Podolog\u00eda de Pa\u00eds Vasco\",\"isPartOf\":{\"@id\":\"https:\\\/\\\/podologiaeuskadi.com\\\/#website\"},\"datePublished\":\"2023-09-08T16:28:13+00:00\",\"dateModified\":\"2025-09-11T11:11:20+00:00\",\"breadcrumb\":{\"@id\":\"https:\\\/\\\/podologiaeuskadi.com\\\/eu\\\/junta-de-gobierno\\\/#breadcrumb\"},\"inLanguage\":\"eu-ES\",\"potentialAction\":[{\"@type\":\"ReadAction\",\"target\":[\"https:\\\/\\\/podologiaeuskadi.com\\\/eu\\\/junta-de-gobierno\\\/\"]}]},{\"@type\":\"BreadcrumbList\",\"@id\":\"https:\\\/\\\/podologiaeuskadi.com\\\/eu\\\/junta-de-gobierno\\\/#breadcrumb\",\"itemListElement\":[{\"@type\":\"ListItem\",\"position\":1,\"name\":\"Portada\",\"item\":\"https:\\\/\\\/podologiaeuskadi.com\\\/eu\\\/\"},{\"@type\":\"ListItem\",\"position\":2,\"name\":\"Gobernu Batzordea\"}]},{\"@type\":\"WebSite\",\"@id\":\"https:\\\/\\\/podologiaeuskadi.com\\\/#website\",\"url\":\"https:\\\/\\\/podologiaeuskadi.com\\\/\",\"name\":\"Colegio Oficial de Pod\u00f3logos del Pa\u00eds Vasco\",\"description\":\"Colegio Oficial de Podolog\u00eda de Pa\u00eds Vasco\",\"publisher\":{\"@id\":\"https:\\\/\\\/podologiaeuskadi.com\\\/#organization\"},\"potentialAction\":[{\"@type\":\"SearchAction\",\"target\":{\"@type\":\"EntryPoint\",\"urlTemplate\":\"https:\\\/\\\/podologiaeuskadi.com\\\/?s={search_term_string}\"},\"query-input\":{\"@type\":\"PropertyValueSpecification\",\"valueRequired\":true,\"valueName\":\"search_term_string\"}}],\"inLanguage\":\"eu-ES\"},{\"@type\":\"Organization\",\"@id\":\"https:\\\/\\\/podologiaeuskadi.com\\\/#organization\",\"name\":\"Colegio Oficial de Pod\u00f3logos del Pa\u00eds Vasco\",\"url\":\"https:\\\/\\\/podologiaeuskadi.com\\\/\",\"logo\":{\"@type\":\"ImageObject\",\"inLanguage\":\"eu-ES\",\"@id\":\"https:\\\/\\\/podologiaeuskadi.com\\\/#\\\/schema\\\/logo\\\/image\\\/\",\"url\":\"https:\\\/\\\/podologiaeuskadi.com\\\/wp-content\\\/uploads\\\/2024\\\/04\\\/240423-col-podologos-2.jpg\",\"contentUrl\":\"https:\\\/\\\/podologiaeuskadi.com\\\/wp-content\\\/uploads\\\/2024\\\/04\\\/240423-col-podologos-2.jpg\",\"width\":1660,\"height\":822,\"caption\":\"Colegio Oficial de Pod\u00f3logos del Pa\u00eds Vasco\"},\"image\":{\"@id\":\"https:\\\/\\\/podologiaeuskadi.com\\\/#\\\/schema\\\/logo\\\/image\\\/\"},\"sameAs\":[\"https:\\\/\\\/www.facebook.com\\\/ColegioPodologosEuskadi\\\/\",\"https:\\\/\\\/x.com\\\/CPodologos\",\"https:\\\/\\\/www.youtube.com\\\/@colegiopodologosdelpaisvas9357\"]}]}<\/script>\n<!-- \/ Yoast SEO plugin. -->","yoast_head_json":{"title":"Gobernu Batzordea - Colegio Oficial de Podolog\u00eda de Pa\u00eds Vasco","robots":{"index":"index","follow":"follow","max-snippet":"max-snippet:-1","max-image-preview":"max-image-preview:large","max-video-preview":"max-video-preview:-1"},"canonical":"https:\/\/podologiaeuskadi.com\/eu\/junta-de-gobierno\/","og_locale":"eu_ES","og_type":"article","og_title":"Gobernu Batzordea - Colegio Oficial de Podolog\u00eda de Pa\u00eds Vasco","og_description":"[vc_row][vc_column width=&#8221;1\/2&#8243;][vc_custom_heading text=&#8221;Gobernu Batzordea&#8221; use_theme_fonts=&#8221;yes&#8221;][vc_column_text]Gobernu Batzordea da organo betearazlea. Gaur egun, honako hauek osatzen dute Batzordea: \u00c1lvaro D\u00edaz Suarez\u00a0\u00a0 Predidentea Mar\u00eda Arberas Lauzurica\u00a0 \u00a0Presidenteordea Rebeca Barras\u00fas Esteban \u00a0 Diruzaina Leire Unanue G\u00f3mez\u00a0\u00a0 Idazkaria Santiago Nieto Farr\u00e1n \u00a0 Batzordekidea [\/vc_column_text][\/vc_column][vc_column width=&#8221;1\/2&#8243;][vc_single_image image=&#8221;16486&#8243; img_size=&#8221;460&#215;465&#8243; alignment=&#8221;center&#8221;][\/vc_column][\/vc_row][vc_row][vc_column][vc_row_inner gap=&#8221;20&#8243; css=&#8221;.vc_custom_1501496172846{margin-top: 20px !important;margin-bottom: 20px !important;}&#8221;][vc_column_inner width=&#8221;1\/5&#8243;][vc_single_image image=&#8221;17028&#8243; img_size=&#8221;330&#215;413&#8243; alignment=&#8221;center&#8221; css=&#8221;.vc_custom_1685978172540{margin-bottom: 20px&hellip;","og_url":"https:\/\/podologiaeuskadi.com\/eu\/junta-de-gobierno\/","og_site_name":"Colegio Oficial de Podolog\u00eda de Pa\u00eds Vasco","article_publisher":"https:\/\/www.facebook.com\/ColegioPodologosEuskadi\/","article_modified_time":"2025-09-11T11:11:20+00:00","twitter_card":"summary_large_image","twitter_site":"@CPodologos","twitter_misc":{"Est. reading time":"1 minute"},"schema":{"@context":"https:\/\/schema.org","@graph":[{"@type":"WebPage","@id":"https:\/\/podologiaeuskadi.com\/eu\/junta-de-gobierno\/","url":"https:\/\/podologiaeuskadi.com\/eu\/junta-de-gobierno\/","name":"Gobernu Batzordea - Colegio Oficial de Podolog\u00eda de Pa\u00eds Vasco","isPartOf":{"@id":"https:\/\/podologiaeuskadi.com\/#website"},"datePublished":"2023-09-08T16:28:13+00:00","dateModified":"2025-09-11T11:11:20+00:00","breadcrumb":{"@id":"https:\/\/podologiaeuskadi.com\/eu\/junta-de-gobierno\/#breadcrumb"},"inLanguage":"eu-ES","potentialAction":[{"@type":"ReadAction","target":["https:\/\/podologiaeuskadi.com\/eu\/junta-de-gobierno\/"]}]},{"@type":"BreadcrumbList","@id":"https:\/\/podologiaeuskadi.com\/eu\/junta-de-gobierno\/#breadcrumb","itemListElement":[{"@type":"ListItem","position":1,"name":"Portada","item":"https:\/\/podologiaeuskadi.com\/eu\/"},{"@type":"ListItem","position":2,"name":"Gobernu Batzordea"}]},{"@type":"WebSite","@id":"https:\/\/podologiaeuskadi.com\/#website","url":"https:\/\/podologiaeuskadi.com\/","name":"Colegio Oficial de Pod\u00f3logos del Pa\u00eds Vasco","description":"Colegio Oficial de Podolog\u00eda de Pa\u00eds Vasco","publisher":{"@id":"https:\/\/podologiaeuskadi.com\/#organization"},"potentialAction":[{"@type":"SearchAction","target":{"@type":"EntryPoint","urlTemplate":"https:\/\/podologiaeuskadi.com\/?s={search_term_string}"},"query-input":{"@type":"PropertyValueSpecification","valueRequired":true,"valueName":"search_term_string"}}],"inLanguage":"eu-ES"},{"@type":"Organization","@id":"https:\/\/podologiaeuskadi.com\/#organization","name":"Colegio Oficial de Pod\u00f3logos del Pa\u00eds Vasco","url":"https:\/\/podologiaeuskadi.com\/","logo":{"@type":"ImageObject","inLanguage":"eu-ES","@id":"https:\/\/podologiaeuskadi.com\/#\/schema\/logo\/image\/","url":"https:\/\/podologiaeuskadi.com\/wp-content\/uploads\/2024\/04\/240423-col-podologos-2.jpg","contentUrl":"https:\/\/podologiaeuskadi.com\/wp-content\/uploads\/2024\/04\/240423-col-podologos-2.jpg","width":1660,"height":822,"caption":"Colegio Oficial de Pod\u00f3logos del Pa\u00eds Vasco"},"image":{"@id":"https:\/\/podologiaeuskadi.com\/#\/schema\/logo\/image\/"},"sameAs":["https:\/\/www.facebook.com\/ColegioPodologosEuskadi\/","https:\/\/x.com\/CPodologos","https:\/\/www.youtube.com\/@colegiopodologosdelpaisvas9357"]}]}},"_links":{"self":[{"href":"https:\/\/podologiaeuskadi.com\/eu\/wp-json\/wp\/v2\/pages\/18377","targetHints":{"allow":["GET"]}}],"collection":[{"href":"https:\/\/podologiaeuskadi.com\/eu\/wp-json\/wp\/v2\/pages"}],"about":[{"href":"https:\/\/podologiaeuskadi.com\/eu\/wp-json\/wp\/v2\/types\/page"}],"author":[{"embeddable":true,"href":"https:\/\/podologiaeuskadi.com\/eu\/wp-json\/wp\/v2\/users\/1"}],"replies":[{"embeddable":true,"href":"https:\/\/podologiaeuskadi.com\/eu\/wp-json\/wp\/v2\/comments?post=18377"}],"version-history":[{"count":5,"href":"https:\/\/podologiaeuskadi.com\/eu\/wp-json\/wp\/v2\/pages\/18377\/revisions"}],"predecessor-version":[{"id":21966,"href":"https:\/\/podologiaeuskadi.com\/eu\/wp-json\/wp\/v2\/pages\/18377\/revisions\/21966"}],"wp:attachment":[{"href":"https:\/\/podologiaeuskadi.com\/eu\/wp-json\/wp\/v2\/media?parent=18377"}],"curies":[{"name":"wp","href":"https:\/\/api.w.org\/{rel}","templated":true}]}}