{"id":18392,"date":"2023-09-08T18:30:44","date_gmt":"2023-09-08T16:30:44","guid":{"rendered":"https:\/\/podologiaeuskadi.com\/peritos-judiciales\/"},"modified":"2026-01-08T15:25:04","modified_gmt":"2026-01-08T13:25:04","slug":"peritos-judiciales","status":"publish","type":"page","link":"https:\/\/podologiaeuskadi.com\/eu\/peritos-judiciales\/","title":{"rendered":"Peritu Judizialak"},"content":{"rendered":"<div class=\"wpb-content-wrapper\"><p>[vc_row][vc_column][vc_single_image image=&#8221;18165&#8243; img_size=&#8221;full&#8221;][\/vc_column][\/vc_row][vc_row][vc_column][vc_custom_heading text=&#8221;Peritu Judizialak&#8221; use_theme_fonts=&#8221;yes&#8221;][vc_column_text]<\/p>\n<h3>Epaiketa zibiletan peritu gisa jarduteko podologoak 2026<\/h3>\n<ul>\n<li>\n<h4><span style=\"color: #761d33;\">HIRU LURALDEETAN (Araba, Bizkaia, Gipuzkoa)<\/span><\/h4>\n<\/li>\n<\/ul>\n<h5><strong><span style=\"color: #761d33;\">LEIRE AREJITA ANITUA<\/span><\/strong><br \/>\n838480360. elkargokidea<\/h5>\n<p>Gordoniz Kalea 32, 1.sol, ezk<br \/>\n48012 Bilbao<br \/>\nTel. 671148149<br \/>\namezolapodologiaybiomecanica@gmail.com<\/p>\n<h5><strong><span style=\"color: #761d33;\">PABLO MART\u00cdNEZ-ESCAURIAZA PERAL<\/span><\/strong><br \/>\n838480291. elkargokidea<\/h5>\n<p>Sanatorio Bilbaino<br \/>\nGordoniz kalea 18, 1.sol, 106.bul<br \/>\n48010 Bilbao<br \/>\nTel. 646348267<br \/>\npofo291@gmail.com<\/p>\n<p><span style=\"color: #f7f2f2;\">.<\/span><\/p>\n<ul>\n<li>\n<h4><span style=\"color: #761d33;\">BIZKAIAN<\/span><\/h4>\n<\/li>\n<\/ul>\n<h5><span style=\"color: #761d33;\">ANA GUTIERREZ RIVERO<\/span><br \/>\n838480386. Elkargokidea<\/h5>\n<p>Trauko kalea 16, Lokala 2D. 48007 Bilbao<br \/>\nTel. 946 408 948<br \/>\nanitapodologuita@gmail.com<\/p>\n<h5><span style=\"color: #761d33;\">NIETO PODOLOG\u00cdA AVANZADA, S.L.<\/span><br \/>\n838480076. elkargokidea<\/h5>\n<p>Gipuzkoa kalea 10, 1.lokala.<br \/>\n48901 Barakaldo<br \/>\nTel. 944380595<br \/>\nsanifa3@gmail.com<\/p>\n<h5><span style=\"color: #761d33;\">IVAN G\u00d3MEZ GUILL\u00c9N<\/span><br \/>\n838480372. elkargokidea<\/h5>\n<p>Bilbao etorbidea 18, behea, ezk.<br \/>\n48530 Ortuella<br \/>\nTel. 633526892<br \/>\nivangomezguillen@gmail.com<\/p>\n<\/div>","protected":false},"excerpt":{"rendered":"<p>[vc_row][vc_column][vc_single_image image=&#8221;18165&#8243; img_size=&#8221;full&#8221;][\/vc_column][\/vc_row][vc_row][vc_column][vc_custom_heading text=&#8221;Peritu Judizialak&#8221; use_theme_fonts=&#8221;yes&#8221;][vc_column_text] Epaiketa zibiletan peritu gisa jarduteko podologoak 2026 HIRU LURALDEETAN (Araba, Bizkaia, Gipuzkoa) LEIRE AREJITA ANITUA 838480360. elkargokidea Gordoniz Kalea 32, 1.sol, ezk 48012 Bilbao Tel. 671148149 amezolapodologiaybiomecanica@gmail.com PABLO MART\u00cdNEZ-ESCAURIAZA PERAL 838480291. elkargokidea Sanatorio Bilbaino Gordoniz kalea 18, 1.sol, 106.bul 48010 Bilbao Tel. 646348267 pofo291@gmail.com . BIZKAIAN ANA GUTIERREZ RIVERO&hellip;<\/p>\n","protected":false},"author":1,"featured_media":0,"parent":0,"menu_order":0,"comment_status":"closed","ping_status":"closed","template":"","meta":{"footnotes":""},"class_list":["post-18392","page","type-page","status-publish","hentry","description-off"],"yoast_head":"<!-- This site is optimized with the Yoast SEO plugin v27.4 - https:\/\/yoast.com\/product\/yoast-seo-wordpress\/ -->\n<title>Peritu Judizialak - Colegio Oficial de Podolog\u00eda de Pa\u00eds Vasco<\/title>\n<meta name=\"robots\" content=\"index, follow, max-snippet:-1, max-image-preview:large, max-video-preview:-1\" \/>\n<link rel=\"canonical\" href=\"https:\/\/podologiaeuskadi.com\/eu\/peritos-judiciales\/\" \/>\n<meta property=\"og:locale\" content=\"eu_ES\" \/>\n<meta property=\"og:type\" content=\"article\" \/>\n<meta property=\"og:title\" content=\"Peritu Judizialak - Colegio Oficial de Podolog\u00eda de Pa\u00eds Vasco\" \/>\n<meta property=\"og:description\" content=\"[vc_row][vc_column][vc_single_image image=&#8221;18165&#8243; img_size=&#8221;full&#8221;][\/vc_column][\/vc_row][vc_row][vc_column][vc_custom_heading text=&#8221;Peritu Judizialak&#8221; use_theme_fonts=&#8221;yes&#8221;][vc_column_text] Epaiketa zibiletan peritu gisa jarduteko podologoak 2026 HIRU LURALDEETAN (Araba, Bizkaia, Gipuzkoa) LEIRE AREJITA ANITUA 838480360. elkargokidea Gordoniz Kalea 32, 1.sol, ezk 48012 Bilbao Tel. 671148149 amezolapodologiaybiomecanica@gmail.com PABLO MART\u00cdNEZ-ESCAURIAZA PERAL 838480291. elkargokidea Sanatorio Bilbaino Gordoniz kalea 18, 1.sol, 106.bul 48010 Bilbao Tel. 646348267 pofo291@gmail.com . BIZKAIAN ANA GUTIERREZ RIVERO&hellip;\" \/>\n<meta property=\"og:url\" content=\"https:\/\/podologiaeuskadi.com\/eu\/peritos-judiciales\/\" \/>\n<meta property=\"og:site_name\" content=\"Colegio Oficial de Podolog\u00eda de Pa\u00eds Vasco\" \/>\n<meta property=\"article:publisher\" content=\"https:\/\/www.facebook.com\/ColegioPodologosEuskadi\/\" \/>\n<meta property=\"article:modified_time\" content=\"2026-01-08T13:25:04+00:00\" \/>\n<meta name=\"twitter:card\" content=\"summary_large_image\" \/>\n<meta name=\"twitter:site\" content=\"@CPodologos\" \/>\n<meta name=\"twitter:label1\" content=\"Est. reading time\" \/>\n\t<meta name=\"twitter:data1\" content=\"1 minute\" \/>\n<script type=\"application\/ld+json\" class=\"yoast-schema-graph\">{\"@context\":\"https:\\\/\\\/schema.org\",\"@graph\":[{\"@type\":\"WebPage\",\"@id\":\"https:\\\/\\\/podologiaeuskadi.com\\\/eu\\\/peritos-judiciales\\\/\",\"url\":\"https:\\\/\\\/podologiaeuskadi.com\\\/eu\\\/peritos-judiciales\\\/\",\"name\":\"Peritu Judizialak - Colegio Oficial de Podolog\u00eda de Pa\u00eds Vasco\",\"isPartOf\":{\"@id\":\"https:\\\/\\\/podologiaeuskadi.com\\\/#website\"},\"datePublished\":\"2023-09-08T16:30:44+00:00\",\"dateModified\":\"2026-01-08T13:25:04+00:00\",\"breadcrumb\":{\"@id\":\"https:\\\/\\\/podologiaeuskadi.com\\\/eu\\\/peritos-judiciales\\\/#breadcrumb\"},\"inLanguage\":\"eu-ES\",\"potentialAction\":[{\"@type\":\"ReadAction\",\"target\":[\"https:\\\/\\\/podologiaeuskadi.com\\\/eu\\\/peritos-judiciales\\\/\"]}]},{\"@type\":\"BreadcrumbList\",\"@id\":\"https:\\\/\\\/podologiaeuskadi.com\\\/eu\\\/peritos-judiciales\\\/#breadcrumb\",\"itemListElement\":[{\"@type\":\"ListItem\",\"position\":1,\"name\":\"Portada\",\"item\":\"https:\\\/\\\/podologiaeuskadi.com\\\/eu\\\/\"},{\"@type\":\"ListItem\",\"position\":2,\"name\":\"Peritu Judizialak\"}]},{\"@type\":\"WebSite\",\"@id\":\"https:\\\/\\\/podologiaeuskadi.com\\\/#website\",\"url\":\"https:\\\/\\\/podologiaeuskadi.com\\\/\",\"name\":\"Colegio Oficial de Pod\u00f3logos del Pa\u00eds Vasco\",\"description\":\"Colegio Oficial de Podolog\u00eda de Pa\u00eds Vasco\",\"publisher\":{\"@id\":\"https:\\\/\\\/podologiaeuskadi.com\\\/#organization\"},\"potentialAction\":[{\"@type\":\"SearchAction\",\"target\":{\"@type\":\"EntryPoint\",\"urlTemplate\":\"https:\\\/\\\/podologiaeuskadi.com\\\/?s={search_term_string}\"},\"query-input\":{\"@type\":\"PropertyValueSpecification\",\"valueRequired\":true,\"valueName\":\"search_term_string\"}}],\"inLanguage\":\"eu-ES\"},{\"@type\":\"Organization\",\"@id\":\"https:\\\/\\\/podologiaeuskadi.com\\\/#organization\",\"name\":\"Colegio Oficial de Pod\u00f3logos del Pa\u00eds Vasco\",\"url\":\"https:\\\/\\\/podologiaeuskadi.com\\\/\",\"logo\":{\"@type\":\"ImageObject\",\"inLanguage\":\"eu-ES\",\"@id\":\"https:\\\/\\\/podologiaeuskadi.com\\\/#\\\/schema\\\/logo\\\/image\\\/\",\"url\":\"https:\\\/\\\/podologiaeuskadi.com\\\/wp-content\\\/uploads\\\/2024\\\/04\\\/240423-col-podologos-2.jpg\",\"contentUrl\":\"https:\\\/\\\/podologiaeuskadi.com\\\/wp-content\\\/uploads\\\/2024\\\/04\\\/240423-col-podologos-2.jpg\",\"width\":1660,\"height\":822,\"caption\":\"Colegio Oficial de Pod\u00f3logos del Pa\u00eds Vasco\"},\"image\":{\"@id\":\"https:\\\/\\\/podologiaeuskadi.com\\\/#\\\/schema\\\/logo\\\/image\\\/\"},\"sameAs\":[\"https:\\\/\\\/www.facebook.com\\\/ColegioPodologosEuskadi\\\/\",\"https:\\\/\\\/x.com\\\/CPodologos\",\"https:\\\/\\\/www.youtube.com\\\/@colegiopodologosdelpaisvas9357\"]}]}<\/script>\n<!-- \/ Yoast SEO plugin. -->","yoast_head_json":{"title":"Peritu Judizialak - Colegio Oficial de Podolog\u00eda de Pa\u00eds Vasco","robots":{"index":"index","follow":"follow","max-snippet":"max-snippet:-1","max-image-preview":"max-image-preview:large","max-video-preview":"max-video-preview:-1"},"canonical":"https:\/\/podologiaeuskadi.com\/eu\/peritos-judiciales\/","og_locale":"eu_ES","og_type":"article","og_title":"Peritu Judizialak - Colegio Oficial de Podolog\u00eda de Pa\u00eds Vasco","og_description":"[vc_row][vc_column][vc_single_image image=&#8221;18165&#8243; img_size=&#8221;full&#8221;][\/vc_column][\/vc_row][vc_row][vc_column][vc_custom_heading text=&#8221;Peritu Judizialak&#8221; use_theme_fonts=&#8221;yes&#8221;][vc_column_text] Epaiketa zibiletan peritu gisa jarduteko podologoak 2026 HIRU LURALDEETAN (Araba, Bizkaia, Gipuzkoa) LEIRE AREJITA ANITUA 838480360. elkargokidea Gordoniz Kalea 32, 1.sol, ezk 48012 Bilbao Tel. 671148149 amezolapodologiaybiomecanica@gmail.com PABLO MART\u00cdNEZ-ESCAURIAZA PERAL 838480291. elkargokidea Sanatorio Bilbaino Gordoniz kalea 18, 1.sol, 106.bul 48010 Bilbao Tel. 646348267 pofo291@gmail.com . BIZKAIAN ANA GUTIERREZ RIVERO&hellip;","og_url":"https:\/\/podologiaeuskadi.com\/eu\/peritos-judiciales\/","og_site_name":"Colegio Oficial de Podolog\u00eda de Pa\u00eds Vasco","article_publisher":"https:\/\/www.facebook.com\/ColegioPodologosEuskadi\/","article_modified_time":"2026-01-08T13:25:04+00:00","twitter_card":"summary_large_image","twitter_site":"@CPodologos","twitter_misc":{"Est. reading time":"1 minute"},"schema":{"@context":"https:\/\/schema.org","@graph":[{"@type":"WebPage","@id":"https:\/\/podologiaeuskadi.com\/eu\/peritos-judiciales\/","url":"https:\/\/podologiaeuskadi.com\/eu\/peritos-judiciales\/","name":"Peritu Judizialak - Colegio Oficial de Podolog\u00eda de Pa\u00eds Vasco","isPartOf":{"@id":"https:\/\/podologiaeuskadi.com\/#website"},"datePublished":"2023-09-08T16:30:44+00:00","dateModified":"2026-01-08T13:25:04+00:00","breadcrumb":{"@id":"https:\/\/podologiaeuskadi.com\/eu\/peritos-judiciales\/#breadcrumb"},"inLanguage":"eu-ES","potentialAction":[{"@type":"ReadAction","target":["https:\/\/podologiaeuskadi.com\/eu\/peritos-judiciales\/"]}]},{"@type":"BreadcrumbList","@id":"https:\/\/podologiaeuskadi.com\/eu\/peritos-judiciales\/#breadcrumb","itemListElement":[{"@type":"ListItem","position":1,"name":"Portada","item":"https:\/\/podologiaeuskadi.com\/eu\/"},{"@type":"ListItem","position":2,"name":"Peritu Judizialak"}]},{"@type":"WebSite","@id":"https:\/\/podologiaeuskadi.com\/#website","url":"https:\/\/podologiaeuskadi.com\/","name":"Colegio Oficial de Pod\u00f3logos del Pa\u00eds Vasco","description":"Colegio Oficial de Podolog\u00eda de Pa\u00eds Vasco","publisher":{"@id":"https:\/\/podologiaeuskadi.com\/#organization"},"potentialAction":[{"@type":"SearchAction","target":{"@type":"EntryPoint","urlTemplate":"https:\/\/podologiaeuskadi.com\/?s={search_term_string}"},"query-input":{"@type":"PropertyValueSpecification","valueRequired":true,"valueName":"search_term_string"}}],"inLanguage":"eu-ES"},{"@type":"Organization","@id":"https:\/\/podologiaeuskadi.com\/#organization","name":"Colegio Oficial de Pod\u00f3logos del Pa\u00eds Vasco","url":"https:\/\/podologiaeuskadi.com\/","logo":{"@type":"ImageObject","inLanguage":"eu-ES","@id":"https:\/\/podologiaeuskadi.com\/#\/schema\/logo\/image\/","url":"https:\/\/podologiaeuskadi.com\/wp-content\/uploads\/2024\/04\/240423-col-podologos-2.jpg","contentUrl":"https:\/\/podologiaeuskadi.com\/wp-content\/uploads\/2024\/04\/240423-col-podologos-2.jpg","width":1660,"height":822,"caption":"Colegio Oficial de Pod\u00f3logos del Pa\u00eds Vasco"},"image":{"@id":"https:\/\/podologiaeuskadi.com\/#\/schema\/logo\/image\/"},"sameAs":["https:\/\/www.facebook.com\/ColegioPodologosEuskadi\/","https:\/\/x.com\/CPodologos","https:\/\/www.youtube.com\/@colegiopodologosdelpaisvas9357"]}]}},"_links":{"self":[{"href":"https:\/\/podologiaeuskadi.com\/eu\/wp-json\/wp\/v2\/pages\/18392","targetHints":{"allow":["GET"]}}],"collection":[{"href":"https:\/\/podologiaeuskadi.com\/eu\/wp-json\/wp\/v2\/pages"}],"about":[{"href":"https:\/\/podologiaeuskadi.com\/eu\/wp-json\/wp\/v2\/types\/page"}],"author":[{"embeddable":true,"href":"https:\/\/podologiaeuskadi.com\/eu\/wp-json\/wp\/v2\/users\/1"}],"replies":[{"embeddable":true,"href":"https:\/\/podologiaeuskadi.com\/eu\/wp-json\/wp\/v2\/comments?post=18392"}],"version-history":[{"count":6,"href":"https:\/\/podologiaeuskadi.com\/eu\/wp-json\/wp\/v2\/pages\/18392\/revisions"}],"predecessor-version":[{"id":22423,"href":"https:\/\/podologiaeuskadi.com\/eu\/wp-json\/wp\/v2\/pages\/18392\/revisions\/22423"}],"wp:attachment":[{"href":"https:\/\/podologiaeuskadi.com\/eu\/wp-json\/wp\/v2\/media?parent=18392"}],"curies":[{"name":"wp","href":"https:\/\/api.w.org\/{rel}","templated":true}]}}