{"id":18394,"date":"2023-09-08T18:30:55","date_gmt":"2023-09-08T16:30:55","guid":{"rendered":"https:\/\/podologiaeuskadi.com\/politica-de-cookies\/"},"modified":"2023-11-13T19:29:53","modified_gmt":"2023-11-13T17:29:53","slug":"politica-de-cookies","status":"publish","type":"page","link":"https:\/\/podologiaeuskadi.com\/eu\/politica-de-cookies\/","title":{"rendered":"Pol\u00edtica de Cookies"},"content":{"rendered":"<div class=\"wpb-content-wrapper\"><p>[vc_row][vc_column][vc_column_text]<\/p>\n<h1 id=\"parent-fieldname-title\" class=\"documentFirstHeading\">Pol\u00edtica de Cookies<\/h1>\n<div id=\"content-core\">\n<div id=\"parent-fieldname-text-b53aca1e6ba3a5ffcb120f811031f0f7\" class=\"\">\n<p class=\"western\" align=\"justify\"><a class=\"external-link\" href=\"https:\/\/podologiaeuskadi.com\/eu\/\"><i>https:\/\/<\/i>podologia<strong>euskadi<\/strong>.com<i>\/<\/i><\/a>\u00a0utiliza\u00a0<i>cookies<\/i>\u00a0con la finalidad de prestarle una mejor experiencia en su navegaci\u00f3n. Asimismo, en caso de que preste su consentimiento, utilizaremos<i>\u00a0cookies<\/i>\u00a0que nos permitan obtener m\u00e1s informaci\u00f3n acerca de sus preferencias y personalizar nuestro Sitio Web de conformidad con sus intereses individuales, para que tenga una navegaci\u00f3n m\u00e1s fluida y personalizada.<\/p>\n<p class=\"western\" align=\"justify\">Queremos informarle de manera clara y precisa sobre las<i>\u00a0cookies<\/i>\u00a0que utilizamos en nuestro sitio web. En caso de que quiera obtener m\u00e1s informaci\u00f3n sobre el uso y la finalidad que hacemos de las\u00a0<i>cookies<\/i>\u00a0implementadas en nuestro sitio web, puede escribir un correo electr\u00f3nico a colegio@podologiaeuskadi.com<\/p>\n<h3>\u00bfQu\u00e9 es una\u00a0<i>cookie<\/i>?<\/h3>\n<p class=\"western\" align=\"justify\">Una\u00a0<i>cookie<\/i>\u00a0es un peque\u00f1o archivo que se descarga en el ordenador, tablet o smartphone del usuario, con la finalidad de almacenar datos e informaci\u00f3n que podr\u00e1n ser actualizados y recuperados por la entidad responsable de su instalaci\u00f3n.<\/p>\n<p class=\"western\" align=\"justify\">La informaci\u00f3n recabada a trav\u00e9s de las\u00a0<i>cookies<\/i>\u00a0puede incluir la fecha y hora de visitas al sitio web, las distintas pesta\u00f1as que usted ha visionado o el tiempo que ha permanecido en el mismo.<\/p>\n<h3 class=\"western\" align=\"justify\">\u00bfQu\u00e9 tipo de\u00a0<i>cookies<\/i>\u00a0utiliza este sitio web?<\/h3>\n<p>\u00c9ste sitio web no utiliza cookies propias, tan solo de terceros siendo \u00e9stas las relativas al seguimiento realizado por Google Analytics.<\/p>\n<h4>Cookies de terceros<\/h4>\n<p class=\"western\" align=\"justify\">Son aquellas que se env\u00edan a su equipo desde un equipo o dominio que no es gestionado por nosotros, sino por otra entidad colaboradora. Las\u00a0<i>cookies<\/i>\u00a0anal\u00edticas utilizadas por Google, o las utilizadas por las redes sociales para ofrecer al usuario la posibilidad de compartir o recomendar contenidos de nuestra p\u00e1gina web en las mismas.<\/p>\n<p class=\"western\" align=\"justify\">Adem\u00e1s, seg\u00fan la finalidad para las que se traten los datos obtenidos a trav\u00e9s de ellas, las cookies pueden ser:<\/p>\n<table class=\"plain\">\n<tbody>\n<tr>\n<td>NOMBRE<\/td>\n<td>DESCRIPCI\u00d3N<\/td>\n<td>FINALIDAD<\/td>\n<\/tr>\n<tr>\n<td>Tipo 1<\/td>\n<td>Cookies t\u00e9cnicas<\/td>\n<td>Permiten al usuario la navegaci\u00f3n a trav\u00e9s de una p\u00e1gina web, plataforma o aplicaci\u00f3n y la utilizaci\u00f3n de las diferentes opciones o servicios que en ella existan, incluyendo aquellas que el editor utiliza para permitir la gesti\u00f3n y operativa de la p\u00e1gina web y habilitar sus funciones y servicios, como, por ejemplo, controlar el tr\u00e1fico y la comunicaci\u00f3n de datos, identificar la sesi\u00f3n acceder a partes de acceso restringido, entre otras funcionalidades<\/td>\n<\/tr>\n<tr>\n<td>Tipo 2<\/td>\n<td>Cookies de preferencia o personalizaci\u00f3n<\/td>\n<td>Permiten recordar informaci\u00f3n para que el usuario acceda al servicio con determinadas caracter\u00edsticas que pueden diferenciar su experiencia de la de otros usuarios, como, por ejemplo, el idioma, el n\u00famero de resultados a mostrar cuando el usuario realiza una b\u00fasqueda, el aspecto o contenido del servicio en funci\u00f3n del tipo de navegador a trav\u00e9s del cual el usuario accede al servicio o de la regi\u00f3n desde la que accede al servicio, etc.<\/td>\n<\/tr>\n<tr>\n<td>Tipo 3<\/td>\n<td>Cookies de an\u00e1lisis o medici\u00f3n<\/td>\n<td>Son aquellas que permiten al responsable de las mismas el seguimiento y an\u00e1lisis del comportamiento de los usuarios de los sitios web a los que est\u00e1n vinculadas, incluida la cuantificaci\u00f3n de los impactos de los anuncios. La informaci\u00f3n recogida mediante este tipo de cookies se utiliza en la medici\u00f3n de la actividad de los sitios web, aplicaci\u00f3n o plataforma, con el fin de introducir mejoras en funci\u00f3n del an\u00e1lisis de los datos de uso que hacen los usuarios del servicio.<\/td>\n<\/tr>\n<tr>\n<td>Tipo 4<\/td>\n<td>Cookies de publicidad comportamental<\/td>\n<td>Son aquellas que almacenan informaci\u00f3n del comportamiento de los usuarios obtenida a trav\u00e9s de la observaci\u00f3n continuada de sus h\u00e1bitos de navegaci\u00f3n, lo que permite desarrollar un perfil espec\u00edfico para mostrar publicidad en funci\u00f3n del mismo.<\/td>\n<\/tr>\n<\/tbody>\n<\/table>\n<p class=\"western\" align=\"justify\">A continuaci\u00f3n, se detallan todas las<i>\u00a0cookies<\/i>\u00a0de terceros utilizadas por este sitio web, as\u00ed como sus caracter\u00edsticas y finalidades:<\/p>\n<div>\n<div class=\"CookieDeclaration\" dir=\"ltr\" lang=\"es\">\n<p class=\"CookieDeclarationDialogText\">Este sitio web usa cookies.<\/p>\n<p>En este sitio web utilizamos cookies de terceros que se usan para personalizar el contenido y los anuncios, ofrecer funciones de redes sociales y analizar el tr\u00e1fico. Adem\u00e1s, compartimos informaci\u00f3n sobre el uso que haga el sitio web con nuestros partners de redes sociales, publicidad y an\u00e1lisis web, quienes pueden combinarla con otra informaci\u00f3n que les haya proporcionado o que hayan recopilado a partir del uso que haya hecho de sus servicios.<\/p>\n<p>Para m\u00e1s informaci\u00f3n\u00a0<a href=\"https:\/\/podologiaeuskadi.com\/eu\/politica-de-cookies\/\">CLICKA AQU\u00cd<\/a>.<\/p>\n<p>Puedes aceptar todas las cookies pulsando el bot\u00f3n aceptar o configurarlas o rechazarlas.<\/p><\/div>\n<\/div>\n<\/div>\n<\/div>\n<p>[\/vc_column_text][\/vc_column][\/vc_row][vc_row][vc_column][vc_raw_html]JTNDc2NyaXB0JTIwaWQlM0QlMjJDb29raWVEZWNsYXJhdGlvbiUyMiUyMHNyYyUzRCUyMmh0dHBzJTNBJTJGJTJGY29uc2VudC5jb29raWVib3QuY29tJTJGYjgxNWUxZTItNzBlMi00ZDk4LWFjNzktZWE0ZTI4NWQxOTcxJTJGY2QuanMlMjIlMjB0eXBlJTNEJTIydGV4dCUyRmphdmFzY3JpcHQlMjIlMjBhc3luYyUzRSUzQyUyRnNjcmlwdCUzRQ==[\/vc_raw_html][\/vc_column][\/vc_row][vc_row][vc_column][vc_column_text]<\/p>\n<p class=\"western\" align=\"justify\"><strong>Redes sociales:<\/strong><\/p>\n<p>Si comparte contenido de este sitio web mediante redes sociales como Facebook y Twitter, es posible que reciba cookies de dichos sitios web. Los ajustes de las cookies de terceros no est\u00e1n bajo el control del titular de la Web, por lo que le sugerimos que compruebe los sitios web de terceros para obtener m\u00e1s informaci\u00f3n sobre sus cookies y c\u00f3mo gestionarlas.<\/p>\n<h3 class=\"western\" align=\"justify\">\u00bfC\u00f3mo puedo configurar o deshabilitar las\u00a0<i>cookies<\/i>\u00a0que utiliza este sitio web?<\/h3>\n<p class=\"western\" align=\"justify\">restringir o bloquear las cookies, usted deber\u00e1 modificar la configuraci\u00f3n del navegador que utilice en su equipo. Con car\u00e1cter general los navegadores ofrecen las siguientes opciones de configuraci\u00f3n en relaci\u00f3n a la instalaci\u00f3n de cookies:<\/p>\n<p class=\"western\" align=\"left\"><strong>&#8211; Internet Explorer<\/strong>:\u00a0<a href=\"http:\/\/windows.microsoft.com\/is-IS\/windows7\/How-to-manage-cookies-in-Internet-Explorer-9\" target=\"_blank\" rel=\"noopener\">http:\/\/windows.microsoft.com\/is-IS\/windows7\/How-to-manage-cookies-in-Internet-Explorer-9<\/a><\/p>\n<p class=\"western\" align=\"left\"><strong>&#8211; Firefox<\/strong><strong>:\u00a0<\/strong><a href=\"http:\/\/support.mozilla.org\/en-US\/kb\/Cookies\" target=\"_blank\" rel=\"noopener\">http:\/\/support.mozilla.org\/en-US\/kb\/Cookies<\/a><\/p>\n<p class=\"western\" align=\"left\"><strong>&#8211; Chrome:\u00a0<\/strong><a href=\"http:\/\/support.google.com\/chrome\/bin\/answer.py?hl=en&amp;answer=95647\" target=\"_blank\" rel=\"noopener\">http:\/\/support.google.com\/chrome\/bin\/answer.py?hl=en&amp;answer=95647<\/a>\u00a0&#8211;<strong>\u00a0Safari:\u00a0<\/strong><a href=\"http:\/\/support.apple.com\/kb\/PH5042\" target=\"_blank\" rel=\"noopener\">http:\/\/support.apple.com\/kb\/PH5042<\/a>\u00a0(y para iOS &#8211;\u00a0<a href=\"http:\/\/support.apple.com\/kb\/HT1677\" target=\"_blank\" rel=\"noopener\">http:\/\/support.apple.com\/kb\/HT1677<\/a>)<\/p>\n<p class=\"western\" align=\"justify\">Si se impide la instalaci\u00f3n de todas las cookies de la p\u00e1gina web, algunas funcionalidades de la misma, as\u00ed como algunos contenidos pueden verse afectados.<\/p>\n<h3 class=\"western\" align=\"justify\">Cambios en la Pol\u00edtica de cookies<\/h3>\n<p class=\"western\" align=\"justify\">Es posible que actualicemos la Pol\u00edtica de Cookies de nuestro sitio web, por ello le recomendamos revisar esta pol\u00edtica cada vez que acceda a nuestro Sitio Web con el objetivo de estar adecuadamente informado sobre c\u00f3mo y para qu\u00e9 usamos las\u00a0<i>cookies<\/i>.<\/p>\n<p class=\"western\" align=\"justify\">La Pol\u00edtica de Cookies del Colegio de Pod\u00f3logos de Euskadi, se actualiz\u00f3 por \u00farestringir o bloquear las cookies, usted deber\u00e1 modificar la configuraci\u00f3n del navegador que utilice en su equipo. Con car\u00e1cter general los navegadores ofrecen las siguientes opciones de configuraci\u00f3n en relaci\u00f3n a la instalaci\u00f3n de cookies:<\/p>\n<p class=\"western\" align=\"left\"><strong>&#8211; Internet Explorer<\/strong>:\u00a0<a href=\"http:\/\/windows.microsoft.com\/is-IS\/windows7\/How-to-manage-cookies-in-Internet-Explorer-9\" target=\"_blank\" rel=\"noopener\">http:\/\/windows.microsoft.com\/is-IS\/windows7\/How-to-manage-cookies-in-Internet-Explorer-9<\/a><\/p>\n<p class=\"western\" align=\"left\"><strong>&#8211; Firefox<\/strong><strong>:\u00a0<\/strong><a href=\"http:\/\/support.mozilla.org\/en-US\/kb\/Cookies\" target=\"_blank\" rel=\"noopener\">http:\/\/support.mozilla.org\/en-US\/kb\/Cookies<\/a><\/p>\n<p class=\"western\" align=\"left\"><strong>&#8211; Chrome:\u00a0<\/strong><a href=\"http:\/\/support.google.com\/chrome\/bin\/answer.py?hl=en&amp;answer=95647\" target=\"_blank\" rel=\"noopener\">http:\/\/support.google.com\/chrome\/bin\/answer.py?hl=en&amp;answer=95647<\/a>\u00a0&#8211;<strong>\u00a0Safari:\u00a0<\/strong><a href=\"http:\/\/support.apple.com\/kb\/PH5042\" target=\"_blank\" rel=\"noopener\">http:\/\/support.apple.com\/kb\/PH5042<\/a>\u00a0(y para iOS &#8211;\u00a0<a href=\"http:\/\/support.apple.com\/kb\/HT1677\" target=\"_blank\" rel=\"noopener\">http:\/\/support.apple.com\/kb\/HT1677<\/a>)<\/p>\n<p class=\"western\" align=\"justify\">Si se impide la instalaci\u00f3n de todas las cookies de la p\u00e1gina web, algunas funcionalidades de la misma, as\u00ed como algunos contenidos pueden verse afectados.<\/p>\n<p>[\/vc_column_text][\/vc_column][\/vc_row]<\/p>\n<\/div>","protected":false},"excerpt":{"rendered":"<p>[vc_row][vc_column][vc_column_text] Pol\u00edtica de Cookies https:\/\/podologiaeuskadi.com\/\u00a0utiliza\u00a0cookies\u00a0con la finalidad de prestarle una mejor experiencia en su navegaci\u00f3n. Asimismo, en caso de que preste su consentimiento, utilizaremos\u00a0cookies\u00a0que nos permitan obtener m\u00e1s informaci\u00f3n acerca de sus preferencias y personalizar nuestro Sitio Web de conformidad con sus intereses individuales, para que tenga una navegaci\u00f3n m\u00e1s fluida y personalizada. Queremos informarle&hellip;<\/p>\n","protected":false},"author":1,"featured_media":0,"parent":0,"menu_order":0,"comment_status":"closed","ping_status":"closed","template":"","meta":{"footnotes":""},"class_list":["post-18394","page","type-page","status-publish","hentry","description-off"],"yoast_head":"<!-- This site is optimized with the Yoast SEO plugin v27.4 - https:\/\/yoast.com\/product\/yoast-seo-wordpress\/ -->\n<title>Pol\u00edtica de Cookies - Colegio Oficial de Podolog\u00eda de Pa\u00eds Vasco<\/title>\n<meta name=\"robots\" content=\"index, follow, max-snippet:-1, max-image-preview:large, max-video-preview:-1\" \/>\n<link rel=\"canonical\" href=\"https:\/\/podologiaeuskadi.com\/eu\/politica-de-cookies\/\" \/>\n<meta property=\"og:locale\" content=\"eu_ES\" \/>\n<meta property=\"og:type\" content=\"article\" \/>\n<meta property=\"og:title\" content=\"Pol\u00edtica de Cookies - Colegio Oficial de Podolog\u00eda de Pa\u00eds Vasco\" \/>\n<meta property=\"og:description\" content=\"[vc_row][vc_column][vc_column_text] Pol\u00edtica de Cookies https:\/\/podologiaeuskadi.com\/\u00a0utiliza\u00a0cookies\u00a0con la finalidad de prestarle una mejor experiencia en su navegaci\u00f3n. Asimismo, en caso de que preste su consentimiento, utilizaremos\u00a0cookies\u00a0que nos permitan obtener m\u00e1s informaci\u00f3n acerca de sus preferencias y personalizar nuestro Sitio Web de conformidad con sus intereses individuales, para que tenga una navegaci\u00f3n m\u00e1s fluida y personalizada. Queremos informarle&hellip;\" \/>\n<meta property=\"og:url\" content=\"https:\/\/podologiaeuskadi.com\/eu\/politica-de-cookies\/\" \/>\n<meta property=\"og:site_name\" content=\"Colegio Oficial de Podolog\u00eda de Pa\u00eds Vasco\" \/>\n<meta property=\"article:publisher\" content=\"https:\/\/www.facebook.com\/ColegioPodologosEuskadi\/\" \/>\n<meta property=\"article:modified_time\" content=\"2023-11-13T17:29:53+00:00\" \/>\n<meta name=\"twitter:card\" content=\"summary_large_image\" \/>\n<meta name=\"twitter:site\" content=\"@CPodologos\" \/>\n<meta name=\"twitter:label1\" content=\"Est. reading time\" \/>\n\t<meta name=\"twitter:data1\" content=\"6 minutes\" \/>\n<script type=\"application\/ld+json\" class=\"yoast-schema-graph\">{\"@context\":\"https:\\\/\\\/schema.org\",\"@graph\":[{\"@type\":\"WebPage\",\"@id\":\"https:\\\/\\\/podologiaeuskadi.com\\\/eu\\\/politica-de-cookies\\\/\",\"url\":\"https:\\\/\\\/podologiaeuskadi.com\\\/eu\\\/politica-de-cookies\\\/\",\"name\":\"Pol\u00edtica de Cookies - Colegio Oficial de Podolog\u00eda de Pa\u00eds Vasco\",\"isPartOf\":{\"@id\":\"https:\\\/\\\/podologiaeuskadi.com\\\/#website\"},\"datePublished\":\"2023-09-08T16:30:55+00:00\",\"dateModified\":\"2023-11-13T17:29:53+00:00\",\"breadcrumb\":{\"@id\":\"https:\\\/\\\/podologiaeuskadi.com\\\/eu\\\/politica-de-cookies\\\/#breadcrumb\"},\"inLanguage\":\"eu-ES\",\"potentialAction\":[{\"@type\":\"ReadAction\",\"target\":[\"https:\\\/\\\/podologiaeuskadi.com\\\/eu\\\/politica-de-cookies\\\/\"]}]},{\"@type\":\"BreadcrumbList\",\"@id\":\"https:\\\/\\\/podologiaeuskadi.com\\\/eu\\\/politica-de-cookies\\\/#breadcrumb\",\"itemListElement\":[{\"@type\":\"ListItem\",\"position\":1,\"name\":\"Portada\",\"item\":\"https:\\\/\\\/podologiaeuskadi.com\\\/eu\\\/\"},{\"@type\":\"ListItem\",\"position\":2,\"name\":\"Pol\u00edtica de Cookies\"}]},{\"@type\":\"WebSite\",\"@id\":\"https:\\\/\\\/podologiaeuskadi.com\\\/#website\",\"url\":\"https:\\\/\\\/podologiaeuskadi.com\\\/\",\"name\":\"Colegio Oficial de Pod\u00f3logos del Pa\u00eds Vasco\",\"description\":\"Colegio Oficial de Podolog\u00eda de Pa\u00eds Vasco\",\"publisher\":{\"@id\":\"https:\\\/\\\/podologiaeuskadi.com\\\/#organization\"},\"potentialAction\":[{\"@type\":\"SearchAction\",\"target\":{\"@type\":\"EntryPoint\",\"urlTemplate\":\"https:\\\/\\\/podologiaeuskadi.com\\\/?s={search_term_string}\"},\"query-input\":{\"@type\":\"PropertyValueSpecification\",\"valueRequired\":true,\"valueName\":\"search_term_string\"}}],\"inLanguage\":\"eu-ES\"},{\"@type\":\"Organization\",\"@id\":\"https:\\\/\\\/podologiaeuskadi.com\\\/#organization\",\"name\":\"Colegio Oficial de Pod\u00f3logos del Pa\u00eds Vasco\",\"url\":\"https:\\\/\\\/podologiaeuskadi.com\\\/\",\"logo\":{\"@type\":\"ImageObject\",\"inLanguage\":\"eu-ES\",\"@id\":\"https:\\\/\\\/podologiaeuskadi.com\\\/#\\\/schema\\\/logo\\\/image\\\/\",\"url\":\"https:\\\/\\\/podologiaeuskadi.com\\\/wp-content\\\/uploads\\\/2024\\\/04\\\/240423-col-podologos-2.jpg\",\"contentUrl\":\"https:\\\/\\\/podologiaeuskadi.com\\\/wp-content\\\/uploads\\\/2024\\\/04\\\/240423-col-podologos-2.jpg\",\"width\":1660,\"height\":822,\"caption\":\"Colegio Oficial de Pod\u00f3logos del Pa\u00eds Vasco\"},\"image\":{\"@id\":\"https:\\\/\\\/podologiaeuskadi.com\\\/#\\\/schema\\\/logo\\\/image\\\/\"},\"sameAs\":[\"https:\\\/\\\/www.facebook.com\\\/ColegioPodologosEuskadi\\\/\",\"https:\\\/\\\/x.com\\\/CPodologos\",\"https:\\\/\\\/www.youtube.com\\\/@colegiopodologosdelpaisvas9357\"]}]}<\/script>\n<!-- \/ Yoast SEO plugin. -->","yoast_head_json":{"title":"Pol\u00edtica de Cookies - Colegio Oficial de Podolog\u00eda de Pa\u00eds Vasco","robots":{"index":"index","follow":"follow","max-snippet":"max-snippet:-1","max-image-preview":"max-image-preview:large","max-video-preview":"max-video-preview:-1"},"canonical":"https:\/\/podologiaeuskadi.com\/eu\/politica-de-cookies\/","og_locale":"eu_ES","og_type":"article","og_title":"Pol\u00edtica de Cookies - Colegio Oficial de Podolog\u00eda de Pa\u00eds Vasco","og_description":"[vc_row][vc_column][vc_column_text] Pol\u00edtica de Cookies https:\/\/podologiaeuskadi.com\/\u00a0utiliza\u00a0cookies\u00a0con la finalidad de prestarle una mejor experiencia en su navegaci\u00f3n. Asimismo, en caso de que preste su consentimiento, utilizaremos\u00a0cookies\u00a0que nos permitan obtener m\u00e1s informaci\u00f3n acerca de sus preferencias y personalizar nuestro Sitio Web de conformidad con sus intereses individuales, para que tenga una navegaci\u00f3n m\u00e1s fluida y personalizada. Queremos informarle&hellip;","og_url":"https:\/\/podologiaeuskadi.com\/eu\/politica-de-cookies\/","og_site_name":"Colegio Oficial de Podolog\u00eda de Pa\u00eds Vasco","article_publisher":"https:\/\/www.facebook.com\/ColegioPodologosEuskadi\/","article_modified_time":"2023-11-13T17:29:53+00:00","twitter_card":"summary_large_image","twitter_site":"@CPodologos","twitter_misc":{"Est. reading time":"6 minutes"},"schema":{"@context":"https:\/\/schema.org","@graph":[{"@type":"WebPage","@id":"https:\/\/podologiaeuskadi.com\/eu\/politica-de-cookies\/","url":"https:\/\/podologiaeuskadi.com\/eu\/politica-de-cookies\/","name":"Pol\u00edtica de Cookies - Colegio Oficial de Podolog\u00eda de Pa\u00eds Vasco","isPartOf":{"@id":"https:\/\/podologiaeuskadi.com\/#website"},"datePublished":"2023-09-08T16:30:55+00:00","dateModified":"2023-11-13T17:29:53+00:00","breadcrumb":{"@id":"https:\/\/podologiaeuskadi.com\/eu\/politica-de-cookies\/#breadcrumb"},"inLanguage":"eu-ES","potentialAction":[{"@type":"ReadAction","target":["https:\/\/podologiaeuskadi.com\/eu\/politica-de-cookies\/"]}]},{"@type":"BreadcrumbList","@id":"https:\/\/podologiaeuskadi.com\/eu\/politica-de-cookies\/#breadcrumb","itemListElement":[{"@type":"ListItem","position":1,"name":"Portada","item":"https:\/\/podologiaeuskadi.com\/eu\/"},{"@type":"ListItem","position":2,"name":"Pol\u00edtica de Cookies"}]},{"@type":"WebSite","@id":"https:\/\/podologiaeuskadi.com\/#website","url":"https:\/\/podologiaeuskadi.com\/","name":"Colegio Oficial de Pod\u00f3logos del Pa\u00eds Vasco","description":"Colegio Oficial de Podolog\u00eda de Pa\u00eds Vasco","publisher":{"@id":"https:\/\/podologiaeuskadi.com\/#organization"},"potentialAction":[{"@type":"SearchAction","target":{"@type":"EntryPoint","urlTemplate":"https:\/\/podologiaeuskadi.com\/?s={search_term_string}"},"query-input":{"@type":"PropertyValueSpecification","valueRequired":true,"valueName":"search_term_string"}}],"inLanguage":"eu-ES"},{"@type":"Organization","@id":"https:\/\/podologiaeuskadi.com\/#organization","name":"Colegio Oficial de Pod\u00f3logos del Pa\u00eds Vasco","url":"https:\/\/podologiaeuskadi.com\/","logo":{"@type":"ImageObject","inLanguage":"eu-ES","@id":"https:\/\/podologiaeuskadi.com\/#\/schema\/logo\/image\/","url":"https:\/\/podologiaeuskadi.com\/wp-content\/uploads\/2024\/04\/240423-col-podologos-2.jpg","contentUrl":"https:\/\/podologiaeuskadi.com\/wp-content\/uploads\/2024\/04\/240423-col-podologos-2.jpg","width":1660,"height":822,"caption":"Colegio Oficial de Pod\u00f3logos del Pa\u00eds Vasco"},"image":{"@id":"https:\/\/podologiaeuskadi.com\/#\/schema\/logo\/image\/"},"sameAs":["https:\/\/www.facebook.com\/ColegioPodologosEuskadi\/","https:\/\/x.com\/CPodologos","https:\/\/www.youtube.com\/@colegiopodologosdelpaisvas9357"]}]}},"_links":{"self":[{"href":"https:\/\/podologiaeuskadi.com\/eu\/wp-json\/wp\/v2\/pages\/18394","targetHints":{"allow":["GET"]}}],"collection":[{"href":"https:\/\/podologiaeuskadi.com\/eu\/wp-json\/wp\/v2\/pages"}],"about":[{"href":"https:\/\/podologiaeuskadi.com\/eu\/wp-json\/wp\/v2\/types\/page"}],"author":[{"embeddable":true,"href":"https:\/\/podologiaeuskadi.com\/eu\/wp-json\/wp\/v2\/users\/1"}],"replies":[{"embeddable":true,"href":"https:\/\/podologiaeuskadi.com\/eu\/wp-json\/wp\/v2\/comments?post=18394"}],"version-history":[{"count":3,"href":"https:\/\/podologiaeuskadi.com\/eu\/wp-json\/wp\/v2\/pages\/18394\/revisions"}],"predecessor-version":[{"id":19614,"href":"https:\/\/podologiaeuskadi.com\/eu\/wp-json\/wp\/v2\/pages\/18394\/revisions\/19614"}],"wp:attachment":[{"href":"https:\/\/podologiaeuskadi.com\/eu\/wp-json\/wp\/v2\/media?parent=18394"}],"curies":[{"name":"wp","href":"https:\/\/api.w.org\/{rel}","templated":true}]}}