{"id":18397,"date":"2023-09-08T18:31:04","date_gmt":"2023-09-08T16:31:04","guid":{"rendered":"https:\/\/podologiaeuskadi.com\/politica-de-privacidad\/"},"modified":"2023-10-30T03:06:03","modified_gmt":"2023-10-30T01:06:03","slug":"politica-de-privacidad","status":"publish","type":"page","link":"https:\/\/podologiaeuskadi.com\/eu\/politica-de-privacidad\/","title":{"rendered":"Pol\u00edtica de Privacidad"},"content":{"rendered":"<div class=\"wpb-content-wrapper\"><p>[vc_row][vc_column][vc_column_text]<\/p>\n<h2>Pol\u00edtica de Privacidad<\/h2>\n<div class=\"col1\"><\/div>\n<div class=\"output-container\">\n<div id=\"output\">\n<p>Lorem ipsum dolor sit amet consectetur adipiscing elit arcu felis integer eget platea, tellus libero mi urna curabitur aenean morbi porta sociosqu mauris eros, dis suscipit quisque suspendisse dignissim vehicula gravida interdum proin sed ornare. Facilisis condimentum mattis dis pulvinar fermentum lacinia parturient hac aliquet consequat, neque bibendum mollis senectus ante gravida volutpat metus molestie. Augue aliquam in nulla tempor arcu mollis mattis nostra, sapien est lacus ante conubia laoreet sollicitudin, viverra volutpat litora cubilia fusce fermentum nullam.<\/p>\n<p>Morbi phasellus nostra purus suscipit eget posuere luctus inceptos ligula pulvinar varius, consequat accumsan nisi blandit aptent euismod senectus porta urna conubia montes, cubilia suspendisse fermentum dictumst eleifend justo mus primis sodales scelerisque. Natoque parturient habitant iaculis at elementum quis vitae ultricies, fusce scelerisque neque mus ultrices pulvinar sodales diam, magnis per inceptos egestas nisi orci dui. Ut euismod dui fringilla vel etiam nunc, odio turpis augue tellus suscipit quam, diam commodo magna non ornare.<\/p>\n<div class=\"col1\"><\/div>\n<div class=\"output-container\">\n<div id=\"output\">\n<p>Lorem ipsum dolor sit amet consectetur adipiscing elit arcu felis integer eget platea, tellus libero mi urna curabitur aenean morbi porta sociosqu mauris eros, dis suscipit quisque suspendisse dignissim vehicula gravida interdum proin sed ornare. Facilisis condimentum mattis dis pulvinar fermentum lacinia parturient hac aliquet consequat, neque bibendum mollis senectus ante gravida volutpat metus molestie. Augue aliquam in nulla tempor arcu mollis mattis nostra, sapien est lacus ante conubia laoreet sollicitudin, viverra volutpat litora cubilia fusce fermentum nullam.<\/p>\n<h2>T\u00edtulo 2<\/h2>\n<p>Morbi phasellus nostra purus suscipit eget posuere luctus inceptos ligula pulvinar varius, consequat accumsan nisi blandit aptent euismod senectus porta urna conubia montes, cubilia suspendisse fermentum dictumst eleifend justo mus primis sodales scelerisque. Natoque parturient habitant iaculis at elementum quis vitae ultricies, fusce scelerisque neque mus ultrices pulvinar sodales diam, magnis per inceptos egestas nisi orci dui. Ut euismod dui fringilla vel etiam nunc, odio turpis augue tellus suscipit quam, diam commodo magna non ornare.<\/p>\n<p>&nbsp;<\/p>\n<\/div>\n<\/div>\n<\/div>\n<\/div>\n<p>[\/vc_column_text][\/vc_column][\/vc_row]<\/p>\n<\/div>","protected":false},"excerpt":{"rendered":"<p>[vc_row][vc_column][vc_column_text] Pol\u00edtica de Privacidad Lorem ipsum dolor sit amet consectetur adipiscing elit arcu felis integer eget platea, tellus libero mi urna curabitur aenean morbi porta sociosqu mauris eros, dis suscipit quisque suspendisse dignissim vehicula gravida interdum proin sed ornare. Facilisis condimentum mattis dis pulvinar fermentum lacinia parturient hac aliquet consequat, neque bibendum mollis senectus ante&hellip;<\/p>\n","protected":false},"author":1,"featured_media":0,"parent":0,"menu_order":0,"comment_status":"closed","ping_status":"closed","template":"","meta":{"footnotes":""},"class_list":["post-18397","page","type-page","status-publish","hentry","description-off"],"yoast_head":"<!-- This site is optimized with the Yoast SEO plugin v27.4 - https:\/\/yoast.com\/product\/yoast-seo-wordpress\/ -->\n<title>Pol\u00edtica de Privacidad - Colegio Oficial de Podolog\u00eda de Pa\u00eds Vasco<\/title>\n<meta name=\"robots\" content=\"index, follow, max-snippet:-1, max-image-preview:large, max-video-preview:-1\" \/>\n<link rel=\"canonical\" href=\"https:\/\/podologiaeuskadi.com\/eu\/politica-de-privacidad\/\" \/>\n<meta property=\"og:locale\" content=\"eu_ES\" \/>\n<meta property=\"og:type\" content=\"article\" \/>\n<meta property=\"og:title\" content=\"Pol\u00edtica de Privacidad - Colegio Oficial de Podolog\u00eda de Pa\u00eds Vasco\" \/>\n<meta property=\"og:description\" content=\"[vc_row][vc_column][vc_column_text] Pol\u00edtica de Privacidad Lorem ipsum dolor sit amet consectetur adipiscing elit arcu felis integer eget platea, tellus libero mi urna curabitur aenean morbi porta sociosqu mauris eros, dis suscipit quisque suspendisse dignissim vehicula gravida interdum proin sed ornare. Facilisis condimentum mattis dis pulvinar fermentum lacinia parturient hac aliquet consequat, neque bibendum mollis senectus ante&hellip;\" \/>\n<meta property=\"og:url\" content=\"https:\/\/podologiaeuskadi.com\/eu\/politica-de-privacidad\/\" \/>\n<meta property=\"og:site_name\" content=\"Colegio Oficial de Podolog\u00eda de Pa\u00eds Vasco\" \/>\n<meta property=\"article:publisher\" content=\"https:\/\/www.facebook.com\/ColegioPodologosEuskadi\/\" \/>\n<meta property=\"article:modified_time\" content=\"2023-10-30T01:06:03+00:00\" \/>\n<meta name=\"twitter:card\" content=\"summary_large_image\" \/>\n<meta name=\"twitter:site\" content=\"@CPodologos\" \/>\n<meta name=\"twitter:label1\" content=\"Est. reading time\" \/>\n\t<meta name=\"twitter:data1\" content=\"2 minutes\" \/>\n<script type=\"application\/ld+json\" class=\"yoast-schema-graph\">{\"@context\":\"https:\\\/\\\/schema.org\",\"@graph\":[{\"@type\":\"WebPage\",\"@id\":\"https:\\\/\\\/podologiaeuskadi.com\\\/eu\\\/politica-de-privacidad\\\/\",\"url\":\"https:\\\/\\\/podologiaeuskadi.com\\\/eu\\\/politica-de-privacidad\\\/\",\"name\":\"Pol\u00edtica de Privacidad - Colegio Oficial de Podolog\u00eda de Pa\u00eds Vasco\",\"isPartOf\":{\"@id\":\"https:\\\/\\\/podologiaeuskadi.com\\\/#website\"},\"datePublished\":\"2023-09-08T16:31:04+00:00\",\"dateModified\":\"2023-10-30T01:06:03+00:00\",\"breadcrumb\":{\"@id\":\"https:\\\/\\\/podologiaeuskadi.com\\\/eu\\\/politica-de-privacidad\\\/#breadcrumb\"},\"inLanguage\":\"eu-ES\",\"potentialAction\":[{\"@type\":\"ReadAction\",\"target\":[\"https:\\\/\\\/podologiaeuskadi.com\\\/eu\\\/politica-de-privacidad\\\/\"]}]},{\"@type\":\"BreadcrumbList\",\"@id\":\"https:\\\/\\\/podologiaeuskadi.com\\\/eu\\\/politica-de-privacidad\\\/#breadcrumb\",\"itemListElement\":[{\"@type\":\"ListItem\",\"position\":1,\"name\":\"Portada\",\"item\":\"https:\\\/\\\/podologiaeuskadi.com\\\/eu\\\/\"},{\"@type\":\"ListItem\",\"position\":2,\"name\":\"Pol\u00edtica de Privacidad\"}]},{\"@type\":\"WebSite\",\"@id\":\"https:\\\/\\\/podologiaeuskadi.com\\\/#website\",\"url\":\"https:\\\/\\\/podologiaeuskadi.com\\\/\",\"name\":\"Colegio Oficial de Pod\u00f3logos del Pa\u00eds Vasco\",\"description\":\"Colegio Oficial de Podolog\u00eda de Pa\u00eds Vasco\",\"publisher\":{\"@id\":\"https:\\\/\\\/podologiaeuskadi.com\\\/#organization\"},\"potentialAction\":[{\"@type\":\"SearchAction\",\"target\":{\"@type\":\"EntryPoint\",\"urlTemplate\":\"https:\\\/\\\/podologiaeuskadi.com\\\/?s={search_term_string}\"},\"query-input\":{\"@type\":\"PropertyValueSpecification\",\"valueRequired\":true,\"valueName\":\"search_term_string\"}}],\"inLanguage\":\"eu-ES\"},{\"@type\":\"Organization\",\"@id\":\"https:\\\/\\\/podologiaeuskadi.com\\\/#organization\",\"name\":\"Colegio Oficial de Pod\u00f3logos del Pa\u00eds Vasco\",\"url\":\"https:\\\/\\\/podologiaeuskadi.com\\\/\",\"logo\":{\"@type\":\"ImageObject\",\"inLanguage\":\"eu-ES\",\"@id\":\"https:\\\/\\\/podologiaeuskadi.com\\\/#\\\/schema\\\/logo\\\/image\\\/\",\"url\":\"https:\\\/\\\/podologiaeuskadi.com\\\/wp-content\\\/uploads\\\/2024\\\/04\\\/240423-col-podologos-2.jpg\",\"contentUrl\":\"https:\\\/\\\/podologiaeuskadi.com\\\/wp-content\\\/uploads\\\/2024\\\/04\\\/240423-col-podologos-2.jpg\",\"width\":1660,\"height\":822,\"caption\":\"Colegio Oficial de Pod\u00f3logos del Pa\u00eds Vasco\"},\"image\":{\"@id\":\"https:\\\/\\\/podologiaeuskadi.com\\\/#\\\/schema\\\/logo\\\/image\\\/\"},\"sameAs\":[\"https:\\\/\\\/www.facebook.com\\\/ColegioPodologosEuskadi\\\/\",\"https:\\\/\\\/x.com\\\/CPodologos\",\"https:\\\/\\\/www.youtube.com\\\/@colegiopodologosdelpaisvas9357\"]}]}<\/script>\n<!-- \/ Yoast SEO plugin. -->","yoast_head_json":{"title":"Pol\u00edtica de Privacidad - Colegio Oficial de Podolog\u00eda de Pa\u00eds Vasco","robots":{"index":"index","follow":"follow","max-snippet":"max-snippet:-1","max-image-preview":"max-image-preview:large","max-video-preview":"max-video-preview:-1"},"canonical":"https:\/\/podologiaeuskadi.com\/eu\/politica-de-privacidad\/","og_locale":"eu_ES","og_type":"article","og_title":"Pol\u00edtica de Privacidad - Colegio Oficial de Podolog\u00eda de Pa\u00eds Vasco","og_description":"[vc_row][vc_column][vc_column_text] Pol\u00edtica de Privacidad Lorem ipsum dolor sit amet consectetur adipiscing elit arcu felis integer eget platea, tellus libero mi urna curabitur aenean morbi porta sociosqu mauris eros, dis suscipit quisque suspendisse dignissim vehicula gravida interdum proin sed ornare. Facilisis condimentum mattis dis pulvinar fermentum lacinia parturient hac aliquet consequat, neque bibendum mollis senectus ante&hellip;","og_url":"https:\/\/podologiaeuskadi.com\/eu\/politica-de-privacidad\/","og_site_name":"Colegio Oficial de Podolog\u00eda de Pa\u00eds Vasco","article_publisher":"https:\/\/www.facebook.com\/ColegioPodologosEuskadi\/","article_modified_time":"2023-10-30T01:06:03+00:00","twitter_card":"summary_large_image","twitter_site":"@CPodologos","twitter_misc":{"Est. reading time":"2 minutes"},"schema":{"@context":"https:\/\/schema.org","@graph":[{"@type":"WebPage","@id":"https:\/\/podologiaeuskadi.com\/eu\/politica-de-privacidad\/","url":"https:\/\/podologiaeuskadi.com\/eu\/politica-de-privacidad\/","name":"Pol\u00edtica de Privacidad - Colegio Oficial de Podolog\u00eda de Pa\u00eds Vasco","isPartOf":{"@id":"https:\/\/podologiaeuskadi.com\/#website"},"datePublished":"2023-09-08T16:31:04+00:00","dateModified":"2023-10-30T01:06:03+00:00","breadcrumb":{"@id":"https:\/\/podologiaeuskadi.com\/eu\/politica-de-privacidad\/#breadcrumb"},"inLanguage":"eu-ES","potentialAction":[{"@type":"ReadAction","target":["https:\/\/podologiaeuskadi.com\/eu\/politica-de-privacidad\/"]}]},{"@type":"BreadcrumbList","@id":"https:\/\/podologiaeuskadi.com\/eu\/politica-de-privacidad\/#breadcrumb","itemListElement":[{"@type":"ListItem","position":1,"name":"Portada","item":"https:\/\/podologiaeuskadi.com\/eu\/"},{"@type":"ListItem","position":2,"name":"Pol\u00edtica de Privacidad"}]},{"@type":"WebSite","@id":"https:\/\/podologiaeuskadi.com\/#website","url":"https:\/\/podologiaeuskadi.com\/","name":"Colegio Oficial de Pod\u00f3logos del Pa\u00eds Vasco","description":"Colegio Oficial de Podolog\u00eda de Pa\u00eds Vasco","publisher":{"@id":"https:\/\/podologiaeuskadi.com\/#organization"},"potentialAction":[{"@type":"SearchAction","target":{"@type":"EntryPoint","urlTemplate":"https:\/\/podologiaeuskadi.com\/?s={search_term_string}"},"query-input":{"@type":"PropertyValueSpecification","valueRequired":true,"valueName":"search_term_string"}}],"inLanguage":"eu-ES"},{"@type":"Organization","@id":"https:\/\/podologiaeuskadi.com\/#organization","name":"Colegio Oficial de Pod\u00f3logos del Pa\u00eds Vasco","url":"https:\/\/podologiaeuskadi.com\/","logo":{"@type":"ImageObject","inLanguage":"eu-ES","@id":"https:\/\/podologiaeuskadi.com\/#\/schema\/logo\/image\/","url":"https:\/\/podologiaeuskadi.com\/wp-content\/uploads\/2024\/04\/240423-col-podologos-2.jpg","contentUrl":"https:\/\/podologiaeuskadi.com\/wp-content\/uploads\/2024\/04\/240423-col-podologos-2.jpg","width":1660,"height":822,"caption":"Colegio Oficial de Pod\u00f3logos del Pa\u00eds Vasco"},"image":{"@id":"https:\/\/podologiaeuskadi.com\/#\/schema\/logo\/image\/"},"sameAs":["https:\/\/www.facebook.com\/ColegioPodologosEuskadi\/","https:\/\/x.com\/CPodologos","https:\/\/www.youtube.com\/@colegiopodologosdelpaisvas9357"]}]}},"_links":{"self":[{"href":"https:\/\/podologiaeuskadi.com\/eu\/wp-json\/wp\/v2\/pages\/18397","targetHints":{"allow":["GET"]}}],"collection":[{"href":"https:\/\/podologiaeuskadi.com\/eu\/wp-json\/wp\/v2\/pages"}],"about":[{"href":"https:\/\/podologiaeuskadi.com\/eu\/wp-json\/wp\/v2\/types\/page"}],"author":[{"embeddable":true,"href":"https:\/\/podologiaeuskadi.com\/eu\/wp-json\/wp\/v2\/users\/1"}],"replies":[{"embeddable":true,"href":"https:\/\/podologiaeuskadi.com\/eu\/wp-json\/wp\/v2\/comments?post=18397"}],"version-history":[{"count":1,"href":"https:\/\/podologiaeuskadi.com\/eu\/wp-json\/wp\/v2\/pages\/18397\/revisions"}],"predecessor-version":[{"id":18398,"href":"https:\/\/podologiaeuskadi.com\/eu\/wp-json\/wp\/v2\/pages\/18397\/revisions\/18398"}],"wp:attachment":[{"href":"https:\/\/podologiaeuskadi.com\/eu\/wp-json\/wp\/v2\/media?parent=18397"}],"curies":[{"name":"wp","href":"https:\/\/api.w.org\/{rel}","templated":true}]}}