{"id":18405,"date":"2023-09-08T18:31:47","date_gmt":"2023-09-08T16:31:47","guid":{"rendered":"https:\/\/podologiaeuskadi.com\/que-es-la-podologia\/"},"modified":"2023-10-30T03:05:50","modified_gmt":"2023-10-30T01:05:50","slug":"que-es-la-podologia","status":"publish","type":"page","link":"https:\/\/podologiaeuskadi.com\/eu\/que-es-la-podologia\/","title":{"rendered":"Zer da Podologia?"},"content":{"rendered":"<div class=\"wpb-content-wrapper\"><p>[vc_row][vc_column][vc_single_image image=&#8221;18143&#8243; img_size=&#8221;full&#8221; css_animation=&#8221;fadeInUp&#8221;][vc_column_text]<\/p>\n<h3><em>Podologia medikuntzaren adar bat da, eta oinekin eta haien egiturarekin lotutako gaixotasunak eta nahasmenduak aztertzeaz, diagnostikatzeaz eta tratatzeaz arduratzen da. Espainian, azken 50 urteetan, podologiak bilakaera nabarmena izan du eta osasun-arloko lanbide gisa aitortu da.<\/em><\/h3>\n<p>&nbsp;<\/p>\n<p>Aurreko hamarkadetan, podologia arazo podologikoen oinarrizko arretari lotuta zegoen nagusiki, hala nola, kailuak, azazkal haragituak eta plantar-garatxoak. Hala ere, azken urteotan, podologiak ikuspegi zabalago eta espezializatuago baterantz eboluzionatu du, besteak beste, biomekanika, kirurgia podologikoa, ortopodologia eta dermatologia podologikoa.<\/p>\n<p>Espainian, bilakaera hori unibertsitateen eta podologia-eskolen sorrerak bultzatu du, eta arlo horretako goi-mailako ikasketa espezifikoak ematen dira bertan. Gainera, podologian praktika etikoa eta kalitatezkoa arautzen eta sustatzen duten elkargo profesionalak ezarri dira.<\/p>\n<p>Azken urteotan, podologia arloan ikerketa zientifikoa ere indartu da, eta horrek erabilitako tratamenduak eta teknikak hobetzen lagundu du. Podologia-arreta integralagoa eta diziplina anitzekoa bihurtu da, osasun-arloko beste profesional batzuekin lankidetzan (medikuak, fisioterapeutak eta errehabilitazioko espezialistak).<\/p>\n<p>Podologia osasun-zientzien espezialitatea da, oinari eragiten dioten gaixotasunak eta alterazioak aztertzea helburu duena. Oinetako afekzioen eta deformazioen diagnostikoa eta tratamendua hartzen ditu, bere diziplinako teknika terapeutikoen bidez.<\/p>\n<p>&nbsp;[\/vc_column_text][\/vc_column][\/vc_row]<\/p>\n<\/div>","protected":false},"excerpt":{"rendered":"<p>[vc_row][vc_column][vc_single_image image=&#8221;18143&#8243; img_size=&#8221;full&#8221; css_animation=&#8221;fadeInUp&#8221;][vc_column_text] Podologia medikuntzaren adar bat da, eta oinekin eta haien egiturarekin lotutako gaixotasunak eta nahasmenduak aztertzeaz, diagnostikatzeaz eta tratatzeaz arduratzen da. Espainian, azken 50 urteetan, podologiak bilakaera nabarmena izan du eta osasun-arloko lanbide gisa aitortu da. &nbsp; Aurreko hamarkadetan, podologia arazo podologikoen oinarrizko arretari lotuta zegoen nagusiki, hala nola, kailuak, azazkal haragituak&hellip;<\/p>\n","protected":false},"author":1,"featured_media":0,"parent":0,"menu_order":0,"comment_status":"closed","ping_status":"closed","template":"","meta":{"footnotes":""},"class_list":["post-18405","page","type-page","status-publish","hentry","description-off"],"yoast_head":"<!-- This site is optimized with the Yoast SEO plugin v27.4 - https:\/\/yoast.com\/product\/yoast-seo-wordpress\/ -->\n<title>Zer da Podologia? - Colegio Oficial de Podolog\u00eda de Pa\u00eds Vasco<\/title>\n<meta name=\"robots\" content=\"index, follow, max-snippet:-1, max-image-preview:large, max-video-preview:-1\" \/>\n<link rel=\"canonical\" href=\"https:\/\/podologiaeuskadi.com\/eu\/que-es-la-podologia\/\" \/>\n<meta property=\"og:locale\" content=\"eu_ES\" \/>\n<meta property=\"og:type\" content=\"article\" \/>\n<meta property=\"og:title\" content=\"Zer da Podologia? - Colegio Oficial de Podolog\u00eda de Pa\u00eds Vasco\" \/>\n<meta property=\"og:description\" content=\"[vc_row][vc_column][vc_single_image image=&#8221;18143&#8243; img_size=&#8221;full&#8221; css_animation=&#8221;fadeInUp&#8221;][vc_column_text] Podologia medikuntzaren adar bat da, eta oinekin eta haien egiturarekin lotutako gaixotasunak eta nahasmenduak aztertzeaz, diagnostikatzeaz eta tratatzeaz arduratzen da. Espainian, azken 50 urteetan, podologiak bilakaera nabarmena izan du eta osasun-arloko lanbide gisa aitortu da. &nbsp; Aurreko hamarkadetan, podologia arazo podologikoen oinarrizko arretari lotuta zegoen nagusiki, hala nola, kailuak, azazkal haragituak&hellip;\" \/>\n<meta property=\"og:url\" content=\"https:\/\/podologiaeuskadi.com\/eu\/que-es-la-podologia\/\" \/>\n<meta property=\"og:site_name\" content=\"Colegio Oficial de Podolog\u00eda de Pa\u00eds Vasco\" \/>\n<meta property=\"article:publisher\" content=\"https:\/\/www.facebook.com\/ColegioPodologosEuskadi\/\" \/>\n<meta property=\"article:modified_time\" content=\"2023-10-30T01:05:50+00:00\" \/>\n<meta name=\"twitter:card\" content=\"summary_large_image\" \/>\n<meta name=\"twitter:site\" content=\"@CPodologos\" \/>\n<meta name=\"twitter:label1\" content=\"Est. reading time\" \/>\n\t<meta name=\"twitter:data1\" content=\"1 minute\" \/>\n<script type=\"application\/ld+json\" class=\"yoast-schema-graph\">{\"@context\":\"https:\\\/\\\/schema.org\",\"@graph\":[{\"@type\":\"WebPage\",\"@id\":\"https:\\\/\\\/podologiaeuskadi.com\\\/eu\\\/que-es-la-podologia\\\/\",\"url\":\"https:\\\/\\\/podologiaeuskadi.com\\\/eu\\\/que-es-la-podologia\\\/\",\"name\":\"Zer da Podologia? - Colegio Oficial de Podolog\u00eda de Pa\u00eds Vasco\",\"isPartOf\":{\"@id\":\"https:\\\/\\\/podologiaeuskadi.com\\\/#website\"},\"datePublished\":\"2023-09-08T16:31:47+00:00\",\"dateModified\":\"2023-10-30T01:05:50+00:00\",\"breadcrumb\":{\"@id\":\"https:\\\/\\\/podologiaeuskadi.com\\\/eu\\\/que-es-la-podologia\\\/#breadcrumb\"},\"inLanguage\":\"eu-ES\",\"potentialAction\":[{\"@type\":\"ReadAction\",\"target\":[\"https:\\\/\\\/podologiaeuskadi.com\\\/eu\\\/que-es-la-podologia\\\/\"]}]},{\"@type\":\"BreadcrumbList\",\"@id\":\"https:\\\/\\\/podologiaeuskadi.com\\\/eu\\\/que-es-la-podologia\\\/#breadcrumb\",\"itemListElement\":[{\"@type\":\"ListItem\",\"position\":1,\"name\":\"Portada\",\"item\":\"https:\\\/\\\/podologiaeuskadi.com\\\/eu\\\/\"},{\"@type\":\"ListItem\",\"position\":2,\"name\":\"Zer da Podologia?\"}]},{\"@type\":\"WebSite\",\"@id\":\"https:\\\/\\\/podologiaeuskadi.com\\\/#website\",\"url\":\"https:\\\/\\\/podologiaeuskadi.com\\\/\",\"name\":\"Colegio Oficial de Pod\u00f3logos del Pa\u00eds Vasco\",\"description\":\"Colegio Oficial de Podolog\u00eda de Pa\u00eds Vasco\",\"publisher\":{\"@id\":\"https:\\\/\\\/podologiaeuskadi.com\\\/#organization\"},\"potentialAction\":[{\"@type\":\"SearchAction\",\"target\":{\"@type\":\"EntryPoint\",\"urlTemplate\":\"https:\\\/\\\/podologiaeuskadi.com\\\/?s={search_term_string}\"},\"query-input\":{\"@type\":\"PropertyValueSpecification\",\"valueRequired\":true,\"valueName\":\"search_term_string\"}}],\"inLanguage\":\"eu-ES\"},{\"@type\":\"Organization\",\"@id\":\"https:\\\/\\\/podologiaeuskadi.com\\\/#organization\",\"name\":\"Colegio Oficial de Pod\u00f3logos del Pa\u00eds Vasco\",\"url\":\"https:\\\/\\\/podologiaeuskadi.com\\\/\",\"logo\":{\"@type\":\"ImageObject\",\"inLanguage\":\"eu-ES\",\"@id\":\"https:\\\/\\\/podologiaeuskadi.com\\\/#\\\/schema\\\/logo\\\/image\\\/\",\"url\":\"https:\\\/\\\/podologiaeuskadi.com\\\/wp-content\\\/uploads\\\/2024\\\/04\\\/240423-col-podologos-2.jpg\",\"contentUrl\":\"https:\\\/\\\/podologiaeuskadi.com\\\/wp-content\\\/uploads\\\/2024\\\/04\\\/240423-col-podologos-2.jpg\",\"width\":1660,\"height\":822,\"caption\":\"Colegio Oficial de Pod\u00f3logos del Pa\u00eds Vasco\"},\"image\":{\"@id\":\"https:\\\/\\\/podologiaeuskadi.com\\\/#\\\/schema\\\/logo\\\/image\\\/\"},\"sameAs\":[\"https:\\\/\\\/www.facebook.com\\\/ColegioPodologosEuskadi\\\/\",\"https:\\\/\\\/x.com\\\/CPodologos\",\"https:\\\/\\\/www.youtube.com\\\/@colegiopodologosdelpaisvas9357\"]}]}<\/script>\n<!-- \/ Yoast SEO plugin. -->","yoast_head_json":{"title":"Zer da Podologia? - Colegio Oficial de Podolog\u00eda de Pa\u00eds Vasco","robots":{"index":"index","follow":"follow","max-snippet":"max-snippet:-1","max-image-preview":"max-image-preview:large","max-video-preview":"max-video-preview:-1"},"canonical":"https:\/\/podologiaeuskadi.com\/eu\/que-es-la-podologia\/","og_locale":"eu_ES","og_type":"article","og_title":"Zer da Podologia? - Colegio Oficial de Podolog\u00eda de Pa\u00eds Vasco","og_description":"[vc_row][vc_column][vc_single_image image=&#8221;18143&#8243; img_size=&#8221;full&#8221; css_animation=&#8221;fadeInUp&#8221;][vc_column_text] Podologia medikuntzaren adar bat da, eta oinekin eta haien egiturarekin lotutako gaixotasunak eta nahasmenduak aztertzeaz, diagnostikatzeaz eta tratatzeaz arduratzen da. Espainian, azken 50 urteetan, podologiak bilakaera nabarmena izan du eta osasun-arloko lanbide gisa aitortu da. &nbsp; Aurreko hamarkadetan, podologia arazo podologikoen oinarrizko arretari lotuta zegoen nagusiki, hala nola, kailuak, azazkal haragituak&hellip;","og_url":"https:\/\/podologiaeuskadi.com\/eu\/que-es-la-podologia\/","og_site_name":"Colegio Oficial de Podolog\u00eda de Pa\u00eds Vasco","article_publisher":"https:\/\/www.facebook.com\/ColegioPodologosEuskadi\/","article_modified_time":"2023-10-30T01:05:50+00:00","twitter_card":"summary_large_image","twitter_site":"@CPodologos","twitter_misc":{"Est. reading time":"1 minute"},"schema":{"@context":"https:\/\/schema.org","@graph":[{"@type":"WebPage","@id":"https:\/\/podologiaeuskadi.com\/eu\/que-es-la-podologia\/","url":"https:\/\/podologiaeuskadi.com\/eu\/que-es-la-podologia\/","name":"Zer da Podologia? - Colegio Oficial de Podolog\u00eda de Pa\u00eds Vasco","isPartOf":{"@id":"https:\/\/podologiaeuskadi.com\/#website"},"datePublished":"2023-09-08T16:31:47+00:00","dateModified":"2023-10-30T01:05:50+00:00","breadcrumb":{"@id":"https:\/\/podologiaeuskadi.com\/eu\/que-es-la-podologia\/#breadcrumb"},"inLanguage":"eu-ES","potentialAction":[{"@type":"ReadAction","target":["https:\/\/podologiaeuskadi.com\/eu\/que-es-la-podologia\/"]}]},{"@type":"BreadcrumbList","@id":"https:\/\/podologiaeuskadi.com\/eu\/que-es-la-podologia\/#breadcrumb","itemListElement":[{"@type":"ListItem","position":1,"name":"Portada","item":"https:\/\/podologiaeuskadi.com\/eu\/"},{"@type":"ListItem","position":2,"name":"Zer da Podologia?"}]},{"@type":"WebSite","@id":"https:\/\/podologiaeuskadi.com\/#website","url":"https:\/\/podologiaeuskadi.com\/","name":"Colegio Oficial de Pod\u00f3logos del Pa\u00eds Vasco","description":"Colegio Oficial de Podolog\u00eda de Pa\u00eds Vasco","publisher":{"@id":"https:\/\/podologiaeuskadi.com\/#organization"},"potentialAction":[{"@type":"SearchAction","target":{"@type":"EntryPoint","urlTemplate":"https:\/\/podologiaeuskadi.com\/?s={search_term_string}"},"query-input":{"@type":"PropertyValueSpecification","valueRequired":true,"valueName":"search_term_string"}}],"inLanguage":"eu-ES"},{"@type":"Organization","@id":"https:\/\/podologiaeuskadi.com\/#organization","name":"Colegio Oficial de Pod\u00f3logos del Pa\u00eds Vasco","url":"https:\/\/podologiaeuskadi.com\/","logo":{"@type":"ImageObject","inLanguage":"eu-ES","@id":"https:\/\/podologiaeuskadi.com\/#\/schema\/logo\/image\/","url":"https:\/\/podologiaeuskadi.com\/wp-content\/uploads\/2024\/04\/240423-col-podologos-2.jpg","contentUrl":"https:\/\/podologiaeuskadi.com\/wp-content\/uploads\/2024\/04\/240423-col-podologos-2.jpg","width":1660,"height":822,"caption":"Colegio Oficial de Pod\u00f3logos del Pa\u00eds Vasco"},"image":{"@id":"https:\/\/podologiaeuskadi.com\/#\/schema\/logo\/image\/"},"sameAs":["https:\/\/www.facebook.com\/ColegioPodologosEuskadi\/","https:\/\/x.com\/CPodologos","https:\/\/www.youtube.com\/@colegiopodologosdelpaisvas9357"]}]}},"_links":{"self":[{"href":"https:\/\/podologiaeuskadi.com\/eu\/wp-json\/wp\/v2\/pages\/18405","targetHints":{"allow":["GET"]}}],"collection":[{"href":"https:\/\/podologiaeuskadi.com\/eu\/wp-json\/wp\/v2\/pages"}],"about":[{"href":"https:\/\/podologiaeuskadi.com\/eu\/wp-json\/wp\/v2\/types\/page"}],"author":[{"embeddable":true,"href":"https:\/\/podologiaeuskadi.com\/eu\/wp-json\/wp\/v2\/users\/1"}],"replies":[{"embeddable":true,"href":"https:\/\/podologiaeuskadi.com\/eu\/wp-json\/wp\/v2\/comments?post=18405"}],"version-history":[{"count":4,"href":"https:\/\/podologiaeuskadi.com\/eu\/wp-json\/wp\/v2\/pages\/18405\/revisions"}],"predecessor-version":[{"id":18538,"href":"https:\/\/podologiaeuskadi.com\/eu\/wp-json\/wp\/v2\/pages\/18405\/revisions\/18538"}],"wp:attachment":[{"href":"https:\/\/podologiaeuskadi.com\/eu\/wp-json\/wp\/v2\/media?parent=18405"}],"curies":[{"name":"wp","href":"https:\/\/api.w.org\/{rel}","templated":true}]}}