{"id":18411,"date":"2023-09-08T18:32:21","date_gmt":"2023-09-08T16:32:21","guid":{"rendered":"https:\/\/podologiaeuskadi.com\/saludo-de-presidencia\/"},"modified":"2024-05-06T14:38:59","modified_gmt":"2024-05-06T12:38:59","slug":"saludo-de-presidencia","status":"publish","type":"page","link":"https:\/\/podologiaeuskadi.com\/eu\/saludo-de-presidencia\/","title":{"rendered":"Lehendakaritzaren Agurra"},"content":{"rendered":"<div class=\"wpb-content-wrapper\"><p>[vc_row][vc_column][vc_single_image image=&#8221;18241&#8243; img_size=&#8221;full&#8221; alignment=&#8221;center&#8221;][\/vc_column][\/vc_row][vc_row][vc_column][vc_column_text]<\/p>\n<h3>Ongi etorri Euskadiko Podologiako Elkargo Ofizialaren webgunera<\/h3>\n<p>Euskadiko Podologiako Elkargo Ofizialaren helburu nagusia da Euskal Autonomia Erkidegoan podologiaren garapena sustatzea eta zaintzea, bai eta gure elkargokideen bikaintasuna eta etika profesionala bermatzea ere. Nekaezin lan egiten dugu oinen osasuna eta ongizatea sustatzeko, zerbitzu ugari eskainiz eta gure elkargokideei etengabeko prestakuntzan eta garapenean lagunduz.<\/p>\n<p>Gure helburuen artean, besteak beste, honako hauek daude: podologoen eskubide profesionalak defendatzea, podologiako ikerketa zientifikoa sustatzea, beste osasun-erakunde batzuekin lankidetzan aritzea eta herritarrentzat oro har garrantzitsua den informazio eguneratua zabaltzea.<\/p>\n<p>Gainera, hainbat ekintza egiten ditugu prebentzioaren eta oinak zaintzearen garrantziaz kontzientziatzeko, bai helduengan, bai txikienengan. Osasun-arloko beste profesional batzuekiko lankidetza sustatzen dugu, eta prestakuntza- eta dibulgazio-jarduerak antolatzen ditugu, gure elkargokideen etengabeko eguneratzea sustatzeko.<\/p>\n<p>Euskadiko podologiaren bikaintasunarekin, kalitatearekin eta etengabeko hobekuntzarekin konprometituta gaude. Gure webgunea eskaintzen ditugun zerbitzuei, albiste eta ekitaldi berrienei eta publiko orokorrarentzat interesgarriak diren baliabide eta materialei buruzko informazio garrantzitsua zure eskura jartzen duen gunea da.<\/p>\n<p>Gure orrialdea aztertzera gonbidatzen zaituztet, eta gurekin harremanetan jartzera, informazio gehiago lortu nahi baduzue edo gure zerbitzuak eskatu nahi badituzue. Zuen oinen ongizatean eta osasunean lagundu ahal izatea espero dugu, baita Euskal Herrian kalitatezko eta abangoardiako podologia sustatzea ere.<\/p>\n<p>Agur bero bat.<\/p>\n<p><em>Alvaro Diaz Suarez<\/em><br \/>\n<strong>EPEOko lehendakaria<\/strong>[\/vc_column_text][\/vc_column][\/vc_row]<\/p>\n<\/div>","protected":false},"excerpt":{"rendered":"<p>[vc_row][vc_column][vc_single_image image=&#8221;18241&#8243; img_size=&#8221;full&#8221; alignment=&#8221;center&#8221;][\/vc_column][\/vc_row][vc_row][vc_column][vc_column_text] Ongi etorri Euskadiko Podologiako Elkargo Ofizialaren webgunera Euskadiko Podologiako Elkargo Ofizialaren helburu nagusia da Euskal Autonomia Erkidegoan podologiaren garapena sustatzea eta zaintzea, bai eta gure elkargokideen bikaintasuna eta etika profesionala bermatzea ere. Nekaezin lan egiten dugu oinen osasuna eta ongizatea sustatzeko, zerbitzu ugari eskainiz eta gure elkargokideei etengabeko prestakuntzan eta garapenean&hellip;<\/p>\n","protected":false},"author":1,"featured_media":0,"parent":0,"menu_order":0,"comment_status":"closed","ping_status":"closed","template":"","meta":{"footnotes":""},"class_list":["post-18411","page","type-page","status-publish","hentry","description-off"],"yoast_head":"<!-- This site is optimized with the Yoast SEO plugin v27.4 - https:\/\/yoast.com\/product\/yoast-seo-wordpress\/ -->\n<title>Lehendakaritzaren Agurra - Colegio Oficial de Podolog\u00eda de Pa\u00eds Vasco<\/title>\n<meta name=\"robots\" content=\"index, follow, max-snippet:-1, max-image-preview:large, max-video-preview:-1\" \/>\n<link rel=\"canonical\" href=\"https:\/\/podologiaeuskadi.com\/eu\/saludo-de-presidencia\/\" \/>\n<meta property=\"og:locale\" content=\"eu_ES\" \/>\n<meta property=\"og:type\" content=\"article\" \/>\n<meta property=\"og:title\" content=\"Lehendakaritzaren Agurra - Colegio Oficial de Podolog\u00eda de Pa\u00eds Vasco\" \/>\n<meta property=\"og:description\" content=\"[vc_row][vc_column][vc_single_image image=&#8221;18241&#8243; img_size=&#8221;full&#8221; alignment=&#8221;center&#8221;][\/vc_column][\/vc_row][vc_row][vc_column][vc_column_text] Ongi etorri Euskadiko Podologiako Elkargo Ofizialaren webgunera Euskadiko Podologiako Elkargo Ofizialaren helburu nagusia da Euskal Autonomia Erkidegoan podologiaren garapena sustatzea eta zaintzea, bai eta gure elkargokideen bikaintasuna eta etika profesionala bermatzea ere. Nekaezin lan egiten dugu oinen osasuna eta ongizatea sustatzeko, zerbitzu ugari eskainiz eta gure elkargokideei etengabeko prestakuntzan eta garapenean&hellip;\" \/>\n<meta property=\"og:url\" content=\"https:\/\/podologiaeuskadi.com\/eu\/saludo-de-presidencia\/\" \/>\n<meta property=\"og:site_name\" content=\"Colegio Oficial de Podolog\u00eda de Pa\u00eds Vasco\" \/>\n<meta property=\"article:publisher\" content=\"https:\/\/www.facebook.com\/ColegioPodologosEuskadi\/\" \/>\n<meta property=\"article:modified_time\" content=\"2024-05-06T12:38:59+00:00\" \/>\n<meta name=\"twitter:card\" content=\"summary_large_image\" \/>\n<meta name=\"twitter:site\" content=\"@CPodologos\" \/>\n<meta name=\"twitter:label1\" content=\"Est. reading time\" \/>\n\t<meta name=\"twitter:data1\" content=\"1 minute\" \/>\n<script type=\"application\/ld+json\" class=\"yoast-schema-graph\">{\"@context\":\"https:\\\/\\\/schema.org\",\"@graph\":[{\"@type\":\"WebPage\",\"@id\":\"https:\\\/\\\/podologiaeuskadi.com\\\/eu\\\/saludo-de-presidencia\\\/\",\"url\":\"https:\\\/\\\/podologiaeuskadi.com\\\/eu\\\/saludo-de-presidencia\\\/\",\"name\":\"Lehendakaritzaren Agurra - Colegio Oficial de Podolog\u00eda de Pa\u00eds Vasco\",\"isPartOf\":{\"@id\":\"https:\\\/\\\/podologiaeuskadi.com\\\/#website\"},\"datePublished\":\"2023-09-08T16:32:21+00:00\",\"dateModified\":\"2024-05-06T12:38:59+00:00\",\"breadcrumb\":{\"@id\":\"https:\\\/\\\/podologiaeuskadi.com\\\/eu\\\/saludo-de-presidencia\\\/#breadcrumb\"},\"inLanguage\":\"eu-ES\",\"potentialAction\":[{\"@type\":\"ReadAction\",\"target\":[\"https:\\\/\\\/podologiaeuskadi.com\\\/eu\\\/saludo-de-presidencia\\\/\"]}]},{\"@type\":\"BreadcrumbList\",\"@id\":\"https:\\\/\\\/podologiaeuskadi.com\\\/eu\\\/saludo-de-presidencia\\\/#breadcrumb\",\"itemListElement\":[{\"@type\":\"ListItem\",\"position\":1,\"name\":\"Portada\",\"item\":\"https:\\\/\\\/podologiaeuskadi.com\\\/eu\\\/\"},{\"@type\":\"ListItem\",\"position\":2,\"name\":\"Lehendakaritzaren Agurra\"}]},{\"@type\":\"WebSite\",\"@id\":\"https:\\\/\\\/podologiaeuskadi.com\\\/#website\",\"url\":\"https:\\\/\\\/podologiaeuskadi.com\\\/\",\"name\":\"Colegio Oficial de Pod\u00f3logos del Pa\u00eds Vasco\",\"description\":\"Colegio Oficial de Podolog\u00eda de Pa\u00eds Vasco\",\"publisher\":{\"@id\":\"https:\\\/\\\/podologiaeuskadi.com\\\/#organization\"},\"potentialAction\":[{\"@type\":\"SearchAction\",\"target\":{\"@type\":\"EntryPoint\",\"urlTemplate\":\"https:\\\/\\\/podologiaeuskadi.com\\\/?s={search_term_string}\"},\"query-input\":{\"@type\":\"PropertyValueSpecification\",\"valueRequired\":true,\"valueName\":\"search_term_string\"}}],\"inLanguage\":\"eu-ES\"},{\"@type\":\"Organization\",\"@id\":\"https:\\\/\\\/podologiaeuskadi.com\\\/#organization\",\"name\":\"Colegio Oficial de Pod\u00f3logos del Pa\u00eds Vasco\",\"url\":\"https:\\\/\\\/podologiaeuskadi.com\\\/\",\"logo\":{\"@type\":\"ImageObject\",\"inLanguage\":\"eu-ES\",\"@id\":\"https:\\\/\\\/podologiaeuskadi.com\\\/#\\\/schema\\\/logo\\\/image\\\/\",\"url\":\"https:\\\/\\\/podologiaeuskadi.com\\\/wp-content\\\/uploads\\\/2024\\\/04\\\/240423-col-podologos-2.jpg\",\"contentUrl\":\"https:\\\/\\\/podologiaeuskadi.com\\\/wp-content\\\/uploads\\\/2024\\\/04\\\/240423-col-podologos-2.jpg\",\"width\":1660,\"height\":822,\"caption\":\"Colegio Oficial de Pod\u00f3logos del Pa\u00eds Vasco\"},\"image\":{\"@id\":\"https:\\\/\\\/podologiaeuskadi.com\\\/#\\\/schema\\\/logo\\\/image\\\/\"},\"sameAs\":[\"https:\\\/\\\/www.facebook.com\\\/ColegioPodologosEuskadi\\\/\",\"https:\\\/\\\/x.com\\\/CPodologos\",\"https:\\\/\\\/www.youtube.com\\\/@colegiopodologosdelpaisvas9357\"]}]}<\/script>\n<!-- \/ Yoast SEO plugin. -->","yoast_head_json":{"title":"Lehendakaritzaren Agurra - Colegio Oficial de Podolog\u00eda de Pa\u00eds Vasco","robots":{"index":"index","follow":"follow","max-snippet":"max-snippet:-1","max-image-preview":"max-image-preview:large","max-video-preview":"max-video-preview:-1"},"canonical":"https:\/\/podologiaeuskadi.com\/eu\/saludo-de-presidencia\/","og_locale":"eu_ES","og_type":"article","og_title":"Lehendakaritzaren Agurra - Colegio Oficial de Podolog\u00eda de Pa\u00eds Vasco","og_description":"[vc_row][vc_column][vc_single_image image=&#8221;18241&#8243; img_size=&#8221;full&#8221; alignment=&#8221;center&#8221;][\/vc_column][\/vc_row][vc_row][vc_column][vc_column_text] Ongi etorri Euskadiko Podologiako Elkargo Ofizialaren webgunera Euskadiko Podologiako Elkargo Ofizialaren helburu nagusia da Euskal Autonomia Erkidegoan podologiaren garapena sustatzea eta zaintzea, bai eta gure elkargokideen bikaintasuna eta etika profesionala bermatzea ere. Nekaezin lan egiten dugu oinen osasuna eta ongizatea sustatzeko, zerbitzu ugari eskainiz eta gure elkargokideei etengabeko prestakuntzan eta garapenean&hellip;","og_url":"https:\/\/podologiaeuskadi.com\/eu\/saludo-de-presidencia\/","og_site_name":"Colegio Oficial de Podolog\u00eda de Pa\u00eds Vasco","article_publisher":"https:\/\/www.facebook.com\/ColegioPodologosEuskadi\/","article_modified_time":"2024-05-06T12:38:59+00:00","twitter_card":"summary_large_image","twitter_site":"@CPodologos","twitter_misc":{"Est. reading time":"1 minute"},"schema":{"@context":"https:\/\/schema.org","@graph":[{"@type":"WebPage","@id":"https:\/\/podologiaeuskadi.com\/eu\/saludo-de-presidencia\/","url":"https:\/\/podologiaeuskadi.com\/eu\/saludo-de-presidencia\/","name":"Lehendakaritzaren Agurra - Colegio Oficial de Podolog\u00eda de Pa\u00eds Vasco","isPartOf":{"@id":"https:\/\/podologiaeuskadi.com\/#website"},"datePublished":"2023-09-08T16:32:21+00:00","dateModified":"2024-05-06T12:38:59+00:00","breadcrumb":{"@id":"https:\/\/podologiaeuskadi.com\/eu\/saludo-de-presidencia\/#breadcrumb"},"inLanguage":"eu-ES","potentialAction":[{"@type":"ReadAction","target":["https:\/\/podologiaeuskadi.com\/eu\/saludo-de-presidencia\/"]}]},{"@type":"BreadcrumbList","@id":"https:\/\/podologiaeuskadi.com\/eu\/saludo-de-presidencia\/#breadcrumb","itemListElement":[{"@type":"ListItem","position":1,"name":"Portada","item":"https:\/\/podologiaeuskadi.com\/eu\/"},{"@type":"ListItem","position":2,"name":"Lehendakaritzaren Agurra"}]},{"@type":"WebSite","@id":"https:\/\/podologiaeuskadi.com\/#website","url":"https:\/\/podologiaeuskadi.com\/","name":"Colegio Oficial de Pod\u00f3logos del Pa\u00eds Vasco","description":"Colegio Oficial de Podolog\u00eda de Pa\u00eds Vasco","publisher":{"@id":"https:\/\/podologiaeuskadi.com\/#organization"},"potentialAction":[{"@type":"SearchAction","target":{"@type":"EntryPoint","urlTemplate":"https:\/\/podologiaeuskadi.com\/?s={search_term_string}"},"query-input":{"@type":"PropertyValueSpecification","valueRequired":true,"valueName":"search_term_string"}}],"inLanguage":"eu-ES"},{"@type":"Organization","@id":"https:\/\/podologiaeuskadi.com\/#organization","name":"Colegio Oficial de Pod\u00f3logos del Pa\u00eds Vasco","url":"https:\/\/podologiaeuskadi.com\/","logo":{"@type":"ImageObject","inLanguage":"eu-ES","@id":"https:\/\/podologiaeuskadi.com\/#\/schema\/logo\/image\/","url":"https:\/\/podologiaeuskadi.com\/wp-content\/uploads\/2024\/04\/240423-col-podologos-2.jpg","contentUrl":"https:\/\/podologiaeuskadi.com\/wp-content\/uploads\/2024\/04\/240423-col-podologos-2.jpg","width":1660,"height":822,"caption":"Colegio Oficial de Pod\u00f3logos del Pa\u00eds Vasco"},"image":{"@id":"https:\/\/podologiaeuskadi.com\/#\/schema\/logo\/image\/"},"sameAs":["https:\/\/www.facebook.com\/ColegioPodologosEuskadi\/","https:\/\/x.com\/CPodologos","https:\/\/www.youtube.com\/@colegiopodologosdelpaisvas9357"]}]}},"_links":{"self":[{"href":"https:\/\/podologiaeuskadi.com\/eu\/wp-json\/wp\/v2\/pages\/18411","targetHints":{"allow":["GET"]}}],"collection":[{"href":"https:\/\/podologiaeuskadi.com\/eu\/wp-json\/wp\/v2\/pages"}],"about":[{"href":"https:\/\/podologiaeuskadi.com\/eu\/wp-json\/wp\/v2\/types\/page"}],"author":[{"embeddable":true,"href":"https:\/\/podologiaeuskadi.com\/eu\/wp-json\/wp\/v2\/users\/1"}],"replies":[{"embeddable":true,"href":"https:\/\/podologiaeuskadi.com\/eu\/wp-json\/wp\/v2\/comments?post=18411"}],"version-history":[{"count":5,"href":"https:\/\/podologiaeuskadi.com\/eu\/wp-json\/wp\/v2\/pages\/18411\/revisions"}],"predecessor-version":[{"id":20448,"href":"https:\/\/podologiaeuskadi.com\/eu\/wp-json\/wp\/v2\/pages\/18411\/revisions\/20448"}],"wp:attachment":[{"href":"https:\/\/podologiaeuskadi.com\/eu\/wp-json\/wp\/v2\/media?parent=18411"}],"curies":[{"name":"wp","href":"https:\/\/api.w.org\/{rel}","templated":true}]}}