{"id":18416,"date":"2023-09-08T18:33:00","date_gmt":"2023-09-08T16:33:00","guid":{"rendered":"https:\/\/podologiaeuskadi.com\/seguro-de-responsabilidad-civil-profesional\/"},"modified":"2023-10-30T03:06:04","modified_gmt":"2023-10-30T01:06:04","slug":"seguro-de-responsabilidad-civil-profesional","status":"publish","type":"page","link":"https:\/\/podologiaeuskadi.com\/eu\/seguro-de-responsabilidad-civil-profesional\/","title":{"rendered":"Seguro de responsabilidad civil profesional"},"content":{"rendered":"<div class=\"wpb-content-wrapper\"><p>[vc_row][vc_column][vc_custom_heading text=&#8221;Seguro de responsabilidad civil profesional&#8221; use_theme_fonts=&#8221;yes&#8221;][\/vc_column][\/vc_row][vc_row][vc_column][vc_column_text]<strong>SEGURO DE ACCIDENTES PARA TODOS\/AS LOS\/AS COLEGIADOS\/AS<\/strong><\/p>\n<p>Desde el Col\u00b7legi en la l\u00ednea de ampliar los servicios que se ofrecen a los\/as colegiado\/s, informa que desde el 1 de mayo de 2016, integra un seguro de Accidentes a todos los colegiados y colegiadas que est\u00e9n al corriente de pago de la cuota de colegiatura.<\/p>\n<p>De este Seguro es tomador el Col\u00b7legi Oficial de Treball Social y ha sido integrado en la cuota de colegiatura, por lo que no requiere ninguna gesti\u00f3n, ni ning\u00fan pago extraordinario por parte del colegiado\/a.<\/p>\n<p>Puedes consultar las coberturas que fguran en la p\u00f3liza pinchando <a href=\"http:\/\/cgtrabajosocial.es\/app\/webroot\/files\/valencia\/files\/p%C3%B3liza%20seguro%20accidentes%20MAPFRE(1).pdf\">aqu\u00ed<\/a><\/p>\n<p><img loading=\"lazy\" decoding=\"async\" src=\"http:\/\/cgtrabajosocial.es\/app\/webroot\/files\/valencia\/images\/mapfre.png\" alt=\"\" width=\"131\" height=\"28\" \/><\/p>\n<p><strong>SEGURO DE SALUD y VIDA<\/strong><\/p>\n<p>MAPFRE oferta\u00a0 a un precio competitivo dos servicios de adhesi\u00f3n voluntaria para los colegiados y colegiadas que han sido especialmente dise\u00f1ados para nuestro colectivo: por un lado, un Seguro de Vida y por otro, un Seguro de Salud.<\/p>\n<p>Consultar <a href=\"http:\/\/cgtrabajosocial.es\/app\/webroot\/files\/valencia\/files\/folleto%20cots%20PROVISONAL(1).pdf\">d\u00edptico con informaci\u00f3n m\u00e1s detallada<\/a><\/p>\n<p><a href=\"http:\/\/cgtrabajosocial.es\/app\/webroot\/files\/valencia\/files\/cots%20cartell.pdf\">Oferta seguro de salud<\/a><\/p>\n<p>Para cualquier duda, consulta, aclaraci\u00f3n y\/o contrataci\u00f3n de servicios no dud\u00e9is en poneros en contacto con la persona\u00a0 delegada por Mapfre, Rafael Gavidia Cuenca, 670601810-gavidia@mapfre.com<\/p>\n<div class=\"titular\">\n<h3><\/h3>\n<h3>SEGURO DE RESPONSABILIDAD CIVIL<\/h3>\n<\/div>\n<div class=\"parrafo-servicio\">\n<p>El Consejo General de Colegios Oficiales de Trabajo Social Colegio y el Colegio Oficial de Trabajadores Sociales de Valencia, tienen suscrito un convenio, con la Aseguradora Zurich, a trav\u00e9s de la Corredur\u00eda de Seguros Broker\u2019s 88, para que todos\/as sus colegiados\/as que lo deseen puedan suscribir una P\u00f3liza de Responsabilidad Civil Profesional.<\/p>\n<p>Las condiciones del Seguro son muy beneficiosas ya que proceden de una renegociaci\u00f3n realizada por toda la organizaci\u00f3n colegial a trav\u00e9s del Consejo General de Trabajo Social, ofreciendo las siguientes coberturas, tanto para ejercientes por cuenta propia como ajena:<\/p>\n<p>&nbsp;<\/p>\n<p><strong>La p\u00f3liza anual de 6\u201950\u20ac, tiene las siguientes coberturas:<\/strong>\u00a0<a href=\"http:\/\/www.cgtrabajosocial.com\/app\/webroot\/files\/valencia\/files\/Assegurances\/brokers2014.pdf\" target=\"_blank\" rel=\"noopener\"><img loading=\"lazy\" decoding=\"async\" class=\"\" src=\"http:\/\/www.cgtrabajosocial.com\/app\/webroot\/files\/valencia\/images\/iconoVER.jpg\" alt=\"\" width=\"113\" height=\"30\" \/><\/a><\/p>\n<p><strong>La p\u00f3liza anual de 12\u201950\u20ac, tiene las siguientes coberturas:\u00a0<a href=\"http:\/\/www.cgtrabajosocial.com\/app\/webroot\/files\/valencia\/files\/Assegurances\/brokers2014.pdf\" target=\"_blank\" rel=\"noopener\"><img loading=\"lazy\" decoding=\"async\" class=\"\" src=\"http:\/\/www.cgtrabajosocial.com\/app\/webroot\/files\/valencia\/images\/iconoVER.jpg\" alt=\"\" width=\"106\" height=\"28\" \/><\/a><\/strong><\/p>\n<p>&nbsp;<\/p>\n<p>Efecto: desde el 1 de enero al 31 de diciembre de 2015.<\/p>\n<p>Aseguradora: Zurich.<\/p>\n<p>Mediador de Seguros: Broker\u2019s 88.<\/p>\n<p>Solicitud de informaci\u00f3n y notificaci\u00f3n de incidencias: dirigirse a Broker\u2019s 88 en<\/p>\n<p><a href=\"https:\/\/www.brokers88.es\/colectivos\/seguros-para-trabajadores-sociales\/\">https:\/\/www.brokers88.es\/colectivos\/seguros-para-trabajadores-sociales\/<\/a><\/p>\n<p>o en el correo-e <a href=\"mailto:infotrabajosocial@brokers88.es\">infotrabajosocial@brokers88.es<\/a> y en el\u00a0tel\u00e9fono 902 20 00 40.<\/p>\n<\/div>\n<p>[\/vc_column_text][\/vc_column][\/vc_row]<\/p>\n<\/div>","protected":false},"excerpt":{"rendered":"<p>[vc_row][vc_column][vc_custom_heading text=&#8221;Seguro de responsabilidad civil profesional&#8221; use_theme_fonts=&#8221;yes&#8221;][\/vc_column][\/vc_row][vc_row][vc_column][vc_column_text]SEGURO DE ACCIDENTES PARA TODOS\/AS LOS\/AS COLEGIADOS\/AS Desde el Col\u00b7legi en la l\u00ednea de ampliar los servicios que se ofrecen a los\/as colegiado\/s, informa que desde el 1 de mayo de 2016, integra un seguro de Accidentes a todos los colegiados y colegiadas que est\u00e9n al corriente de pago&hellip;<\/p>\n","protected":false},"author":1,"featured_media":0,"parent":0,"menu_order":0,"comment_status":"closed","ping_status":"closed","template":"","meta":{"footnotes":""},"class_list":["post-18416","page","type-page","status-publish","hentry","description-off"],"yoast_head":"<!-- This site is optimized with the Yoast SEO plugin v27.4 - https:\/\/yoast.com\/product\/yoast-seo-wordpress\/ -->\n<title>Seguro de responsabilidad civil profesional - Colegio Oficial de Podolog\u00eda de Pa\u00eds Vasco<\/title>\n<meta name=\"robots\" content=\"index, follow, max-snippet:-1, max-image-preview:large, max-video-preview:-1\" \/>\n<link rel=\"canonical\" href=\"https:\/\/podologiaeuskadi.com\/eu\/seguro-de-responsabilidad-civil-profesional\/\" \/>\n<meta property=\"og:locale\" content=\"eu_ES\" \/>\n<meta property=\"og:type\" content=\"article\" \/>\n<meta property=\"og:title\" content=\"Seguro de responsabilidad civil profesional - Colegio Oficial de Podolog\u00eda de Pa\u00eds Vasco\" \/>\n<meta property=\"og:description\" content=\"[vc_row][vc_column][vc_custom_heading text=&#8221;Seguro de responsabilidad civil profesional&#8221; use_theme_fonts=&#8221;yes&#8221;][\/vc_column][\/vc_row][vc_row][vc_column][vc_column_text]SEGURO DE ACCIDENTES PARA TODOS\/AS LOS\/AS COLEGIADOS\/AS Desde el Col\u00b7legi en la l\u00ednea de ampliar los servicios que se ofrecen a los\/as colegiado\/s, informa que desde el 1 de mayo de 2016, integra un seguro de Accidentes a todos los colegiados y colegiadas que est\u00e9n al corriente de pago&hellip;\" \/>\n<meta property=\"og:url\" content=\"https:\/\/podologiaeuskadi.com\/eu\/seguro-de-responsabilidad-civil-profesional\/\" \/>\n<meta property=\"og:site_name\" content=\"Colegio Oficial de Podolog\u00eda de Pa\u00eds Vasco\" \/>\n<meta property=\"article:publisher\" content=\"https:\/\/www.facebook.com\/ColegioPodologosEuskadi\/\" \/>\n<meta property=\"article:modified_time\" content=\"2023-10-30T01:06:04+00:00\" \/>\n<meta property=\"og:image\" content=\"http:\/\/cgtrabajosocial.es\/app\/webroot\/files\/valencia\/images\/mapfre.png\" \/>\n<meta name=\"twitter:card\" content=\"summary_large_image\" \/>\n<meta name=\"twitter:site\" content=\"@CPodologos\" \/>\n<meta name=\"twitter:label1\" content=\"Est. reading time\" \/>\n\t<meta name=\"twitter:data1\" content=\"2 minutes\" \/>\n<script type=\"application\/ld+json\" class=\"yoast-schema-graph\">{\"@context\":\"https:\\\/\\\/schema.org\",\"@graph\":[{\"@type\":\"WebPage\",\"@id\":\"https:\\\/\\\/podologiaeuskadi.com\\\/eu\\\/seguro-de-responsabilidad-civil-profesional\\\/\",\"url\":\"https:\\\/\\\/podologiaeuskadi.com\\\/eu\\\/seguro-de-responsabilidad-civil-profesional\\\/\",\"name\":\"Seguro de responsabilidad civil profesional - Colegio Oficial de Podolog\u00eda de Pa\u00eds Vasco\",\"isPartOf\":{\"@id\":\"https:\\\/\\\/podologiaeuskadi.com\\\/#website\"},\"primaryImageOfPage\":{\"@id\":\"https:\\\/\\\/podologiaeuskadi.com\\\/eu\\\/seguro-de-responsabilidad-civil-profesional\\\/#primaryimage\"},\"image\":{\"@id\":\"https:\\\/\\\/podologiaeuskadi.com\\\/eu\\\/seguro-de-responsabilidad-civil-profesional\\\/#primaryimage\"},\"thumbnailUrl\":\"http:\\\/\\\/cgtrabajosocial.es\\\/app\\\/webroot\\\/files\\\/valencia\\\/images\\\/mapfre.png\",\"datePublished\":\"2023-09-08T16:33:00+00:00\",\"dateModified\":\"2023-10-30T01:06:04+00:00\",\"breadcrumb\":{\"@id\":\"https:\\\/\\\/podologiaeuskadi.com\\\/eu\\\/seguro-de-responsabilidad-civil-profesional\\\/#breadcrumb\"},\"inLanguage\":\"eu-ES\",\"potentialAction\":[{\"@type\":\"ReadAction\",\"target\":[\"https:\\\/\\\/podologiaeuskadi.com\\\/eu\\\/seguro-de-responsabilidad-civil-profesional\\\/\"]}]},{\"@type\":\"ImageObject\",\"inLanguage\":\"eu-ES\",\"@id\":\"https:\\\/\\\/podologiaeuskadi.com\\\/eu\\\/seguro-de-responsabilidad-civil-profesional\\\/#primaryimage\",\"url\":\"http:\\\/\\\/cgtrabajosocial.es\\\/app\\\/webroot\\\/files\\\/valencia\\\/images\\\/mapfre.png\",\"contentUrl\":\"http:\\\/\\\/cgtrabajosocial.es\\\/app\\\/webroot\\\/files\\\/valencia\\\/images\\\/mapfre.png\"},{\"@type\":\"BreadcrumbList\",\"@id\":\"https:\\\/\\\/podologiaeuskadi.com\\\/eu\\\/seguro-de-responsabilidad-civil-profesional\\\/#breadcrumb\",\"itemListElement\":[{\"@type\":\"ListItem\",\"position\":1,\"name\":\"Portada\",\"item\":\"https:\\\/\\\/podologiaeuskadi.com\\\/eu\\\/\"},{\"@type\":\"ListItem\",\"position\":2,\"name\":\"Seguro de responsabilidad civil profesional\"}]},{\"@type\":\"WebSite\",\"@id\":\"https:\\\/\\\/podologiaeuskadi.com\\\/#website\",\"url\":\"https:\\\/\\\/podologiaeuskadi.com\\\/\",\"name\":\"Colegio Oficial de Pod\u00f3logos del Pa\u00eds Vasco\",\"description\":\"Colegio Oficial de Podolog\u00eda de Pa\u00eds Vasco\",\"publisher\":{\"@id\":\"https:\\\/\\\/podologiaeuskadi.com\\\/#organization\"},\"potentialAction\":[{\"@type\":\"SearchAction\",\"target\":{\"@type\":\"EntryPoint\",\"urlTemplate\":\"https:\\\/\\\/podologiaeuskadi.com\\\/?s={search_term_string}\"},\"query-input\":{\"@type\":\"PropertyValueSpecification\",\"valueRequired\":true,\"valueName\":\"search_term_string\"}}],\"inLanguage\":\"eu-ES\"},{\"@type\":\"Organization\",\"@id\":\"https:\\\/\\\/podologiaeuskadi.com\\\/#organization\",\"name\":\"Colegio Oficial de Pod\u00f3logos del Pa\u00eds Vasco\",\"url\":\"https:\\\/\\\/podologiaeuskadi.com\\\/\",\"logo\":{\"@type\":\"ImageObject\",\"inLanguage\":\"eu-ES\",\"@id\":\"https:\\\/\\\/podologiaeuskadi.com\\\/#\\\/schema\\\/logo\\\/image\\\/\",\"url\":\"https:\\\/\\\/podologiaeuskadi.com\\\/wp-content\\\/uploads\\\/2024\\\/04\\\/240423-col-podologos-2.jpg\",\"contentUrl\":\"https:\\\/\\\/podologiaeuskadi.com\\\/wp-content\\\/uploads\\\/2024\\\/04\\\/240423-col-podologos-2.jpg\",\"width\":1660,\"height\":822,\"caption\":\"Colegio Oficial de Pod\u00f3logos del Pa\u00eds Vasco\"},\"image\":{\"@id\":\"https:\\\/\\\/podologiaeuskadi.com\\\/#\\\/schema\\\/logo\\\/image\\\/\"},\"sameAs\":[\"https:\\\/\\\/www.facebook.com\\\/ColegioPodologosEuskadi\\\/\",\"https:\\\/\\\/x.com\\\/CPodologos\",\"https:\\\/\\\/www.youtube.com\\\/@colegiopodologosdelpaisvas9357\"]}]}<\/script>\n<!-- \/ Yoast SEO plugin. -->","yoast_head_json":{"title":"Seguro de responsabilidad civil profesional - Colegio Oficial de Podolog\u00eda de Pa\u00eds Vasco","robots":{"index":"index","follow":"follow","max-snippet":"max-snippet:-1","max-image-preview":"max-image-preview:large","max-video-preview":"max-video-preview:-1"},"canonical":"https:\/\/podologiaeuskadi.com\/eu\/seguro-de-responsabilidad-civil-profesional\/","og_locale":"eu_ES","og_type":"article","og_title":"Seguro de responsabilidad civil profesional - Colegio Oficial de Podolog\u00eda de Pa\u00eds Vasco","og_description":"[vc_row][vc_column][vc_custom_heading text=&#8221;Seguro de responsabilidad civil profesional&#8221; use_theme_fonts=&#8221;yes&#8221;][\/vc_column][\/vc_row][vc_row][vc_column][vc_column_text]SEGURO DE ACCIDENTES PARA TODOS\/AS LOS\/AS COLEGIADOS\/AS Desde el Col\u00b7legi en la l\u00ednea de ampliar los servicios que se ofrecen a los\/as colegiado\/s, informa que desde el 1 de mayo de 2016, integra un seguro de Accidentes a todos los colegiados y colegiadas que est\u00e9n al corriente de pago&hellip;","og_url":"https:\/\/podologiaeuskadi.com\/eu\/seguro-de-responsabilidad-civil-profesional\/","og_site_name":"Colegio Oficial de Podolog\u00eda de Pa\u00eds Vasco","article_publisher":"https:\/\/www.facebook.com\/ColegioPodologosEuskadi\/","article_modified_time":"2023-10-30T01:06:04+00:00","og_image":[{"url":"http:\/\/cgtrabajosocial.es\/app\/webroot\/files\/valencia\/images\/mapfre.png","type":"","width":"","height":""}],"twitter_card":"summary_large_image","twitter_site":"@CPodologos","twitter_misc":{"Est. reading time":"2 minutes"},"schema":{"@context":"https:\/\/schema.org","@graph":[{"@type":"WebPage","@id":"https:\/\/podologiaeuskadi.com\/eu\/seguro-de-responsabilidad-civil-profesional\/","url":"https:\/\/podologiaeuskadi.com\/eu\/seguro-de-responsabilidad-civil-profesional\/","name":"Seguro de responsabilidad civil profesional - Colegio Oficial de Podolog\u00eda de Pa\u00eds Vasco","isPartOf":{"@id":"https:\/\/podologiaeuskadi.com\/#website"},"primaryImageOfPage":{"@id":"https:\/\/podologiaeuskadi.com\/eu\/seguro-de-responsabilidad-civil-profesional\/#primaryimage"},"image":{"@id":"https:\/\/podologiaeuskadi.com\/eu\/seguro-de-responsabilidad-civil-profesional\/#primaryimage"},"thumbnailUrl":"http:\/\/cgtrabajosocial.es\/app\/webroot\/files\/valencia\/images\/mapfre.png","datePublished":"2023-09-08T16:33:00+00:00","dateModified":"2023-10-30T01:06:04+00:00","breadcrumb":{"@id":"https:\/\/podologiaeuskadi.com\/eu\/seguro-de-responsabilidad-civil-profesional\/#breadcrumb"},"inLanguage":"eu-ES","potentialAction":[{"@type":"ReadAction","target":["https:\/\/podologiaeuskadi.com\/eu\/seguro-de-responsabilidad-civil-profesional\/"]}]},{"@type":"ImageObject","inLanguage":"eu-ES","@id":"https:\/\/podologiaeuskadi.com\/eu\/seguro-de-responsabilidad-civil-profesional\/#primaryimage","url":"http:\/\/cgtrabajosocial.es\/app\/webroot\/files\/valencia\/images\/mapfre.png","contentUrl":"http:\/\/cgtrabajosocial.es\/app\/webroot\/files\/valencia\/images\/mapfre.png"},{"@type":"BreadcrumbList","@id":"https:\/\/podologiaeuskadi.com\/eu\/seguro-de-responsabilidad-civil-profesional\/#breadcrumb","itemListElement":[{"@type":"ListItem","position":1,"name":"Portada","item":"https:\/\/podologiaeuskadi.com\/eu\/"},{"@type":"ListItem","position":2,"name":"Seguro de responsabilidad civil profesional"}]},{"@type":"WebSite","@id":"https:\/\/podologiaeuskadi.com\/#website","url":"https:\/\/podologiaeuskadi.com\/","name":"Colegio Oficial de Pod\u00f3logos del Pa\u00eds Vasco","description":"Colegio Oficial de Podolog\u00eda de Pa\u00eds Vasco","publisher":{"@id":"https:\/\/podologiaeuskadi.com\/#organization"},"potentialAction":[{"@type":"SearchAction","target":{"@type":"EntryPoint","urlTemplate":"https:\/\/podologiaeuskadi.com\/?s={search_term_string}"},"query-input":{"@type":"PropertyValueSpecification","valueRequired":true,"valueName":"search_term_string"}}],"inLanguage":"eu-ES"},{"@type":"Organization","@id":"https:\/\/podologiaeuskadi.com\/#organization","name":"Colegio Oficial de Pod\u00f3logos del Pa\u00eds Vasco","url":"https:\/\/podologiaeuskadi.com\/","logo":{"@type":"ImageObject","inLanguage":"eu-ES","@id":"https:\/\/podologiaeuskadi.com\/#\/schema\/logo\/image\/","url":"https:\/\/podologiaeuskadi.com\/wp-content\/uploads\/2024\/04\/240423-col-podologos-2.jpg","contentUrl":"https:\/\/podologiaeuskadi.com\/wp-content\/uploads\/2024\/04\/240423-col-podologos-2.jpg","width":1660,"height":822,"caption":"Colegio Oficial de Pod\u00f3logos del Pa\u00eds Vasco"},"image":{"@id":"https:\/\/podologiaeuskadi.com\/#\/schema\/logo\/image\/"},"sameAs":["https:\/\/www.facebook.com\/ColegioPodologosEuskadi\/","https:\/\/x.com\/CPodologos","https:\/\/www.youtube.com\/@colegiopodologosdelpaisvas9357"]}]}},"_links":{"self":[{"href":"https:\/\/podologiaeuskadi.com\/eu\/wp-json\/wp\/v2\/pages\/18416","targetHints":{"allow":["GET"]}}],"collection":[{"href":"https:\/\/podologiaeuskadi.com\/eu\/wp-json\/wp\/v2\/pages"}],"about":[{"href":"https:\/\/podologiaeuskadi.com\/eu\/wp-json\/wp\/v2\/types\/page"}],"author":[{"embeddable":true,"href":"https:\/\/podologiaeuskadi.com\/eu\/wp-json\/wp\/v2\/users\/1"}],"replies":[{"embeddable":true,"href":"https:\/\/podologiaeuskadi.com\/eu\/wp-json\/wp\/v2\/comments?post=18416"}],"version-history":[{"count":2,"href":"https:\/\/podologiaeuskadi.com\/eu\/wp-json\/wp\/v2\/pages\/18416\/revisions"}],"predecessor-version":[{"id":18418,"href":"https:\/\/podologiaeuskadi.com\/eu\/wp-json\/wp\/v2\/pages\/18416\/revisions\/18418"}],"wp:attachment":[{"href":"https:\/\/podologiaeuskadi.com\/eu\/wp-json\/wp\/v2\/media?parent=18416"}],"curies":[{"name":"wp","href":"https:\/\/api.w.org\/{rel}","templated":true}]}}