{"id":18852,"date":"2023-09-27T19:46:39","date_gmt":"2023-09-27T17:46:39","guid":{"rendered":"https:\/\/podologiaeuskadi.com\/prentsa-oharrak-eta-iragarkiak\/"},"modified":"2026-02-16T11:12:25","modified_gmt":"2026-02-16T09:12:25","slug":"prentsa-oharrak-eta-iragarkiak","status":"publish","type":"page","link":"https:\/\/podologiaeuskadi.com\/eu\/prentsa-oharrak-eta-iragarkiak\/","title":{"rendered":"Prentsa-oharrak eta jakinarazpenak"},"content":{"rendered":"<div class=\"wpb-content-wrapper\"><p>[vc_row][vc_column][vc_single_image image=&#8221;18189&#8243; img_size=&#8221;full&#8221; css_animation=&#8221;fadeInUp&#8221;][vc_column_text]<\/p>\n<h2>Elkargoaren Informazioa<\/h2>\n<h4>Prentsa-Oharrak eta Jakinarazpenak<\/h4>\n<p><strong>\u2022 260216 Ohiko Batzar Orokorraren<\/strong> <a href=\"https:\/\/mcusercontent.com\/e870adfccab74ac2ad0acc429\/files\/5b6d9fa2-ca96-40f6-6760-9bd8a2e0ac9e\/260216_S37_Colegiados_Convocatoria_de_Asamblea_Gereral_26_Online.pdf\" target=\"_blank\" rel=\"noopener\">deialdia<\/a>, 2026ko martxoaren 6a.<br \/>\n<strong>\u2022 250728<\/strong> <strong>Podologia Geriatrikoaren<\/strong> arloko <strong>kudeaketa instituzionalei<\/strong> buruzko <a href=\"https:\/\/mailchi.mp\/0488ccedc202\/250607-aviso-a-usuarios-de-programa-gestin-de-clnicas-cgcop-ticket-bai-17995618\" target=\"_blank\" rel=\"noopener\">informazioa<\/a><br \/>\n<strong>\u2022 250220 Ohiko Batzar Orokorraren<\/strong> <a href=\"https:\/\/mcusercontent.com\/e870adfccab74ac2ad0acc429\/files\/e7e9278b-058e-263e-1950-8cd707133117\/250220_S51_Colegiados_Convocatoria_de_Asamblea_Gereral_25_Online.pdf\" target=\"_blank\" rel=\"noopener\">deialdia<\/a>, 2025eko martxoaren 7a.<br \/>\n\u2022 <strong>250212<\/strong> Osasun Sailaren <strong>elgorriari<\/strong> buruzko <a href=\"https:\/\/mailchi.mp\/6956c6582013\/191112-ikastaroacurso-bbbrcp-17992322\" target=\"_blank\" rel=\"noopener\">informazio-oharra<\/a><br \/>\n<strong>\u2022 250107 Ezohiko Batzar Orokorraren<\/strong> <a href=\"https:\/\/podologiaeuskadi.com\/wp-content\/uploads\/2025\/01\/250107-S4-Colegiados-Convocatoria-Asamblea-General-Extraordinaria-Enero-2025.pdf\" target=\"_blank\" rel=\"noopener\">deialdia<\/a>, 2025eko urtarrilaren 24a.<br \/>\n<strong>\u2022 240208<\/strong> <strong>2024ko<\/strong> Ohiko Batzar Nagusirako <a href=\"https:\/\/podologiaeuskadi.com\/wp-content\/uploads\/2024\/02\/240207-S32-Colegiados-Convocatoria-de-Asamblea-Gereral-24-Online.pdf\" target=\"_blank\" rel=\"noopener\">deialdia<\/a> &#8211; Online- 2024ko otsailaren 23an.<br \/>\n<strong>\u2022 240122 Vitoria-Gasteizko Udaleko<\/strong> Tokiko Gobernu Batzarrak 2023ko abenduaren 1ean hartutako erabakiaren <a href=\"https:\/\/www.araba.eus\/botha\/Boletines\/2024\/008\/2024_008_00092_E.pdf\" target=\"_blank\" rel=\"noopener\">laburpena<\/a>: <strong>arlo sanitarioko irabazi asmorik gabeko elkarte, fundazio eta erakunde<\/strong> pribatuei 2024an <strong>dirulaguntzak emateko deialdi publikoaren oinarriak<\/strong> onesten ditu horrek.<br \/>\n<strong>\u2022 240122<\/strong> Berariazko <a href=\"https:\/\/www.araba.eus\/botha\/Boletines\/2024\/008\/2024_008_00041_E.pdf\" target=\"_blank\" rel=\"noopener\">oinarriak<\/a>, 2024an gaixotasunak <strong>prebenitzeko, osasuna sustatzeko eta<\/strong> gaixotasun zein afekzio kronikoak dituzten pertsonen<strong> bizi-kalitatea hobetzeko sentsibilizazio-proiektuetarako dirulaguntzak<\/strong> emateko deialdia arautuko dutenak.<br \/>\n<strong>\u2022 240109<\/strong> Osasun Sailak eta Osakidetzak<strong> maskara erabiltzea <a href=\"https:\/\/www.euskadi.eus\/eusko-jaurlaritza\/-\/albistea\/2023\/osasun-sailak-eta-osakidetzak-maskara-erabiltzea-gomendatzen-dute-arnas-sintomen-aurrean\/\" target=\"_blank\" rel=\"noopener\">gomendatzen<\/a> dute<\/strong> arnas sintomen aurrean<br \/>\n<strong>\u2022 240109<\/strong> Eusko Jaurlaritzaren Osasun Sailak Gripearen birusaren intzidentzia handitzearen aurrean, <strong>higiene-neurriak indartzea eta maskara erabiltzea <a href=\"https:\/\/www.euskadi.eus\/eusko-jaurlaritza\/-\/albistea\/2024\/gripearen-birusaren-intzidentzia-handitzearen-aurrean-higiene-neurriak-indartzea-eta-maskara-erabiltzea-gomendatzen-da\/\" target=\"_blank\" rel=\"noopener\">gomendatzen<\/a> du<\/strong><br \/>\n<strong>\u2022 231205 <\/strong>Elkargoak <strong>Diario Vasco<\/strong> egunkariari bidalitako <a href=\"https:\/\/podologiaeuskadi.com\/wp-content\/uploads\/2023\/12\/231009-S212-Diario-Vasco-Solicitud-rectificacion-articulo.pdf\" target=\"_blank\" rel=\"noopener\">gutuna<\/a>, 2023ko urriaren 1ean egunkari horretan argitaratutako<strong> artikulu baten edukia zuzentzeko eskatuz<\/strong>, Donostia Atalean, 23. orrialdea, Elena Vi\u00f1as andrea egilea izanez Daniel Berasateguiri elkarrizketa<br \/>\n<strong>\u2022 230728 <\/strong>Ezohiko Batzar Orokorraren <a href=\"https:\/\/podologiaeuskadi.com\/wp-content\/uploads\/2023\/07\/230728-S179-Colegiados-Convocatoria-Asamblea-General-Extraordinaria-2023.pdf\" target=\"_blank\" rel=\"noopener\">deialdia, <\/a>2023ko irailaren 12a<strong><br \/>\n<\/strong><strong>\u2022 230728<\/strong> Estatutuak aldatzea <a href=\"https:\/\/podologiaeuskadi.com\/wp-content\/uploads\/2023\/07\/230728-Modificacion-estatutos-Texto-Integro-WEB-5.pdf\" target=\"_blank\" rel=\"noopener\">(testu osoa)<\/a><strong><br \/>\n\u2022 230711<\/strong> <a href=\"https:\/\/podologiaeuskadi.com\/wp-content\/uploads\/2023\/07\/230711-Plazas-docentes-universidad-Extremadura-26.pdf\" target=\"_blank\" rel=\"noopener\">Ebazpena, 2023ko ekainaren 30ekoa, <\/a>Extremadurako Unibertsitatearena, unibertsitateko <strong>irakasleen kidegoetako plazak<\/strong> eskuratzeko lehiaketarako deia egiten duena.<br \/>\n<strong>\u2022 230614<\/strong> EHAA, 2023ko<strong> osasun-arloko<\/strong> <strong>ikerketa<\/strong>&#8211; eta <strong>garapen<\/strong>-proiektuetarako <strong>laguntzen<\/strong> <a href=\"https:\/\/www.euskadi.eus\/bopv2\/datos\/2023\/01\/2300409e.pdf\" target=\"_blank\" rel=\"noopener\">deialdia<\/a><br \/>\n<strong>\u2022 230327<\/strong> Lehendakariaren <a href=\"https:\/\/podologiaeuskadi.com\/wp-content\/uploads\/2023\/11\/230327-S88-Carta-PRESENTACION-Premios-3.pdf\">eskutitza<\/a> eta Euskal Herriko Podologiako<strong> Ikerketa Sariaren<\/strong> <a href=\"https:\/\/podologiaeuskadi.com\/wp-content\/uploads\/2023\/07\/230327-S89-Premios-PODOLOGIA-EUSKADI-2023_Investigacion-60.pdf\" target=\"_blank\" rel=\"noopener\">oinarriak<\/a><br \/>\n<strong>\u2022 230321<\/strong> <a href=\"https:\/\/podologiaeuskadi.com\/wp-content\/uploads\/2023\/07\/230321_BOE_A_2023_7274-61.pdf\" target=\"_blank\" rel=\"noopener\">Ebazpena, 2023ko martxoaren 13koa, <\/a>Sevillako Unibertsitatearena, unibertsitateko<strong> iralaslen kidegoetako <\/strong>zenbait <strong>plaza<\/strong> eskuratzeko lehiaketarako deialdia egiten due\u00f1a.<br \/>\n<strong>\u2022 230308<\/strong> <strong>2023ko<\/strong> Ohiko Batzar Nagusirako <a href=\"https:\/\/podologiaeuskadi.com\/wp-content\/uploads\/2023\/07\/230308-S79-Colegiados-Convocatoria-de-Asamblea-Gereral-23-Online-62.pdf\" target=\"_blank\" rel=\"noopener\">deialdia<\/a><br \/>\n<strong>\u2022 230209<\/strong> EPEren Gobernu Batzordearen<a href=\"https:\/\/podologiaeuskadi.com\/wp-content\/uploads\/2023\/07\/230209-S41-Colegiados-Carta-Junta-Registro-Profesionales-Sanitarios-63.pdf\" target=\"_blank\" rel=\"noopener\"> gutuna <\/a>&#8211;<strong> Osasun Profesionalen<\/strong> Euskal <strong>Erregistrorako<\/strong> datuak eskatzea.<br \/>\n<strong>\u2022 230119<\/strong> EPEk ez du gomendatzen oinak berogailuan jartzea beroan sartzeko &#8211; <a href=\"https:\/\/podologiaeuskadi.com\/wp-content\/uploads\/2023\/11\/230119-PO-Oinak-Hotza-1.pdf\">Prentsa-Oharra<\/a><\/p>\n<p><strong>\u2022 221024<\/strong> <a href=\"https:\/\/www.boe.es\/diario_boe\/txt.php?id=BOE-A-2022-17096\" target=\"_blank\" rel=\"noopener\">Agindua, urriaren 6koa; <\/a>honen bidez,<strong> gaitasun-probak<\/strong> egiteko deia egiten zaie Erizaintza, Farmazia, Medikuntza, Fisioterapia, Podologia edo Osasun Zientzietako espezialitate batean Espainian jarduteko lanbide-kualifikazioa aitortzea eskatu duten Europar Batasuneko estatu kideetako herritar jakin batzuei.<br \/>\n<strong>\u2022 220614<\/strong> EJren Osasun Sailaren <a href=\"https:\/\/podologiaeuskadi.com\/wp-content\/uploads\/2023\/07\/220614-E238-EJ-GV-Dpto-Salud-Carta-a-Centros-Tramites-electronicos-para-solicitar-autorizaciones-65.pdf\" target=\"_blank\" rel=\"noopener\">gutuna<\/a>, 2022ko ekainetik aurrera <strong>baimentze-prozedurak elektronikoki<\/strong> egingo direla jakinarazitakoa<br \/>\n<strong>\u2022 220216 2022ko<\/strong> Ohiko Batzar Nagusirako <a href=\"https:\/\/podologiaeuskadi.com\/wp-content\/uploads\/2023\/07\/220216-S38-Colegiados-Convocatoria-de-Asamblea-Gereral-22-Online.-66.pdf\" target=\"_blank\" rel=\"noopener\">deialdia.<\/a> On-Line.<br \/>\n<strong>\u2022 210521<\/strong> EPEren Batzordearen<a href=\"https:\/\/podologiaeuskadi.com\/wp-content\/uploads\/2023\/07\/210521-S97-Colegiados-GT-Podologia-deportiva-67.pdf\" target=\"_blank\" rel=\"noopener\"> jakinarazpena, <\/a><strong>Kirol Podologiako Lantalde<\/strong> bat eratzeko asmoari buruzkoa.<br \/>\n\u2022<strong> 201217<\/strong> 2020ko Batzar Nagusiari buruzko<a href=\"https:\/\/podologiaeuskadi.com\/wp-content\/uploads\/2023\/07\/201217-COPPV-EPEO-Informacion-Asamble-Genera-68.pdf\" target=\"_blank\" rel=\"noopener\"> jakinarazpena<\/a><br \/>\n<strong>\u2022 201027<\/strong> Urriaren 30eko Ohiko Batzar Orokorra <a href=\"https:\/\/podologiaeuskadi.com\/wp-content\/uploads\/2023\/07\/201027-Aplazamiento-asamblea-69.pdf\" target=\"_blank\" rel=\"noopener\">atzeratzea<\/a><br \/>\n\u2022<strong> 200922<\/strong> <strong>2020ko<\/strong> Ohiko Batzar Nagusirako <a href=\"https:\/\/podologiaeuskadi.com\/wp-content\/uploads\/2023\/07\/200922-Convocatoria-de-Asamblea-30-Oct.-70.pdf\" target=\"_blank\" rel=\"noopener\">deialdia<\/a>. Ordezkaritza eskuordetzeko <a href=\"https:\/\/podologiaeuskadi.com\/wp-content\/uploads\/2023\/07\/190225-DelegacionRepresentacionAsambleas-81.pdf\">txartelak<\/a>.<br \/>\n\u2022<strong> 200921<\/strong> <strong>TICKET BAI<\/strong> buruzko<a href=\"https:\/\/podologiaeuskadi.com\/wp-content\/uploads\/2023\/07\/200917-Que-es-Ticket-BAI-71.pdf\" target=\"_blank\" rel=\"noopener\"> informazioa<\/a><br \/>\n<strong>\u2022 200629<\/strong>\u00a0<a href=\"https:\/\/podologiaeuskadi.com\/wp-content\/uploads\/2023\/07\/200626-Comunicado-Colegiados-Cuota-2T-2020-72.pdf\" target=\"_blank\" rel=\"noopener\">Jakinarazpena<\/a> &#8211; <strong>Elkargoaren kuota<\/strong> Alarma-egoeran<br \/>\n<strong>\u2022 200427 <\/strong><a href=\"https:\/\/podologiaeuskadi.com\/wp-content\/uploads\/2023\/07\/Comunicado-25-de-abril-2-73.pdf\" target=\"_blank\" rel=\"noopener\">Jakinarazpena <\/a>&#8211; Nazioarteko 1. Topaketa Podologikoaren <strong>data berria<\/strong><br \/>\n\u2022<strong> 200323<\/strong> <a href=\"https:\/\/podologiaeuskadi.com\/wp-content\/uploads\/2023\/07\/200323-Comunicado-Colegiados-Cuota-1T-2020-74.pdf\" target=\"_blank\" rel=\"noopener\">Jakinarazpena <\/a>&#8211; <strong>Elkargoaren kuota<\/strong> Alarma-egoeran<br \/>\n\u2022<strong> 200306<\/strong> <strong>2020ko<\/strong> Ohiko Batzar Orokorra <a href=\"https:\/\/podologiaeuskadi.com\/wp-content\/uploads\/2023\/07\/200306-Aplazamiento-asamblea-75.pdf\" target=\"_blank\" rel=\"noopener\">atzeratzea<\/a><br \/>\n\u2022<strong> 200305<\/strong> <strong>Nazioarteko 1. Topaketa Podologikoa<\/strong> <a href=\"https:\/\/podologiaeuskadi.com\/wp-content\/uploads\/2023\/07\/200305-Aplazamiento-Encuentro-76.pdf\" target=\"_blank\" rel=\"noopener\">atzeratzea<\/a><br \/>\n\u2022<strong> 200210<\/strong> <strong>2020ko<\/strong> Batzar Nagusirako <a href=\"https:\/\/podologiaeuskadi.com\/wp-content\/uploads\/2023\/07\/200205-CONVOCATORIA-DE-ASAMBLE-GENERAL-ORDINARIA-77.pdf\" target=\"_blank\" rel=\"noopener\">deialdia<\/a>. Ordezkaritzarako boto-<a href=\"https:\/\/podologiaeuskadi.com\/wp-content\/uploads\/2023\/07\/190225-DelegacionRepresentacionAsambleas-81.pdf\">txartelak<\/a><br \/>\n<strong>\u2022 200207<\/strong> <a href=\"https:\/\/podologiaeuskadi.com\/wp-content\/uploads\/2023\/07\/200204-NP-Colegio-Podologos-de-Galicia-La-importancia-de-examinar-pies-antes-de-inicar-tratamiento-de-quimioterapia-78.pdf\" target=\"_blank\" rel=\"noopener\">Prentsa Oharra- <\/a>Galiziako PEOk kimioterapia tratamendua hasi aurretik oinak aztertzearen garrantzia azpimarratu du.<br \/>\n<strong>\u2022 191018 <\/strong>Eusko Jaurlaritzako <strong>Jarduera Fisikoaren eta Kirolaren zuzendariari<\/strong> <a href=\"https:\/\/podologiaeuskadi.com\/wp-content\/uploads\/2023\/07\/191018-CartaPodDeportiva_bilingue-79.pdf\" target=\"_blank\" rel=\"noopener\">gutun irekia<\/a><br \/>\n<strong>\u2022 190226 <\/strong>2019ko Ohiko Batzar Orokorrarrn <a href=\"https:\/\/podologiaeuskadi.com\/wp-content\/uploads\/2023\/07\/190225-OhikoBatzarDeialdia_ConvocatoriaAsamblea-15marzo-80.pdf\" target=\"_blank\" rel=\"noopener\">deialdia.<\/a> &#8211; Ordezkaritzarako boto-<a href=\"https:\/\/podologiaeuskadi.com\/wp-content\/uploads\/2023\/07\/190225-DelegacionRepresentacionAsambleas-81.pdf\">txartelak<\/a><br \/>\n<strong>\u2022 180518 Sendagaiak hornitzeko<\/strong> farmazia-bulegoaren eta osasun-zentroaren arteko <strong>akordioaren<\/strong><a href=\"https:\/\/www.euskadi.eus\/comunicacion\/comunicacion-del-acuerdo-entre-oficina-de-farmacia-y-centro-sanitario-para-el-suministro-de-medicamentos\/web01-a2farma\/es\/\" target=\"_blank\" rel=\"noopener\"> jakinarazpena.<\/a><br \/>\n<strong>\u2022 180305 2018ko<\/strong> Ohiko Batzar Orokorrarrn <a href=\"https:\/\/podologiaeuskadi.com\/wp-content\/uploads\/2023\/11\/180301-OhikoBatzarDeialdia_ConvocatoriaAsamblea-16marzo-1.pdf\">deialdia<\/a><a href=\"https:\/\/podologiaeuskadi.com\/wp-content\/uploads\/2023\/07\/190225-OhikoBatzarDeialdia_ConvocatoriaAsamblea-15marzo-80.pdf\" target=\"_blank\" rel=\"noopener\">.<\/a> &#8211; Ordezkaritzarako boto-<a href=\"https:\/\/podologiaeuskadi.com\/wp-content\/uploads\/2023\/07\/190225-DelegacionRepresentacionAsambleas-81.pdf\">txartelak<\/a><br \/>\n<strong>\u2022 180221 <\/strong><a href=\"https:\/\/podologiaeuskadi.com\/wp-content\/uploads\/2023\/07\/180301-OhikoBatzarDeialdia_ConvocatoriaAsamblea-180316-84.pdf\" target=\"_blank\" rel=\"noopener\">ERREZETA OFIZIALA &#8211;<\/a> Podologoen Kontseilu Nagusitik idazki hau helarazi digute errezeta ofizialaren bidez preskribatzeko betebeharrari buruz. (Ikus BOE &#8211; 1718\/2010 Errege Dekretua, abenduaren 17koa, mediku-errezetari eta banaketa-aginduei buruzkoa).<br \/>\n<strong>\u2022 180117 <\/strong>Applied Laser Systems <a href=\"https:\/\/podologiaeuskadi.com\/wp-content\/uploads\/2023\/07\/180116-Applied.-85.pdf\" target=\"_blank\" rel=\"noopener\">\u2013 faltsifikazioak antzeman dira \u2013<\/a> azken hilabeteotan, nazioarteko hainbat web orritan laser-ekipo ANTZEKOAK eskaintzen dira, gure beheko mailakoen aldean.<br \/>\n<strong>\u2022 170518 Osasun-publizitatearen<\/strong> administrazio-baimenerako<a href=\"https:\/\/podologiaeuskadi.com\/wp-content\/uploads\/2023\/07\/170508-OsasunPublizitatekoFormularioa-FormularioPubSanitaria2017-86.pdf\" target=\"_blank\" rel=\"noopener\"> inprimaki berria<\/a><br \/>\n<strong>\u2022 170315 <\/strong><a href=\"https:\/\/podologiaeuskadi.com\/wp-content\/uploads\/2023\/07\/170315-Consejo-AEMPS-Dispensacion-medicamentos-info-30.01.2017-87.pdf\" target=\"_blank\" rel=\"noopener\">Botikak farmazia-bulegoetan banatzea profesional podologoei<\/a>: farmazia batzuetan ez dakitelako, uko egiten diete zenbait sendagai podologoei emateari; dokumentu hori lagungarria izan daiteke kasu horietan.<\/p>\n<\/div>","protected":false},"excerpt":{"rendered":"<p>[vc_row][vc_column][vc_single_image image=&#8221;18189&#8243; img_size=&#8221;full&#8221; css_animation=&#8221;fadeInUp&#8221;][vc_column_text] Elkargoaren Informazioa Prentsa-Oharrak eta Jakinarazpenak \u2022 260216 Ohiko Batzar Orokorraren deialdia, 2026ko martxoaren 6a. \u2022 250728 Podologia Geriatrikoaren arloko kudeaketa instituzionalei buruzko informazioa \u2022 250220 Ohiko Batzar Orokorraren deialdia, 2025eko martxoaren 7a. \u2022 250212 Osasun Sailaren elgorriari buruzko informazio-oharra \u2022 250107 Ezohiko Batzar Orokorraren deialdia, 2025eko urtarrilaren 24a. \u2022 240208 2024ko&hellip;<\/p>\n","protected":false},"author":1,"featured_media":0,"parent":0,"menu_order":0,"comment_status":"closed","ping_status":"closed","template":"","meta":{"footnotes":""},"class_list":["post-18852","page","type-page","status-publish","hentry","description-off"],"yoast_head":"<!-- This site is optimized with the Yoast SEO plugin v27.5 - https:\/\/yoast.com\/product\/yoast-seo-wordpress\/ -->\n<title>Prentsa-oharrak eta jakinarazpenak - Colegio Oficial de Podolog\u00eda de Pa\u00eds Vasco<\/title>\n<meta name=\"robots\" content=\"index, follow, max-snippet:-1, max-image-preview:large, max-video-preview:-1\" \/>\n<link rel=\"canonical\" href=\"https:\/\/podologiaeuskadi.com\/eu\/prentsa-oharrak-eta-iragarkiak\/\" \/>\n<meta property=\"og:locale\" content=\"eu_ES\" \/>\n<meta property=\"og:type\" content=\"article\" \/>\n<meta property=\"og:title\" content=\"Prentsa-oharrak eta jakinarazpenak - Colegio Oficial de Podolog\u00eda de Pa\u00eds Vasco\" \/>\n<meta property=\"og:description\" content=\"[vc_row][vc_column][vc_single_image image=&#8221;18189&#8243; img_size=&#8221;full&#8221; css_animation=&#8221;fadeInUp&#8221;][vc_column_text] Elkargoaren Informazioa Prentsa-Oharrak eta Jakinarazpenak \u2022 260216 Ohiko Batzar Orokorraren deialdia, 2026ko martxoaren 6a. \u2022 250728 Podologia Geriatrikoaren arloko kudeaketa instituzionalei buruzko informazioa \u2022 250220 Ohiko Batzar Orokorraren deialdia, 2025eko martxoaren 7a. \u2022 250212 Osasun Sailaren elgorriari buruzko informazio-oharra \u2022 250107 Ezohiko Batzar Orokorraren deialdia, 2025eko urtarrilaren 24a. \u2022 240208 2024ko&hellip;\" \/>\n<meta property=\"og:url\" content=\"https:\/\/podologiaeuskadi.com\/eu\/prentsa-oharrak-eta-iragarkiak\/\" \/>\n<meta property=\"og:site_name\" content=\"Colegio Oficial de Podolog\u00eda de Pa\u00eds Vasco\" \/>\n<meta property=\"article:publisher\" content=\"https:\/\/www.facebook.com\/ColegioPodologosEuskadi\/\" \/>\n<meta property=\"article:modified_time\" content=\"2026-02-16T09:12:25+00:00\" \/>\n<meta name=\"twitter:card\" content=\"summary_large_image\" \/>\n<meta name=\"twitter:site\" content=\"@CPodologos\" \/>\n<meta name=\"twitter:label1\" content=\"Est. reading time\" \/>\n\t<meta name=\"twitter:data1\" content=\"3 minutes\" \/>\n<script type=\"application\/ld+json\" class=\"yoast-schema-graph\">{\"@context\":\"https:\\\/\\\/schema.org\",\"@graph\":[{\"@type\":\"WebPage\",\"@id\":\"https:\\\/\\\/podologiaeuskadi.com\\\/eu\\\/prentsa-oharrak-eta-iragarkiak\\\/\",\"url\":\"https:\\\/\\\/podologiaeuskadi.com\\\/eu\\\/prentsa-oharrak-eta-iragarkiak\\\/\",\"name\":\"Prentsa-oharrak eta jakinarazpenak - Colegio Oficial de Podolog\u00eda de Pa\u00eds Vasco\",\"isPartOf\":{\"@id\":\"https:\\\/\\\/podologiaeuskadi.com\\\/#website\"},\"datePublished\":\"2023-09-27T17:46:39+00:00\",\"dateModified\":\"2026-02-16T09:12:25+00:00\",\"breadcrumb\":{\"@id\":\"https:\\\/\\\/podologiaeuskadi.com\\\/eu\\\/prentsa-oharrak-eta-iragarkiak\\\/#breadcrumb\"},\"inLanguage\":\"eu-ES\",\"potentialAction\":[{\"@type\":\"ReadAction\",\"target\":[\"https:\\\/\\\/podologiaeuskadi.com\\\/eu\\\/prentsa-oharrak-eta-iragarkiak\\\/\"]}]},{\"@type\":\"BreadcrumbList\",\"@id\":\"https:\\\/\\\/podologiaeuskadi.com\\\/eu\\\/prentsa-oharrak-eta-iragarkiak\\\/#breadcrumb\",\"itemListElement\":[{\"@type\":\"ListItem\",\"position\":1,\"name\":\"Portada\",\"item\":\"https:\\\/\\\/podologiaeuskadi.com\\\/eu\\\/\"},{\"@type\":\"ListItem\",\"position\":2,\"name\":\"Prentsa-oharrak eta jakinarazpenak\"}]},{\"@type\":\"WebSite\",\"@id\":\"https:\\\/\\\/podologiaeuskadi.com\\\/#website\",\"url\":\"https:\\\/\\\/podologiaeuskadi.com\\\/\",\"name\":\"Colegio Oficial de Pod\u00f3logos del Pa\u00eds Vasco\",\"description\":\"Colegio Oficial de Podolog\u00eda de Pa\u00eds Vasco\",\"publisher\":{\"@id\":\"https:\\\/\\\/podologiaeuskadi.com\\\/#organization\"},\"potentialAction\":[{\"@type\":\"SearchAction\",\"target\":{\"@type\":\"EntryPoint\",\"urlTemplate\":\"https:\\\/\\\/podologiaeuskadi.com\\\/?s={search_term_string}\"},\"query-input\":{\"@type\":\"PropertyValueSpecification\",\"valueRequired\":true,\"valueName\":\"search_term_string\"}}],\"inLanguage\":\"eu-ES\"},{\"@type\":\"Organization\",\"@id\":\"https:\\\/\\\/podologiaeuskadi.com\\\/#organization\",\"name\":\"Colegio Oficial de Pod\u00f3logos del Pa\u00eds Vasco\",\"url\":\"https:\\\/\\\/podologiaeuskadi.com\\\/\",\"logo\":{\"@type\":\"ImageObject\",\"inLanguage\":\"eu-ES\",\"@id\":\"https:\\\/\\\/podologiaeuskadi.com\\\/#\\\/schema\\\/logo\\\/image\\\/\",\"url\":\"https:\\\/\\\/podologiaeuskadi.com\\\/wp-content\\\/uploads\\\/2024\\\/04\\\/240423-col-podologos-2.jpg\",\"contentUrl\":\"https:\\\/\\\/podologiaeuskadi.com\\\/wp-content\\\/uploads\\\/2024\\\/04\\\/240423-col-podologos-2.jpg\",\"width\":1660,\"height\":822,\"caption\":\"Colegio Oficial de Pod\u00f3logos del Pa\u00eds Vasco\"},\"image\":{\"@id\":\"https:\\\/\\\/podologiaeuskadi.com\\\/#\\\/schema\\\/logo\\\/image\\\/\"},\"sameAs\":[\"https:\\\/\\\/www.facebook.com\\\/ColegioPodologosEuskadi\\\/\",\"https:\\\/\\\/x.com\\\/CPodologos\",\"https:\\\/\\\/www.youtube.com\\\/@colegiopodologosdelpaisvas9357\"]}]}<\/script>\n<!-- \/ Yoast SEO plugin. -->","yoast_head_json":{"title":"Prentsa-oharrak eta jakinarazpenak - Colegio Oficial de Podolog\u00eda de Pa\u00eds Vasco","robots":{"index":"index","follow":"follow","max-snippet":"max-snippet:-1","max-image-preview":"max-image-preview:large","max-video-preview":"max-video-preview:-1"},"canonical":"https:\/\/podologiaeuskadi.com\/eu\/prentsa-oharrak-eta-iragarkiak\/","og_locale":"eu_ES","og_type":"article","og_title":"Prentsa-oharrak eta jakinarazpenak - Colegio Oficial de Podolog\u00eda de Pa\u00eds Vasco","og_description":"[vc_row][vc_column][vc_single_image image=&#8221;18189&#8243; img_size=&#8221;full&#8221; css_animation=&#8221;fadeInUp&#8221;][vc_column_text] Elkargoaren Informazioa Prentsa-Oharrak eta Jakinarazpenak \u2022 260216 Ohiko Batzar Orokorraren deialdia, 2026ko martxoaren 6a. \u2022 250728 Podologia Geriatrikoaren arloko kudeaketa instituzionalei buruzko informazioa \u2022 250220 Ohiko Batzar Orokorraren deialdia, 2025eko martxoaren 7a. \u2022 250212 Osasun Sailaren elgorriari buruzko informazio-oharra \u2022 250107 Ezohiko Batzar Orokorraren deialdia, 2025eko urtarrilaren 24a. \u2022 240208 2024ko&hellip;","og_url":"https:\/\/podologiaeuskadi.com\/eu\/prentsa-oharrak-eta-iragarkiak\/","og_site_name":"Colegio Oficial de Podolog\u00eda de Pa\u00eds Vasco","article_publisher":"https:\/\/www.facebook.com\/ColegioPodologosEuskadi\/","article_modified_time":"2026-02-16T09:12:25+00:00","twitter_card":"summary_large_image","twitter_site":"@CPodologos","twitter_misc":{"Est. reading time":"3 minutes"},"schema":{"@context":"https:\/\/schema.org","@graph":[{"@type":"WebPage","@id":"https:\/\/podologiaeuskadi.com\/eu\/prentsa-oharrak-eta-iragarkiak\/","url":"https:\/\/podologiaeuskadi.com\/eu\/prentsa-oharrak-eta-iragarkiak\/","name":"Prentsa-oharrak eta jakinarazpenak - Colegio Oficial de Podolog\u00eda de Pa\u00eds Vasco","isPartOf":{"@id":"https:\/\/podologiaeuskadi.com\/#website"},"datePublished":"2023-09-27T17:46:39+00:00","dateModified":"2026-02-16T09:12:25+00:00","breadcrumb":{"@id":"https:\/\/podologiaeuskadi.com\/eu\/prentsa-oharrak-eta-iragarkiak\/#breadcrumb"},"inLanguage":"eu-ES","potentialAction":[{"@type":"ReadAction","target":["https:\/\/podologiaeuskadi.com\/eu\/prentsa-oharrak-eta-iragarkiak\/"]}]},{"@type":"BreadcrumbList","@id":"https:\/\/podologiaeuskadi.com\/eu\/prentsa-oharrak-eta-iragarkiak\/#breadcrumb","itemListElement":[{"@type":"ListItem","position":1,"name":"Portada","item":"https:\/\/podologiaeuskadi.com\/eu\/"},{"@type":"ListItem","position":2,"name":"Prentsa-oharrak eta jakinarazpenak"}]},{"@type":"WebSite","@id":"https:\/\/podologiaeuskadi.com\/#website","url":"https:\/\/podologiaeuskadi.com\/","name":"Colegio Oficial de Pod\u00f3logos del Pa\u00eds Vasco","description":"Colegio Oficial de Podolog\u00eda de Pa\u00eds Vasco","publisher":{"@id":"https:\/\/podologiaeuskadi.com\/#organization"},"potentialAction":[{"@type":"SearchAction","target":{"@type":"EntryPoint","urlTemplate":"https:\/\/podologiaeuskadi.com\/?s={search_term_string}"},"query-input":{"@type":"PropertyValueSpecification","valueRequired":true,"valueName":"search_term_string"}}],"inLanguage":"eu-ES"},{"@type":"Organization","@id":"https:\/\/podologiaeuskadi.com\/#organization","name":"Colegio Oficial de Pod\u00f3logos del Pa\u00eds Vasco","url":"https:\/\/podologiaeuskadi.com\/","logo":{"@type":"ImageObject","inLanguage":"eu-ES","@id":"https:\/\/podologiaeuskadi.com\/#\/schema\/logo\/image\/","url":"https:\/\/podologiaeuskadi.com\/wp-content\/uploads\/2024\/04\/240423-col-podologos-2.jpg","contentUrl":"https:\/\/podologiaeuskadi.com\/wp-content\/uploads\/2024\/04\/240423-col-podologos-2.jpg","width":1660,"height":822,"caption":"Colegio Oficial de Pod\u00f3logos del Pa\u00eds Vasco"},"image":{"@id":"https:\/\/podologiaeuskadi.com\/#\/schema\/logo\/image\/"},"sameAs":["https:\/\/www.facebook.com\/ColegioPodologosEuskadi\/","https:\/\/x.com\/CPodologos","https:\/\/www.youtube.com\/@colegiopodologosdelpaisvas9357"]}]}},"_links":{"self":[{"href":"https:\/\/podologiaeuskadi.com\/eu\/wp-json\/wp\/v2\/pages\/18852","targetHints":{"allow":["GET"]}}],"collection":[{"href":"https:\/\/podologiaeuskadi.com\/eu\/wp-json\/wp\/v2\/pages"}],"about":[{"href":"https:\/\/podologiaeuskadi.com\/eu\/wp-json\/wp\/v2\/types\/page"}],"author":[{"embeddable":true,"href":"https:\/\/podologiaeuskadi.com\/eu\/wp-json\/wp\/v2\/users\/1"}],"replies":[{"embeddable":true,"href":"https:\/\/podologiaeuskadi.com\/eu\/wp-json\/wp\/v2\/comments?post=18852"}],"version-history":[{"count":6,"href":"https:\/\/podologiaeuskadi.com\/eu\/wp-json\/wp\/v2\/pages\/18852\/revisions"}],"predecessor-version":[{"id":22608,"href":"https:\/\/podologiaeuskadi.com\/eu\/wp-json\/wp\/v2\/pages\/18852\/revisions\/22608"}],"wp:attachment":[{"href":"https:\/\/podologiaeuskadi.com\/eu\/wp-json\/wp\/v2\/media?parent=18852"}],"curies":[{"name":"wp","href":"https:\/\/api.w.org\/{rel}","templated":true}]}}