{"id":20884,"date":"2024-09-13T12:59:46","date_gmt":"2024-09-13T10:59:46","guid":{"rendered":"https:\/\/podologiaeuskadi.com\/farmakologia-eta-anestesia\/"},"modified":"2024-10-25T11:41:40","modified_gmt":"2024-10-25T09:41:40","slug":"farmakologia-eta-anestesia","status":"publish","type":"page","link":"https:\/\/podologiaeuskadi.com\/eu\/farmakologia-eta-anestesia\/","title":{"rendered":"Farmakologia eta Anestesia"},"content":{"rendered":"<div class=\"wpb-content-wrapper\"><p>[vc_row][vc_column][vc_single_image image=&#8221;18221&#8243; img_size=&#8221;full&#8221; css_animation=&#8221;fadeInUp&#8221; css=&#8221;&#8221;][vc_column_text css=&#8221;&#8221;]<\/p>\n<h1>Farmakologia eta Anestesia<\/h1>\n<p>&nbsp;<\/p>\n<h2><strong>Farmakologia<\/strong><\/h2>\n<p>\u2022 <a href=\"https:\/\/podologiaeuskadi.com\/wp-content\/uploads\/2024\/09\/Guia-farmacologica-Podologia-2016.pdf\" target=\"_blank\" rel=\"noopener\"><strong>2026ko VADEMECUM 2016<\/strong><\/a><\/p>\n<p>\u2022 <strong>Bleomicina podologian<\/strong> diluzioa kontserbatzeko eta emateko <a href=\"https:\/\/podologiaeuskadi.com\/wp-content\/uploads\/2024\/09\/Guia-de-conservacion-dilucion-y-administracion-de-Bleomicina-en-Podologia.pdf\" target=\"_blank\" rel=\"noopener\"><strong>Gida<\/strong><\/a>.<\/p>\n<p>\u2022 Podologiako <strong>sendagai indibidualizatuak formulatzeko<\/strong> eskuliburua <a href=\"https:\/\/podologiaeuskadi.com\/wp-content\/uploads\/2024\/09\/Manual-de-formulacion-de-medicamentos-individualizados-en-podologia-2017-Acofarma-.pdf\" target=\"_blank\" rel=\"noopener\"><strong>eskuliburua<\/strong><\/a> -2017-Acofarma.<\/p>\n<p>\u2022 <strong><a href=\"https:\/\/podologiaeuskadi.com\/wp-content\/uploads\/2024\/09\/Farmacologia-de-Urgencias-en-Clinica-Podologica.pdf\" target=\"_blank\" rel=\"noopener\">Larrialdietako farmakologia<\/a> Klinika Podologikoan<\/strong><\/p>\n<p>&nbsp;<\/p>\n<p>&nbsp;<\/p>\n<h2><strong>Anestesia<\/strong><\/h2>\n<p>\u2022 240907 <a href=\"https:\/\/podologiaeuskadi.com\/wp-content\/uploads\/2024\/09\/240729-E303-Consejo-AEMPS-Venta-directa-Laboratorios-a-Podologos-Anestesia-N01BB.pdf\" target=\"_blank\" rel=\"noopener\"><strong>AEMPS- Ebazpena<\/strong><\/a> &#8211; <strong>N01BB Anestesiko lokalak<\/strong> <strong>zuzenean saldu<\/strong> ahal izango dizkiete <strong>laborategiek eta handizkako biltegiek podologoei<\/strong><\/p>\n<p>\u2022 191230 <strong><a href=\"https:\/\/podologiaeuskadi.com\/wp-content\/uploads\/2024\/09\/191230-Procedimiento-de-analgesia-en-Consulta-de-Podologia.pdf\" target=\"_blank\" rel=\"noopener\">Analgesia-prozedura<\/a><\/strong> Podologiako Kontsultan<\/p>\n<p>\u2022 191230 <strong><a href=\"https:\/\/podologiaeuskadi.com\/wp-content\/uploads\/2024\/09\/191230-Procedimiento-de-anestesia.pdf\" target=\"_blank\" rel=\"noopener\">Anestesiarako prozedura<\/a><\/strong><\/p>\n<p>\u2022 170905 AMPSen <a href=\"https:\/\/podologiaeuskadi.com\/wp-content\/uploads\/2024\/09\/170509-AEMPS-Resolucion-venta-odontologia-podologiaWebsi.pdf\" target=\"_blank\" rel=\"noopener\"><strong>Ebazpena<\/strong> <\/a>podologoei anestesia saldu eta hornitzeari buruzkoa<\/p>\n<p>\u2022 N01BB\u00a0 Anestesiko lokaleei buruzko <a href=\"https:\/\/podologiaeuskadi.com\/wp-content\/uploads\/2024\/09\/N01BB-1.pdf\" target=\"_blank\" rel=\"noopener\"><strong>Informazioa\u00a0<\/strong><\/a><\/p>\n<p>\u2022 NA01B &#8211; Podologian erabiltzeko gida farmakologikoa <a href=\"https:\/\/podologiaeuskadi.com\/wp-content\/uploads\/2024\/09\/N01B-Guia-Farmacologica-de-utilizacion-en-podologia-2016.pdf\" target=\"_blank\" rel=\"noopener\"><strong>Gida<\/strong><\/a> -2016[\/vc_column_text][\/vc_column][\/vc_row]<\/p>\n<\/div>","protected":false},"excerpt":{"rendered":"<p>[vc_row][vc_column][vc_single_image image=&#8221;18221&#8243; img_size=&#8221;full&#8221; css_animation=&#8221;fadeInUp&#8221; css=&#8221;&#8221;][vc_column_text css=&#8221;&#8221;] Farmakologia eta Anestesia &nbsp; Farmakologia \u2022 2026ko VADEMECUM 2016 \u2022 Bleomicina podologian diluzioa kontserbatzeko eta emateko Gida. \u2022 Podologiako sendagai indibidualizatuak formulatzeko eskuliburua eskuliburua -2017-Acofarma. \u2022 Larrialdietako farmakologia Klinika Podologikoan &nbsp; &nbsp; Anestesia \u2022 240907 AEMPS- Ebazpena &#8211; N01BB Anestesiko lokalak zuzenean saldu ahal izango dizkiete laborategiek eta handizkako&hellip;<\/p>\n","protected":false},"author":2798,"featured_media":0,"parent":0,"menu_order":0,"comment_status":"closed","ping_status":"closed","template":"","meta":{"footnotes":""},"class_list":["post-20884","page","type-page","status-publish","hentry","description-off"],"yoast_head":"<!-- This site is optimized with the Yoast SEO plugin v27.4 - https:\/\/yoast.com\/product\/yoast-seo-wordpress\/ -->\n<title>Farmakologia eta Anestesia - Colegio Oficial de Podolog\u00eda de Pa\u00eds Vasco<\/title>\n<meta name=\"robots\" content=\"index, follow, max-snippet:-1, max-image-preview:large, max-video-preview:-1\" \/>\n<link rel=\"canonical\" href=\"https:\/\/podologiaeuskadi.com\/eu\/farmakologia-eta-anestesia\/\" \/>\n<meta property=\"og:locale\" content=\"eu_ES\" \/>\n<meta property=\"og:type\" content=\"article\" \/>\n<meta property=\"og:title\" content=\"Farmakologia eta Anestesia - Colegio Oficial de Podolog\u00eda de Pa\u00eds Vasco\" \/>\n<meta property=\"og:description\" content=\"[vc_row][vc_column][vc_single_image image=&#8221;18221&#8243; img_size=&#8221;full&#8221; css_animation=&#8221;fadeInUp&#8221; css=&#8221;&#8221;][vc_column_text css=&#8221;&#8221;] Farmakologia eta Anestesia &nbsp; Farmakologia \u2022 2026ko VADEMECUM 2016 \u2022 Bleomicina podologian diluzioa kontserbatzeko eta emateko Gida. \u2022 Podologiako sendagai indibidualizatuak formulatzeko eskuliburua eskuliburua -2017-Acofarma. \u2022 Larrialdietako farmakologia Klinika Podologikoan &nbsp; &nbsp; Anestesia \u2022 240907 AEMPS- Ebazpena &#8211; N01BB Anestesiko lokalak zuzenean saldu ahal izango dizkiete laborategiek eta handizkako&hellip;\" \/>\n<meta property=\"og:url\" content=\"https:\/\/podologiaeuskadi.com\/eu\/farmakologia-eta-anestesia\/\" \/>\n<meta property=\"og:site_name\" content=\"Colegio Oficial de Podolog\u00eda de Pa\u00eds Vasco\" \/>\n<meta property=\"article:publisher\" content=\"https:\/\/www.facebook.com\/ColegioPodologosEuskadi\/\" \/>\n<meta property=\"article:modified_time\" content=\"2024-10-25T09:41:40+00:00\" \/>\n<meta name=\"twitter:card\" content=\"summary_large_image\" \/>\n<meta name=\"twitter:site\" content=\"@CPodologos\" \/>\n<meta name=\"twitter:label1\" content=\"Est. reading time\" \/>\n\t<meta name=\"twitter:data1\" content=\"1 minute\" \/>\n<script type=\"application\/ld+json\" class=\"yoast-schema-graph\">{\"@context\":\"https:\\\/\\\/schema.org\",\"@graph\":[{\"@type\":\"WebPage\",\"@id\":\"https:\\\/\\\/podologiaeuskadi.com\\\/eu\\\/farmakologia-eta-anestesia\\\/\",\"url\":\"https:\\\/\\\/podologiaeuskadi.com\\\/eu\\\/farmakologia-eta-anestesia\\\/\",\"name\":\"Farmakologia eta Anestesia - Colegio Oficial de Podolog\u00eda de Pa\u00eds Vasco\",\"isPartOf\":{\"@id\":\"https:\\\/\\\/podologiaeuskadi.com\\\/#website\"},\"datePublished\":\"2024-09-13T10:59:46+00:00\",\"dateModified\":\"2024-10-25T09:41:40+00:00\",\"breadcrumb\":{\"@id\":\"https:\\\/\\\/podologiaeuskadi.com\\\/eu\\\/farmakologia-eta-anestesia\\\/#breadcrumb\"},\"inLanguage\":\"eu-ES\",\"potentialAction\":[{\"@type\":\"ReadAction\",\"target\":[\"https:\\\/\\\/podologiaeuskadi.com\\\/eu\\\/farmakologia-eta-anestesia\\\/\"]}]},{\"@type\":\"BreadcrumbList\",\"@id\":\"https:\\\/\\\/podologiaeuskadi.com\\\/eu\\\/farmakologia-eta-anestesia\\\/#breadcrumb\",\"itemListElement\":[{\"@type\":\"ListItem\",\"position\":1,\"name\":\"Portada\",\"item\":\"https:\\\/\\\/podologiaeuskadi.com\\\/eu\\\/\"},{\"@type\":\"ListItem\",\"position\":2,\"name\":\"Farmakologia eta Anestesia\"}]},{\"@type\":\"WebSite\",\"@id\":\"https:\\\/\\\/podologiaeuskadi.com\\\/#website\",\"url\":\"https:\\\/\\\/podologiaeuskadi.com\\\/\",\"name\":\"Colegio Oficial de Pod\u00f3logos del Pa\u00eds Vasco\",\"description\":\"Colegio Oficial de Podolog\u00eda de Pa\u00eds Vasco\",\"publisher\":{\"@id\":\"https:\\\/\\\/podologiaeuskadi.com\\\/#organization\"},\"potentialAction\":[{\"@type\":\"SearchAction\",\"target\":{\"@type\":\"EntryPoint\",\"urlTemplate\":\"https:\\\/\\\/podologiaeuskadi.com\\\/?s={search_term_string}\"},\"query-input\":{\"@type\":\"PropertyValueSpecification\",\"valueRequired\":true,\"valueName\":\"search_term_string\"}}],\"inLanguage\":\"eu-ES\"},{\"@type\":\"Organization\",\"@id\":\"https:\\\/\\\/podologiaeuskadi.com\\\/#organization\",\"name\":\"Colegio Oficial de Pod\u00f3logos del Pa\u00eds Vasco\",\"url\":\"https:\\\/\\\/podologiaeuskadi.com\\\/\",\"logo\":{\"@type\":\"ImageObject\",\"inLanguage\":\"eu-ES\",\"@id\":\"https:\\\/\\\/podologiaeuskadi.com\\\/#\\\/schema\\\/logo\\\/image\\\/\",\"url\":\"https:\\\/\\\/podologiaeuskadi.com\\\/wp-content\\\/uploads\\\/2024\\\/04\\\/240423-col-podologos-2.jpg\",\"contentUrl\":\"https:\\\/\\\/podologiaeuskadi.com\\\/wp-content\\\/uploads\\\/2024\\\/04\\\/240423-col-podologos-2.jpg\",\"width\":1660,\"height\":822,\"caption\":\"Colegio Oficial de Pod\u00f3logos del Pa\u00eds Vasco\"},\"image\":{\"@id\":\"https:\\\/\\\/podologiaeuskadi.com\\\/#\\\/schema\\\/logo\\\/image\\\/\"},\"sameAs\":[\"https:\\\/\\\/www.facebook.com\\\/ColegioPodologosEuskadi\\\/\",\"https:\\\/\\\/x.com\\\/CPodologos\",\"https:\\\/\\\/www.youtube.com\\\/@colegiopodologosdelpaisvas9357\"]}]}<\/script>\n<!-- \/ Yoast SEO plugin. -->","yoast_head_json":{"title":"Farmakologia eta Anestesia - Colegio Oficial de Podolog\u00eda de Pa\u00eds Vasco","robots":{"index":"index","follow":"follow","max-snippet":"max-snippet:-1","max-image-preview":"max-image-preview:large","max-video-preview":"max-video-preview:-1"},"canonical":"https:\/\/podologiaeuskadi.com\/eu\/farmakologia-eta-anestesia\/","og_locale":"eu_ES","og_type":"article","og_title":"Farmakologia eta Anestesia - Colegio Oficial de Podolog\u00eda de Pa\u00eds Vasco","og_description":"[vc_row][vc_column][vc_single_image image=&#8221;18221&#8243; img_size=&#8221;full&#8221; css_animation=&#8221;fadeInUp&#8221; css=&#8221;&#8221;][vc_column_text css=&#8221;&#8221;] Farmakologia eta Anestesia &nbsp; Farmakologia \u2022 2026ko VADEMECUM 2016 \u2022 Bleomicina podologian diluzioa kontserbatzeko eta emateko Gida. \u2022 Podologiako sendagai indibidualizatuak formulatzeko eskuliburua eskuliburua -2017-Acofarma. \u2022 Larrialdietako farmakologia Klinika Podologikoan &nbsp; &nbsp; Anestesia \u2022 240907 AEMPS- Ebazpena &#8211; N01BB Anestesiko lokalak zuzenean saldu ahal izango dizkiete laborategiek eta handizkako&hellip;","og_url":"https:\/\/podologiaeuskadi.com\/eu\/farmakologia-eta-anestesia\/","og_site_name":"Colegio Oficial de Podolog\u00eda de Pa\u00eds Vasco","article_publisher":"https:\/\/www.facebook.com\/ColegioPodologosEuskadi\/","article_modified_time":"2024-10-25T09:41:40+00:00","twitter_card":"summary_large_image","twitter_site":"@CPodologos","twitter_misc":{"Est. reading time":"1 minute"},"schema":{"@context":"https:\/\/schema.org","@graph":[{"@type":"WebPage","@id":"https:\/\/podologiaeuskadi.com\/eu\/farmakologia-eta-anestesia\/","url":"https:\/\/podologiaeuskadi.com\/eu\/farmakologia-eta-anestesia\/","name":"Farmakologia eta Anestesia - Colegio Oficial de Podolog\u00eda de Pa\u00eds Vasco","isPartOf":{"@id":"https:\/\/podologiaeuskadi.com\/#website"},"datePublished":"2024-09-13T10:59:46+00:00","dateModified":"2024-10-25T09:41:40+00:00","breadcrumb":{"@id":"https:\/\/podologiaeuskadi.com\/eu\/farmakologia-eta-anestesia\/#breadcrumb"},"inLanguage":"eu-ES","potentialAction":[{"@type":"ReadAction","target":["https:\/\/podologiaeuskadi.com\/eu\/farmakologia-eta-anestesia\/"]}]},{"@type":"BreadcrumbList","@id":"https:\/\/podologiaeuskadi.com\/eu\/farmakologia-eta-anestesia\/#breadcrumb","itemListElement":[{"@type":"ListItem","position":1,"name":"Portada","item":"https:\/\/podologiaeuskadi.com\/eu\/"},{"@type":"ListItem","position":2,"name":"Farmakologia eta Anestesia"}]},{"@type":"WebSite","@id":"https:\/\/podologiaeuskadi.com\/#website","url":"https:\/\/podologiaeuskadi.com\/","name":"Colegio Oficial de Pod\u00f3logos del Pa\u00eds Vasco","description":"Colegio Oficial de Podolog\u00eda de Pa\u00eds Vasco","publisher":{"@id":"https:\/\/podologiaeuskadi.com\/#organization"},"potentialAction":[{"@type":"SearchAction","target":{"@type":"EntryPoint","urlTemplate":"https:\/\/podologiaeuskadi.com\/?s={search_term_string}"},"query-input":{"@type":"PropertyValueSpecification","valueRequired":true,"valueName":"search_term_string"}}],"inLanguage":"eu-ES"},{"@type":"Organization","@id":"https:\/\/podologiaeuskadi.com\/#organization","name":"Colegio Oficial de Pod\u00f3logos del Pa\u00eds Vasco","url":"https:\/\/podologiaeuskadi.com\/","logo":{"@type":"ImageObject","inLanguage":"eu-ES","@id":"https:\/\/podologiaeuskadi.com\/#\/schema\/logo\/image\/","url":"https:\/\/podologiaeuskadi.com\/wp-content\/uploads\/2024\/04\/240423-col-podologos-2.jpg","contentUrl":"https:\/\/podologiaeuskadi.com\/wp-content\/uploads\/2024\/04\/240423-col-podologos-2.jpg","width":1660,"height":822,"caption":"Colegio Oficial de Pod\u00f3logos del Pa\u00eds Vasco"},"image":{"@id":"https:\/\/podologiaeuskadi.com\/#\/schema\/logo\/image\/"},"sameAs":["https:\/\/www.facebook.com\/ColegioPodologosEuskadi\/","https:\/\/x.com\/CPodologos","https:\/\/www.youtube.com\/@colegiopodologosdelpaisvas9357"]}]}},"_links":{"self":[{"href":"https:\/\/podologiaeuskadi.com\/eu\/wp-json\/wp\/v2\/pages\/20884","targetHints":{"allow":["GET"]}}],"collection":[{"href":"https:\/\/podologiaeuskadi.com\/eu\/wp-json\/wp\/v2\/pages"}],"about":[{"href":"https:\/\/podologiaeuskadi.com\/eu\/wp-json\/wp\/v2\/types\/page"}],"author":[{"embeddable":true,"href":"https:\/\/podologiaeuskadi.com\/eu\/wp-json\/wp\/v2\/users\/2798"}],"replies":[{"embeddable":true,"href":"https:\/\/podologiaeuskadi.com\/eu\/wp-json\/wp\/v2\/comments?post=20884"}],"version-history":[{"count":4,"href":"https:\/\/podologiaeuskadi.com\/eu\/wp-json\/wp\/v2\/pages\/20884\/revisions"}],"predecessor-version":[{"id":21103,"href":"https:\/\/podologiaeuskadi.com\/eu\/wp-json\/wp\/v2\/pages\/20884\/revisions\/21103"}],"wp:attachment":[{"href":"https:\/\/podologiaeuskadi.com\/eu\/wp-json\/wp\/v2\/media?parent=20884"}],"curies":[{"name":"wp","href":"https:\/\/api.w.org\/{rel}","templated":true}]}}